{"id":102516,"date":"2024-05-14T16:04:57","date_gmt":"2024-05-14T14:04:57","guid":{"rendered":"https:\/\/watchdeluxe.it\/prodotto\/longines-mini-dolcevita-ref-l52004710\/"},"modified":"2024-05-14T16:04:57","modified_gmt":"2024-05-14T14:04:57","slug":"longines-mini-dolcevita-ref-l52004710","status":"publish","type":"product","link":"https:\/\/watchdeluxe.it\/es\/prodotto\/longines-mini-dolcevita-ref-l52004710\/","title":{"rendered":"Longines mini Dolcevita ref. L52004710"},"content":{"rendered":"<p>Longines mini Dolcevita ref. L52004710<\/p>\n<p><b>Movimiento:<\/b> Cuarzo<br \/>\n<b>Esfera:<\/b> Plateada<br \/>\n<b>Indicadores:<\/b> n\u00fameros romanos e \u00edndices<br \/>\n<b>Caja:<\/b> Acero inoxidable<br \/>\n<b>Tama\u00f1o:<\/b> 29 mm<br \/>\n<b>Pulsera\/Correa:<\/b> Cuero<br \/>\n<b>Estanqueidad:<\/b> 3 bar<br \/>\n<b>Cristal:<\/b> cristal de zafiro resistente a los ara\u00f1azos con revestimiento antirreflectante multicapa en ambas caras<br \/>\n<b>Sexo:<\/b> Mujer<br \/>\n<b>Periodo de garant\u00eda:<\/b> 2 a\u00f1os<\/p>\n","protected":false},"excerpt":{"rendered":"<p>Longines mini Dolcevita ref. L52004710 Movimiento: Cuarzo Esfera: Plateada Indicadores: n\u00fameros romanos e \u00edndices Caja: Acero inoxidable Tama\u00f1o: 29 mm Pulsera\/Correa: Cuero Estanqueidad: 3 bar Cristal: cristal de zafiro resistente a los ara\u00f1azos con revestimiento antirreflectante multicapa en ambas caras Sexo: Mujer Periodo de garant\u00eda: 2 a\u00f1os<\/p>\n","protected":false},"featured_media":102510,"template":"","meta":{"_crdt_document":"","advanced_seo_description":"","jetpack_seo_html_title":"","jetpack_seo_noindex":false},"product_brand":[2151],"product_cat":[2187],"product_tag":[3082],"berocket_brand":[],"woo-feed-brand":[],"class_list":{"0":"post-102516","1":"product","2":"type-product","3":"status-publish","4":"has-post-thumbnail","6":"product_brand-longines","7":"product_cat-longines-es","8":"product_tag-cuello-alto","10":"first","11":"instock","12":"sale","13":"taxable","14":"shipping-taxable","15":"purchasable","16":"product-type-simple"},"bundled_by":[],"bundle_stock_status":"instock","bundle_stock_quantity":1,"bundle_virtual":false,"bundle_layout":"","bundle_add_to_cart_form_location":"","bundle_editable_in_cart":false,"bundle_sold_individually_context":"","bundle_item_grouping":"","bundle_min_size":"","bundle_max_size":"","bundle_price":[],"bundled_items":[],"bundle_sell_ids":[],"group_of_quantity":0,"min_quantity":0,"max_quantity":"","exclude_order_quantity_value_rules":"no","exclude_category_quantity_rules":"no","combine_variations":"no","exclude_global_add_ons":[],"addons":[],"jetpack_sharing_enabled":true,"jetpack_likes_enabled":true,"_links":{"self":[{"href":"https:\/\/watchdeluxe.it\/es\/wp-json\/wp\/v2\/product\/102516","targetHints":{"allow":["GET"]}}],"collection":[{"href":"https:\/\/watchdeluxe.it\/es\/wp-json\/wp\/v2\/product"}],"about":[{"href":"https:\/\/watchdeluxe.it\/es\/wp-json\/wp\/v2\/types\/product"}],"wp:featuredmedia":[{"embeddable":true,"href":"https:\/\/watchdeluxe.it\/es\/wp-json\/wp\/v2\/media\/102510"}],"wp:attachment":[{"href":"https:\/\/watchdeluxe.it\/es\/wp-json\/wp\/v2\/media?parent=102516"}],"wp:term":[{"taxonomy":"product_brand","embeddable":true,"href":"https:\/\/watchdeluxe.it\/es\/wp-json\/wp\/v2\/product_brand?post=102516"},{"taxonomy":"product_cat","embeddable":true,"href":"https:\/\/watchdeluxe.it\/es\/wp-json\/wp\/v2\/product_cat?post=102516"},{"taxonomy":"product_tag","embeddable":true,"href":"https:\/\/watchdeluxe.it\/es\/wp-json\/wp\/v2\/product_tag?post=102516"},{"taxonomy":"berocket_brand","embeddable":true,"href":"https:\/\/watchdeluxe.it\/es\/wp-json\/wp\/v2\/berocket_brand?post=102516"},{"taxonomy":"woo-feed-brand","embeddable":true,"href":"https:\/\/watchdeluxe.it\/es\/wp-json\/wp\/v2\/woo-feed-brand?post=102516"}],"curies":[{"name":"wp","href":"https:\/\/api.w.org\/{rel}","templated":true}]}}