{"id":101071,"date":"2024-04-19T16:43:26","date_gmt":"2024-04-19T14:43:26","guid":{"rendered":"https:\/\/watchdeluxe.it\/prodotto\/hublot-classic-fusion-king-gold-azul-ref-581-ox-7180-lr\/"},"modified":"2026-01-20T15:18:07","modified_gmt":"2026-01-20T14:18:07","slug":"hublot-classic-fusion-king-gold-azul-ref-581-ox-7180-lr","status":"publish","type":"product","link":"https:\/\/watchdeluxe.it\/es\/prodotto\/hublot-classic-fusion-king-gold-azul-ref-581-ox-7180-lr\/","title":{"rendered":"Hublot Classic fusi\u00f3n King Gold azul ref. 581.OX.7180.LR"},"content":{"rendered":"<p>Hublot Classic fusi\u00f3n King Gold azul ref. 581.OX.7180.LR<\/p>\n<div class=\"row\">\n<div class=\"col-5 col-lg-4\">Colecci\u00f3n<\/div>\n<div class=\"col-7 col-lg-8\">FUSI\u00d3N CL\u00c1SICA<\/div>\n<\/div>\n<div class=\"row\">\n<div class=\"col-5 col-lg-4\">Tipo<\/div>\n<div class=\"col-7 col-lg-8\">SOLO TIEMPO<\/div>\n<\/div>\n<div class=\"row\">\n<div class=\"col-5 col-lg-4\">Movimiento<\/div>\n<div class=\"col-7 col-lg-8\">Cuarzo<\/div>\n<\/div>\n<div class=\"row\">\n<div class=\"col-5 col-lg-4\">Dimensiones del malet\u00edn<\/div>\n<div class=\"col-7 col-lg-8\">\u00d8 33 MM<\/div>\n<\/div>\n<div class=\"row\">\n<div class=\"col-5 col-lg-4\">Material<\/div>\n<div class=\"col-7 col-lg-8\">Rey Oro<\/div>\n<\/div>\n<div class=\"row\">\n<div class=\"col-5 col-lg-4\">Correa<\/div>\n<div class=\"col-7 col-lg-8\">Goma\/cuero<\/div>\n<\/div>\n<div class=\"row\">\n<div class=\"col-5 col-lg-4\">Impermeable<\/div>\n<div class=\"col-7 col-lg-8\">5 ATM<\/div>\n<\/div>\n<div class=\"row\">\n<div class=\"col-5 col-lg-4\">Marque<\/div>\n<div class=\"col-7 col-lg-8\">azul<\/div>\n<\/div>\n<div class=\"row\">\n<div class=\"col-5 col-lg-4\">Vidrio<\/div>\n<div class=\"col-7 col-lg-8\">SAPFIRE<\/div>\n<\/div>\n<div class=\"row\">\n<div class=\"col-5 col-lg-4\">Cerrar<\/div>\n<div class=\"col-7 col-lg-8\">DESPLIEGUE<\/div>\n<\/div>\n<div class=\"row\">\n<div class=\"col-5 col-lg-4\">C\u00f3digo<\/div>\n<div class=\"col-7 col-lg-8\">581.OX.7180.RX<\/div>\n<\/div>\n","protected":false},"excerpt":{"rendered":"<p>Hublot Classic fusi\u00f3n King Gold azul ref. 581.OX.7180.LR Colecci\u00f3n FUSI\u00d3N CL\u00c1SICA Tipo SOLO TIEMPO Movimiento Cuarzo Dimensiones del malet\u00edn \u00d8 33 MM Material Rey Oro Correa Goma\/cuero Impermeable 5 ATM Marque azul Vidrio SAPFIRE Cerrar DESPLIEGUE C\u00f3digo 581.OX.7180.RX<\/p>\n","protected":false},"featured_media":101065,"template":"","meta":{"_crdt_document":"","advanced_seo_description":"","jetpack_seo_html_title":"","jetpack_seo_noindex":false},"product_brand":[2149],"product_cat":[2225],"product_tag":[2232],"berocket_brand":[],"woo-feed-brand":[],"class_list":{"0":"post-101071","1":"product","2":"type-product","3":"status-publish","4":"has-post-thumbnail","6":"product_brand-hublot","7":"product_cat-hublot-es","8":"product_tag-fusion-clasica","10":"first","11":"instock","12":"sale","13":"taxable","14":"shipping-taxable","15":"purchasable","16":"product-type-simple"},"bundled_by":[],"bundle_stock_status":"instock","bundle_stock_quantity":1,"bundle_virtual":false,"bundle_layout":"","bundle_add_to_cart_form_location":"","bundle_editable_in_cart":false,"bundle_sold_individually_context":"","bundle_item_grouping":"","bundle_min_size":"","bundle_max_size":"","bundle_price":[],"bundled_items":[],"bundle_sell_ids":[],"group_of_quantity":0,"min_quantity":0,"max_quantity":"","exclude_order_quantity_value_rules":"no","exclude_category_quantity_rules":"no","combine_variations":"no","exclude_global_add_ons":[],"addons":[],"jetpack_sharing_enabled":true,"jetpack_likes_enabled":true,"_links":{"self":[{"href":"https:\/\/watchdeluxe.it\/es\/wp-json\/wp\/v2\/product\/101071","targetHints":{"allow":["GET"]}}],"collection":[{"href":"https:\/\/watchdeluxe.it\/es\/wp-json\/wp\/v2\/product"}],"about":[{"href":"https:\/\/watchdeluxe.it\/es\/wp-json\/wp\/v2\/types\/product"}],"wp:featuredmedia":[{"embeddable":true,"href":"https:\/\/watchdeluxe.it\/es\/wp-json\/wp\/v2\/media\/101065"}],"wp:attachment":[{"href":"https:\/\/watchdeluxe.it\/es\/wp-json\/wp\/v2\/media?parent=101071"}],"wp:term":[{"taxonomy":"product_brand","embeddable":true,"href":"https:\/\/watchdeluxe.it\/es\/wp-json\/wp\/v2\/product_brand?post=101071"},{"taxonomy":"product_cat","embeddable":true,"href":"https:\/\/watchdeluxe.it\/es\/wp-json\/wp\/v2\/product_cat?post=101071"},{"taxonomy":"product_tag","embeddable":true,"href":"https:\/\/watchdeluxe.it\/es\/wp-json\/wp\/v2\/product_tag?post=101071"},{"taxonomy":"berocket_brand","embeddable":true,"href":"https:\/\/watchdeluxe.it\/es\/wp-json\/wp\/v2\/berocket_brand?post=101071"},{"taxonomy":"woo-feed-brand","embeddable":true,"href":"https:\/\/watchdeluxe.it\/es\/wp-json\/wp\/v2\/woo-feed-brand?post=101071"}],"curies":[{"name":"wp","href":"https:\/\/api.w.org\/{rel}","templated":true}]}}