{"id":101032,"date":"2025-11-04T15:18:27","date_gmt":"2025-11-04T14:18:27","guid":{"rendered":"https:\/\/watchdeluxe.it\/prodotto\/hublot-classic-fusion-titanio-diamantes-azules-ref-565-nx-7170-rx-1204\/"},"modified":"2026-04-15T09:59:11","modified_gmt":"2026-04-15T07:59:11","slug":"hublot-classic-fusion-titanio-diamantes-azules-ref-565-nx-7170-rx-1204","status":"publish","type":"product","link":"https:\/\/watchdeluxe.it\/es\/prodotto\/hublot-classic-fusion-titanio-diamantes-azules-ref-565-nx-7170-rx-1204\/","title":{"rendered":"Hublot Classic fusi\u00f3n titanio Diamantes azules ref. 565.NX.7170.RX.1204"},"content":{"rendered":"<p>Hublot Classic fusi\u00f3n titanio Diamantes azules ref. 565.NX.7170.RX.1204<\/p>\n<div class=\"row\">\n<div class=\"col-5 col-lg-4\">Marca<\/div>\n<div class=\"col-7 col-lg-8\">HUBLOT<\/div>\n<\/div>\n<div class=\"row\">\n<div class=\"col-5 col-lg-4\">Colecci\u00f3n<\/div>\n<div class=\"col-7 col-lg-8\">FUSI\u00d3N CL\u00c1SICA<\/div>\n<\/div>\n<div class=\"row\">\n<div class=\"col-5 col-lg-4\">Tipo<\/div>\n<div class=\"col-7 col-lg-8\">SOLO TIEMPO<\/div>\n<\/div>\n<div class=\"row\">\n<div class=\"col-5 col-lg-4\">Movimiento<\/div>\n<div class=\"col-7 col-lg-8\">Autom\u00e1tico<\/div>\n<\/div>\n<div class=\"row\">\n<div class=\"col-5 col-lg-4\">Dimensiones del malet\u00edn<\/div>\n<div class=\"col-7 col-lg-8\">\u00d8 38 MM<\/div>\n<\/div>\n<div class=\"row\">\n<div class=\"col-5 col-lg-4\">Material<\/div>\n<div class=\"col-7 col-lg-8\">Titanio<\/div>\n<\/div>\n<div class=\"row\">\n<div class=\"col-5 col-lg-4\">Correa<\/div>\n<div class=\"col-7 col-lg-8\">Goma<\/div>\n<\/div>\n<div class=\"row\">\n<div class=\"col-5 col-lg-4\">Impermeable<\/div>\n<div class=\"col-7 col-lg-8\">5 ATM<\/div>\n<\/div>\n<div class=\"row\">\n<div class=\"col-5 col-lg-4\">Marque<\/div>\n<div class=\"col-7 col-lg-8\">azul<\/div>\n<\/div>\n<div class=\"row\">\n<div class=\"col-5 col-lg-4\">Vidrio<\/div>\n<div class=\"col-7 col-lg-8\">SAPFIRE<\/div>\n<\/div>\n<div class=\"row\">\n<div class=\"col-5 col-lg-4\">Cerrar<\/div>\n<div class=\"col-7 col-lg-8\">DESPLIEGUE<\/div>\n<\/div>\n<div class=\"row\">\n<div class=\"col-7 col-lg-8\"><\/div>\n<\/div>\n","protected":false},"excerpt":{"rendered":"<p>Hublot Classic fusi\u00f3n titanio Diamantes azules ref. 565.NX.7170.RX.1204 Marca HUBLOT Colecci\u00f3n FUSI\u00d3N CL\u00c1SICA Tipo SOLO TIEMPO Movimiento Autom\u00e1tico Dimensiones del malet\u00edn \u00d8 38 MM Material Titanio Correa Goma Impermeable 5 ATM Marque azul Vidrio SAPFIRE Cerrar DESPLIEGUE<\/p>\n","protected":false},"featured_media":175815,"template":"","meta":{"_crdt_document":"","advanced_seo_description":"","jetpack_seo_html_title":"","jetpack_seo_noindex":false},"product_brand":[],"product_cat":[1917],"product_tag":[3889],"berocket_brand":[],"woo-feed-brand":[],"class_list":{"0":"post-101032","1":"product","2":"type-product","3":"status-publish","4":"has-post-thumbnail","6":"product_cat-hublot","7":"product_tag-classic-fusion-2","9":"first","10":"instock","11":"sale","12":"taxable","13":"shipping-taxable","14":"purchasable","15":"product-type-simple"},"bundled_by":[],"bundle_stock_status":"instock","bundle_stock_quantity":1,"bundle_virtual":false,"bundle_layout":"","bundle_add_to_cart_form_location":"","bundle_editable_in_cart":false,"bundle_sold_individually_context":"","bundle_item_grouping":"","bundle_min_size":"","bundle_max_size":"","bundle_price":[],"bundled_items":[],"bundle_sell_ids":[],"group_of_quantity":0,"min_quantity":0,"max_quantity":"","exclude_order_quantity_value_rules":"no","exclude_category_quantity_rules":"no","combine_variations":"no","exclude_global_add_ons":[],"addons":[],"jetpack_sharing_enabled":true,"jetpack_likes_enabled":true,"_links":{"self":[{"href":"https:\/\/watchdeluxe.it\/es\/wp-json\/wp\/v2\/product\/101032","targetHints":{"allow":["GET"]}}],"collection":[{"href":"https:\/\/watchdeluxe.it\/es\/wp-json\/wp\/v2\/product"}],"about":[{"href":"https:\/\/watchdeluxe.it\/es\/wp-json\/wp\/v2\/types\/product"}],"wp:featuredmedia":[{"embeddable":true,"href":"https:\/\/watchdeluxe.it\/es\/wp-json\/wp\/v2\/media\/175815"}],"wp:attachment":[{"href":"https:\/\/watchdeluxe.it\/es\/wp-json\/wp\/v2\/media?parent=101032"}],"wp:term":[{"taxonomy":"product_brand","embeddable":true,"href":"https:\/\/watchdeluxe.it\/es\/wp-json\/wp\/v2\/product_brand?post=101032"},{"taxonomy":"product_cat","embeddable":true,"href":"https:\/\/watchdeluxe.it\/es\/wp-json\/wp\/v2\/product_cat?post=101032"},{"taxonomy":"product_tag","embeddable":true,"href":"https:\/\/watchdeluxe.it\/es\/wp-json\/wp\/v2\/product_tag?post=101032"},{"taxonomy":"berocket_brand","embeddable":true,"href":"https:\/\/watchdeluxe.it\/es\/wp-json\/wp\/v2\/berocket_brand?post=101032"},{"taxonomy":"woo-feed-brand","embeddable":true,"href":"https:\/\/watchdeluxe.it\/es\/wp-json\/wp\/v2\/woo-feed-brand?post=101032"}],"curies":[{"name":"wp","href":"https:\/\/api.w.org\/{rel}","templated":true}]}}