{"id":100802,"date":"2024-04-16T15:17:12","date_gmt":"2024-04-16T13:17:12","guid":{"rendered":"https:\/\/watchdeluxe.it\/prodotto\/rado-anatom-automatico-ref-r10202309\/"},"modified":"2024-04-16T15:17:12","modified_gmt":"2024-04-16T13:17:12","slug":"rado-anatom-automatico-ref-r10202309","status":"publish","type":"product","link":"https:\/\/watchdeluxe.it\/es\/prodotto\/rado-anatom-automatico-ref-r10202309\/","title":{"rendered":"Rado Anatom autom\u00e1tico ref.\nR10202309"},"content":{"rendered":"<p>Rado Anatom autom\u00e1tico ref.<br \/>\nR10202309<\/p>\n<div data-role=\"collapsible\">\n<h2>Movimiento<\/h2>\n<\/div>\n<div data-role=\"content\">\n<ul>\n<li><strong>Tipo de movimiento:<\/strong> Autom\u00e1tico<\/li>\n<li><strong>Reserva de marcha del movimiento:<\/strong> 72 horas<\/li>\n<li><strong>Referencia del movimiento:<\/strong> 03.766.731<\/li>\n<\/ul>\n<\/div>\n<div data-role=\"collapsible\">\n<h2>Caso<\/h2>\n<\/div>\n<div data-role=\"content\">\n<ul>\n<li><strong>Materiales de la caja:<\/strong> cer\u00e1mica de alta tecnolog\u00eda, acero inoxidable \/ PVD<\/li>\n<li><strong>Grosor de la caja:<\/strong> 11,3 mm<\/li>\n<li><strong>Resistencia al agua de la caja:<\/strong> 5 bares (50 m)<\/li>\n<li><strong>Tama\u00f1o de la caja:<\/strong> 32,5 mm<\/li>\n<li><strong>Cristal de la caja:<\/strong> Cristal de zafiro con tratamiento antirreflejos<\/li>\n<\/ul>\n<\/div>\n<div data-role=\"collapsible\">\n<h2>Marque<\/h2>\n<\/div>\n<div data-role=\"content\">\n<ul>\n<li><strong>Color de la esfera:<\/strong> Marr\u00f3n<\/li>\n<li>La esfera <strong>tiene la fecha:<\/strong> S\u00ed<\/li>\n<li><strong>La esfera presenta piedras preciosas:<\/strong> No<\/li>\n<li><strong>N\u00e1car:<\/strong> No<\/li>\n<\/ul>\n<\/div>\n<div data-role=\"collapsible\">\n<h2>Correa<\/h2>\n<\/div>\n<div data-role=\"content\">\n<ul>\n<li><strong>Material de la pulsera:<\/strong> Caucho<\/li>\n<\/ul>\n<\/div>\n","protected":false},"excerpt":{"rendered":"<p>Rado Anatom autom\u00e1tico ref. R10202309 Movimiento Tipo de movimiento: Autom\u00e1tico Reserva de marcha del movimiento: 72 horas Referencia del movimiento: 03.766.731 Caso Materiales de la caja: cer\u00e1mica de alta tecnolog\u00eda, acero inoxidable \/ PVD Grosor de la caja: 11,3 mm Resistencia al agua de la caja: 5 bares (50 m) Tama\u00f1o de la caja: 32,5 [&hellip;]<\/p>\n","protected":false},"featured_media":100796,"template":"","meta":{"_crdt_document":"","advanced_seo_description":"","jetpack_seo_html_title":"","jetpack_seo_noindex":false},"product_brand":[2157],"product_cat":[2391],"product_tag":[4548],"berocket_brand":[],"woo-feed-brand":[],"class_list":{"0":"post-100802","1":"product","2":"type-product","3":"status-publish","4":"has-post-thumbnail","6":"product_brand-rado","7":"product_cat-rado-es","8":"product_tag-anatomia","10":"first","11":"instock","12":"sale","13":"taxable","14":"shipping-taxable","15":"purchasable","16":"product-type-simple"},"bundled_by":[],"bundle_stock_status":"instock","bundle_stock_quantity":1,"bundle_virtual":false,"bundle_layout":"","bundle_add_to_cart_form_location":"","bundle_editable_in_cart":false,"bundle_sold_individually_context":"","bundle_item_grouping":"","bundle_min_size":"","bundle_max_size":"","bundle_price":[],"bundled_items":[],"bundle_sell_ids":[],"group_of_quantity":0,"min_quantity":0,"max_quantity":"","exclude_order_quantity_value_rules":"no","exclude_category_quantity_rules":"no","combine_variations":"no","jetpack_sharing_enabled":true,"jetpack_likes_enabled":true,"_links":{"self":[{"href":"https:\/\/watchdeluxe.it\/es\/wp-json\/wp\/v2\/product\/100802","targetHints":{"allow":["GET"]}}],"collection":[{"href":"https:\/\/watchdeluxe.it\/es\/wp-json\/wp\/v2\/product"}],"about":[{"href":"https:\/\/watchdeluxe.it\/es\/wp-json\/wp\/v2\/types\/product"}],"wp:featuredmedia":[{"embeddable":true,"href":"https:\/\/watchdeluxe.it\/es\/wp-json\/wp\/v2\/media\/100796"}],"wp:attachment":[{"href":"https:\/\/watchdeluxe.it\/es\/wp-json\/wp\/v2\/media?parent=100802"}],"wp:term":[{"taxonomy":"product_brand","embeddable":true,"href":"https:\/\/watchdeluxe.it\/es\/wp-json\/wp\/v2\/product_brand?post=100802"},{"taxonomy":"product_cat","embeddable":true,"href":"https:\/\/watchdeluxe.it\/es\/wp-json\/wp\/v2\/product_cat?post=100802"},{"taxonomy":"product_tag","embeddable":true,"href":"https:\/\/watchdeluxe.it\/es\/wp-json\/wp\/v2\/product_tag?post=100802"},{"taxonomy":"berocket_brand","embeddable":true,"href":"https:\/\/watchdeluxe.it\/es\/wp-json\/wp\/v2\/berocket_brand?post=100802"},{"taxonomy":"woo-feed-brand","embeddable":true,"href":"https:\/\/watchdeluxe.it\/es\/wp-json\/wp\/v2\/woo-feed-brand?post=100802"}],"curies":[{"name":"wp","href":"https:\/\/api.w.org\/{rel}","templated":true}]}}