{"id":89026,"date":"2024-01-03T12:00:30","date_gmt":"2024-01-03T11:00:30","guid":{"rendered":"https:\/\/watchdeluxe.it\/prodotto\/montblanc-meisterstuck-ballpoint-pen-ref-132453\/"},"modified":"2026-01-22T10:35:01","modified_gmt":"2026-01-22T09:35:01","slug":"montblanc-meisterstuck-ballpoint-pen-ref-132453","status":"publish","type":"product","link":"https:\/\/watchdeluxe.it\/en\/prodotto\/montblanc-meisterstuck-ballpoint-pen-ref-132453\/","title":{"rendered":"Montblanc Meisterst\u00fcck Ballpoint Pen ref.132453"},"content":{"rendered":"<p>Montblanc Meisterst\u00fcck Ballpoint Pen ref.132453<\/p>\n<p><span class=\"value\">The Montblanc Meisterst\u00fcck Classique Gold-Coated collection represents a design that has written history. Introduced in 1924, Meisterst\u00fcck has become one of the symbols of luxury writing. The body and cap are made of fine black resin, with the iconic Montblanc emblem inlaid in white on the top of the cap.<\/span><\/p>\n<p><span class=\"length first\"> <span class=\"key\">Size<\/span> 137.1 <\/span> <span class=\"width last\"> 12.5 <span class=\"unit\">mm<\/span> <\/span><\/p>\n","protected":false},"excerpt":{"rendered":"<p>Montblanc Meisterst\u00fcck Ballpoint Pen ref.132453 The Montblanc Meisterst\u00fcck Classique Gold-Coated collection represents a design that has written history. Introduced in 1924, Meisterst\u00fcck has become one of the symbols of luxury writing. The body and cap are made of fine black resin, with the iconic Montblanc emblem inlaid in white on the top of the cap. [&hellip;]<\/p>\n","protected":false},"featured_media":89022,"template":"","meta":{"_crdt_document":"","advanced_seo_description":"","jetpack_seo_html_title":"","jetpack_seo_noindex":false},"product_brand":[1907],"product_cat":[2244],"product_tag":[4006],"berocket_brand":[],"woo-feed-brand":[],"class_list":{"0":"post-89026","1":"product","2":"type-product","3":"status-publish","4":"has-post-thumbnail","6":"product_brand-montblanc","7":"product_cat-montblanc-en","8":"product_tag-penne-en","10":"first","11":"instock","12":"sale","13":"taxable","14":"shipping-taxable","15":"purchasable","16":"product-type-simple"},"bundled_by":[],"bundle_stock_status":"instock","bundle_stock_quantity":1,"bundle_virtual":false,"bundle_layout":"","bundle_add_to_cart_form_location":"","bundle_editable_in_cart":false,"bundle_sold_individually_context":"","bundle_item_grouping":"","bundle_min_size":"","bundle_max_size":"","bundle_price":[],"bundled_items":[],"bundle_sell_ids":[],"group_of_quantity":0,"min_quantity":0,"max_quantity":"","exclude_order_quantity_value_rules":"no","exclude_category_quantity_rules":"no","combine_variations":"no","jetpack_sharing_enabled":true,"jetpack_likes_enabled":true,"_links":{"self":[{"href":"https:\/\/watchdeluxe.it\/en\/wp-json\/wp\/v2\/product\/89026","targetHints":{"allow":["GET"]}}],"collection":[{"href":"https:\/\/watchdeluxe.it\/en\/wp-json\/wp\/v2\/product"}],"about":[{"href":"https:\/\/watchdeluxe.it\/en\/wp-json\/wp\/v2\/types\/product"}],"wp:featuredmedia":[{"embeddable":true,"href":"https:\/\/watchdeluxe.it\/en\/wp-json\/wp\/v2\/media\/89022"}],"wp:attachment":[{"href":"https:\/\/watchdeluxe.it\/en\/wp-json\/wp\/v2\/media?parent=89026"}],"wp:term":[{"taxonomy":"product_brand","embeddable":true,"href":"https:\/\/watchdeluxe.it\/en\/wp-json\/wp\/v2\/product_brand?post=89026"},{"taxonomy":"product_cat","embeddable":true,"href":"https:\/\/watchdeluxe.it\/en\/wp-json\/wp\/v2\/product_cat?post=89026"},{"taxonomy":"product_tag","embeddable":true,"href":"https:\/\/watchdeluxe.it\/en\/wp-json\/wp\/v2\/product_tag?post=89026"},{"taxonomy":"berocket_brand","embeddable":true,"href":"https:\/\/watchdeluxe.it\/en\/wp-json\/wp\/v2\/berocket_brand?post=89026"},{"taxonomy":"woo-feed-brand","embeddable":true,"href":"https:\/\/watchdeluxe.it\/en\/wp-json\/wp\/v2\/woo-feed-brand?post=89026"}],"curies":[{"name":"wp","href":"https:\/\/api.w.org\/{rel}","templated":true}]}}