{"id":77512,"date":"2023-03-17T18:40:11","date_gmt":"2023-03-17T17:40:11","guid":{"rendered":"https:\/\/watchdeluxe.it\/prodotto\/maurice-lacroix-aikon-automatic-39mm-ref-ai6007-ss002-331-1\/"},"modified":"2026-04-07T16:13:24","modified_gmt":"2026-04-07T14:13:24","slug":"maurice-lacroix-aikon-automatic-39mm-ref-ai6007-ss002-331-1","status":"publish","type":"product","link":"https:\/\/watchdeluxe.it\/en\/prodotto\/maurice-lacroix-aikon-automatic-39mm-ref-ai6007-ss002-331-1\/","title":{"rendered":"MAURICE LACROIX Aikon Automatic 39mm REF.AI6007-SS002-331-1"},"content":{"rendered":"<p>Brand: Maurice Lacroix<\/p>\n<p>Collection: Aikon<\/p>\n<p>Reference: AI6007-SS002-331-1<\/p>\n<p>Name: Maurice Lacroix Men&#8217;s AI6007-SS002-331-1 Aikon Automatic<\/p>\n<p><strong>HOUSES<\/strong><\/p>\n<p>Material: Steel<\/p>\n<p>Glass: Sapphire glass<\/p>\n<p>Diameter: 39 X 39<\/p>\n<p>Water resistance: 20 ATM<\/p>\n<p><strong>SQUARE<\/strong><\/p>\n<p>Color: Gray<\/p>\n<p>Dial Indices: Without numbers<\/p>\n<p><strong>MOVEMENT<\/strong><\/p>\n<p>Type: Automatic<\/p>\n<p>Movement \/ Caliber: Automatic ML115<\/p>\n<p>Power reserve: 38 hours<\/p>\n<p><strong>STRAP<\/strong><\/p>\n<p>Material:Steel<\/p>\n<p>Color:steel<\/p>\n<p>Closure:Butterfly closure<\/p>\n<p><strong>FUNCTIONS<\/strong><\/p>\n<p>Date, Perlage and colima\u00e7on, C\u00f4tes de Gen\u00e8ve vertical and sun-brushed on rotor, Rhodium plated<\/p>\n<pre id=\"tw-target-text\" class=\"tw-data-text tw-text-large XcVN5d tw-ta\" dir=\"ltr\" style=\"text-align: left\" data-placeholder=\"Traduzione\" data-mce-fragment=\"1\"><span lang=\"it\" data-mce-fragment=\"1\"> <\/span><\/pre>\n","protected":false},"excerpt":{"rendered":"<p>Brand: Maurice Lacroix Collection: Aikon Reference: AI6007-SS002-331-1 Name: Maurice Lacroix Men&#8217;s AI6007-SS002-331-1 Aikon Automatic HOUSES Material: Steel Glass: Sapphire glass Diameter: 39 X 39 Water resistance: 20 ATM SQUARE Color: Gray Dial Indices: Without numbers MOVEMENT Type: Automatic Movement \/ Caliber: Automatic ML115 Power reserve: 38 hours STRAP Material:Steel Color:steel Closure:Butterfly closure FUNCTIONS Date, Perlage [&hellip;]<\/p>\n","protected":false},"featured_media":160023,"template":"","meta":{"_crdt_document":"","advanced_seo_description":"","jetpack_seo_html_title":"","jetpack_seo_noindex":false},"product_brand":[2152],"product_cat":[2381],"product_tag":[2384],"berocket_brand":[],"woo-feed-brand":[],"class_list":{"0":"post-77512","1":"product","2":"type-product","3":"status-publish","4":"has-post-thumbnail","6":"product_brand-maurice-lacroix","7":"product_cat-maurice-lacroix-en","8":"product_tag-aikon-en","10":"first","11":"instock","12":"sale","13":"taxable","14":"shipping-taxable","15":"purchasable","16":"product-type-simple"},"bundled_by":[],"bundle_stock_status":"instock","bundle_stock_quantity":1,"bundle_virtual":false,"bundle_layout":"","bundle_add_to_cart_form_location":"","bundle_editable_in_cart":false,"bundle_sold_individually_context":"","bundle_item_grouping":"","bundle_min_size":"","bundle_max_size":"","bundle_price":[],"bundled_items":[],"bundle_sell_ids":[],"group_of_quantity":0,"min_quantity":0,"max_quantity":"","exclude_order_quantity_value_rules":"no","exclude_category_quantity_rules":"no","combine_variations":"no","jetpack_sharing_enabled":true,"jetpack_likes_enabled":true,"_links":{"self":[{"href":"https:\/\/watchdeluxe.it\/en\/wp-json\/wp\/v2\/product\/77512","targetHints":{"allow":["GET"]}}],"collection":[{"href":"https:\/\/watchdeluxe.it\/en\/wp-json\/wp\/v2\/product"}],"about":[{"href":"https:\/\/watchdeluxe.it\/en\/wp-json\/wp\/v2\/types\/product"}],"wp:featuredmedia":[{"embeddable":true,"href":"https:\/\/watchdeluxe.it\/en\/wp-json\/wp\/v2\/media\/160023"}],"wp:attachment":[{"href":"https:\/\/watchdeluxe.it\/en\/wp-json\/wp\/v2\/media?parent=77512"}],"wp:term":[{"taxonomy":"product_brand","embeddable":true,"href":"https:\/\/watchdeluxe.it\/en\/wp-json\/wp\/v2\/product_brand?post=77512"},{"taxonomy":"product_cat","embeddable":true,"href":"https:\/\/watchdeluxe.it\/en\/wp-json\/wp\/v2\/product_cat?post=77512"},{"taxonomy":"product_tag","embeddable":true,"href":"https:\/\/watchdeluxe.it\/en\/wp-json\/wp\/v2\/product_tag?post=77512"},{"taxonomy":"berocket_brand","embeddable":true,"href":"https:\/\/watchdeluxe.it\/en\/wp-json\/wp\/v2\/berocket_brand?post=77512"},{"taxonomy":"woo-feed-brand","embeddable":true,"href":"https:\/\/watchdeluxe.it\/en\/wp-json\/wp\/v2\/woo-feed-brand?post=77512"}],"curies":[{"name":"wp","href":"https:\/\/api.w.org\/{rel}","templated":true}]}}