{"id":176671,"date":"2026-04-17T10:08:24","date_gmt":"2026-04-17T08:08:24","guid":{"rendered":"https:\/\/watchdeluxe.it\/prodotto\/nomos-ludwig-neomatik-39-fur-arzte-ohne-grenzen-ref-250-s2\/"},"modified":"2026-04-17T10:08:24","modified_gmt":"2026-04-17T08:08:24","slug":"nomos-ludwig-neomatik-39-fur-arzte-ohne-grenzen-ref-250-s2","status":"publish","type":"product","link":"https:\/\/watchdeluxe.it\/en\/prodotto\/nomos-ludwig-neomatik-39-fur-arzte-ohne-grenzen-ref-250-s2\/","title":{"rendered":"Nomos ludwig neomatik 39 f\u00fcr \u00e4rzte ohne grenzen ref- 250.S2"},"content":{"rendered":"<p>Nomos ludwig neomatik 39 f\u00fcr \u00e4rzte ohne grenzen ref- 250.S2<\/p>\n<ul>\n<li><strong>Reference:<\/strong> 250.S2<\/li>\n<li><strong>Collection:<\/strong> Tangente 38 Date \u2013 175 Years Watchmaking Glash\u00fctte<\/li>\n<li><strong>Movement:<\/strong> Hand-wound caliber DUW 4101 with NOMOS Swing System<\/li>\n<li><strong>Case:<\/strong> Two-part stainless steel with sapphire crystal case back<\/li>\n<li><strong>Diameter:<\/strong> 37.5 mm<\/li>\n<li><strong>Thickness:<\/strong> 6.8 mm<\/li>\n<li><strong>Dial:<\/strong> Ziegelblau (brick blue) with date at 6 o&#8217;clock<\/li>\n<li><strong>Power reserve:<\/strong> Up to 42 hours<\/li>\n<li><strong>Strap:<\/strong> Black Horween Genuine Shell Cordovan with tang buckle<\/li>\n<li><strong>Water resistance:<\/strong> 3 ATM (splash-resistant)<\/li>\n<li><strong>Limited Edition:<\/strong> One of only 175 numbered pieces<\/li>\n<\/ul>\n","protected":false},"excerpt":{"rendered":"<p>A Bauhaus design icon celebrating Glash\u00fctte excellence through a deep and sophisticated Ziegelblau hue. This limited edition combines the mechanical precision of caliber DUW 4101 with timeless chromatic minimalism. <\/p>\n","protected":false},"featured_media":176661,"template":"","meta":{"_crdt_document":"","advanced_seo_description":"","jetpack_seo_html_title":"","jetpack_seo_noindex":false},"product_brand":[],"product_cat":[1919],"product_tag":[1393],"berocket_brand":[],"woo-feed-brand":[],"class_list":{"0":"post-176671","1":"product","2":"type-product","3":"status-publish","4":"has-post-thumbnail","6":"product_cat-nomos-glashutte","7":"product_tag-ludwig","9":"first","10":"instock","11":"sale","12":"taxable","13":"shipping-taxable","14":"purchasable","15":"product-type-simple"},"bundled_by":[],"bundle_stock_status":"instock","bundle_stock_quantity":1,"bundle_virtual":false,"bundle_layout":"","bundle_add_to_cart_form_location":"","bundle_editable_in_cart":false,"bundle_sold_individually_context":"","bundle_item_grouping":"","bundle_min_size":"","bundle_max_size":"","bundle_price":[],"bundled_items":[],"bundle_sell_ids":[],"group_of_quantity":0,"min_quantity":0,"max_quantity":"","exclude_order_quantity_value_rules":"no","exclude_category_quantity_rules":"no","combine_variations":"no","exclude_global_add_ons":[],"addons":[],"jetpack_sharing_enabled":true,"jetpack_likes_enabled":true,"_links":{"self":[{"href":"https:\/\/watchdeluxe.it\/en\/wp-json\/wp\/v2\/product\/176671","targetHints":{"allow":["GET"]}}],"collection":[{"href":"https:\/\/watchdeluxe.it\/en\/wp-json\/wp\/v2\/product"}],"about":[{"href":"https:\/\/watchdeluxe.it\/en\/wp-json\/wp\/v2\/types\/product"}],"wp:featuredmedia":[{"embeddable":true,"href":"https:\/\/watchdeluxe.it\/en\/wp-json\/wp\/v2\/media\/176661"}],"wp:attachment":[{"href":"https:\/\/watchdeluxe.it\/en\/wp-json\/wp\/v2\/media?parent=176671"}],"wp:term":[{"taxonomy":"product_brand","embeddable":true,"href":"https:\/\/watchdeluxe.it\/en\/wp-json\/wp\/v2\/product_brand?post=176671"},{"taxonomy":"product_cat","embeddable":true,"href":"https:\/\/watchdeluxe.it\/en\/wp-json\/wp\/v2\/product_cat?post=176671"},{"taxonomy":"product_tag","embeddable":true,"href":"https:\/\/watchdeluxe.it\/en\/wp-json\/wp\/v2\/product_tag?post=176671"},{"taxonomy":"berocket_brand","embeddable":true,"href":"https:\/\/watchdeluxe.it\/en\/wp-json\/wp\/v2\/berocket_brand?post=176671"},{"taxonomy":"woo-feed-brand","embeddable":true,"href":"https:\/\/watchdeluxe.it\/en\/wp-json\/wp\/v2\/woo-feed-brand?post=176671"}],"curies":[{"name":"wp","href":"https:\/\/api.w.org\/{rel}","templated":true}]}}