{"id":116948,"date":"2025-07-15T17:30:53","date_gmt":"2025-07-15T15:30:53","guid":{"rendered":"https:\/\/watchdeluxe.it\/prodotto\/montblanc-meisterstuck-doue-classique-around-the-world-in-80-days-fountain-pen-ref-132893\/"},"modified":"2026-01-16T15:35:28","modified_gmt":"2026-01-16T14:35:28","slug":"montblanc-meisterstuck-doue-classique-around-the-world-in-80-days-fountain-pen-ref-132893","status":"publish","type":"product","link":"https:\/\/watchdeluxe.it\/en\/prodotto\/montblanc-meisterstuck-doue-classique-around-the-world-in-80-days-fountain-pen-ref-132893\/","title":{"rendered":"Montblanc Meisterst\u00fcck Dou\u00e9 Classique Around the World in 80 Days fountain pen ref. 132893"},"content":{"rendered":"<p>Montblanc Meisterst\u00fcck Dou\u00e9 Classique Around the World in 80 Days fountain pen ref. 132893<\/p>\n<p>Collection: Meisterst\u00fcck .<br \/>\nWriting system: Fountain pen.<br \/>\nNib: Handmade 14 K gold nib engraved 14\/11, a tribute to the date of Fogg&#8217;s departure from Yokohama, and 21\/12, the date of his return to the London club to win the bet according to his ambitious plan. It is also decorated with a depiction of a hot air balloon, a reference to Jules Verne&#8217;s first adventure novel. (M)<br \/>\nClip: Platinum-finished clip sports the red lacquered ace of hearts, symbolizing the union of Phileas Fogg and Princess Auda.<br \/>\nBody: Body in fine dark blue lacquer<br \/>\nCap: Metal cap with an elegantly laser-engraved train. The top of the cap bears embossed the timeline of the journey: 36 days from Yokohoma to London, culminating in a total of 80 days around the world. The cap design immortalizes the pressure valves and locomotive smoke<br \/>\nColor: dark blue<br \/>\nSize: 139.8 mm x 14 mm.<br \/>\nWeight: 50.14 g<\/p>\n","protected":false},"excerpt":{"rendered":"<p>Montblanc Meisterst\u00fcck Dou\u00e9 Classique Around the World in 80 Days fountain pen ref. 132893 Collection: Meisterst\u00fcck . Writing system: Fountain pen. Nib: Handmade 14 K gold nib engraved 14\/11, a tribute to the date of Fogg&#8217;s departure from Yokohama, and 21\/12, the date of his return to the London club to win the bet according [&hellip;]<\/p>\n","protected":false},"featured_media":116925,"template":"","meta":{"_crdt_document":"","advanced_seo_description":"","jetpack_seo_html_title":"","jetpack_seo_noindex":false},"product_brand":[],"product_cat":[2244],"product_tag":[4006],"berocket_brand":[],"woo-feed-brand":[],"class_list":{"0":"post-116948","1":"product","2":"type-product","3":"status-publish","4":"has-post-thumbnail","6":"product_cat-montblanc-en","7":"product_tag-penne-en","9":"first","10":"instock","11":"sale","12":"taxable","13":"shipping-taxable","14":"purchasable","15":"product-type-simple"},"bundled_by":[],"bundle_stock_status":"instock","bundle_stock_quantity":1,"bundle_virtual":false,"bundle_layout":"","bundle_add_to_cart_form_location":"","bundle_editable_in_cart":false,"bundle_sold_individually_context":"","bundle_item_grouping":"","bundle_min_size":"","bundle_max_size":"","bundle_price":[],"bundled_items":[],"bundle_sell_ids":[],"group_of_quantity":0,"min_quantity":0,"max_quantity":"","exclude_order_quantity_value_rules":"no","exclude_category_quantity_rules":"no","combine_variations":"no","jetpack_sharing_enabled":true,"jetpack_likes_enabled":true,"_links":{"self":[{"href":"https:\/\/watchdeluxe.it\/en\/wp-json\/wp\/v2\/product\/116948","targetHints":{"allow":["GET"]}}],"collection":[{"href":"https:\/\/watchdeluxe.it\/en\/wp-json\/wp\/v2\/product"}],"about":[{"href":"https:\/\/watchdeluxe.it\/en\/wp-json\/wp\/v2\/types\/product"}],"wp:featuredmedia":[{"embeddable":true,"href":"https:\/\/watchdeluxe.it\/en\/wp-json\/wp\/v2\/media\/116925"}],"wp:attachment":[{"href":"https:\/\/watchdeluxe.it\/en\/wp-json\/wp\/v2\/media?parent=116948"}],"wp:term":[{"taxonomy":"product_brand","embeddable":true,"href":"https:\/\/watchdeluxe.it\/en\/wp-json\/wp\/v2\/product_brand?post=116948"},{"taxonomy":"product_cat","embeddable":true,"href":"https:\/\/watchdeluxe.it\/en\/wp-json\/wp\/v2\/product_cat?post=116948"},{"taxonomy":"product_tag","embeddable":true,"href":"https:\/\/watchdeluxe.it\/en\/wp-json\/wp\/v2\/product_tag?post=116948"},{"taxonomy":"berocket_brand","embeddable":true,"href":"https:\/\/watchdeluxe.it\/en\/wp-json\/wp\/v2\/berocket_brand?post=116948"},{"taxonomy":"woo-feed-brand","embeddable":true,"href":"https:\/\/watchdeluxe.it\/en\/wp-json\/wp\/v2\/woo-feed-brand?post=116948"}],"curies":[{"name":"wp","href":"https:\/\/api.w.org\/{rel}","templated":true}]}}