{"id":103804,"date":"2024-06-11T16:15:06","date_gmt":"2024-06-11T14:15:06","guid":{"rendered":"https:\/\/watchdeluxe.it\/prodotto\/montblanc-meisterstuck-ballpoint-pen-the-origin-collection-doue-classique-ref-131352\/"},"modified":"2026-01-22T11:05:12","modified_gmt":"2026-01-22T10:05:12","slug":"montblanc-meisterstuck-ballpoint-pen-the-origin-collection-doue-classique-ref-131352","status":"publish","type":"product","link":"https:\/\/watchdeluxe.it\/en\/prodotto\/montblanc-meisterstuck-ballpoint-pen-the-origin-collection-doue-classique-ref-131352\/","title":{"rendered":"Montblanc Meisterst\u00fcck Ballpoint Pen The Origin Collection Dou\u00e8 Classique ref. 131352"},"content":{"rendered":"<p>Montblanc Meisterst\u00fcck Ballpoint Pen The Origin Collection Dou\u00e8 Classique ref. 131352<\/p>\n<p>The collection draws inspiration from early designs in our archives and decorative features found in early Meisterst\u00fcck editions, capturing the founding spirit and infusing it with a modern twist. The complex pattern on the gold-finished cap, coated in green lacquer, recalls a design that was never used and remained hidden for years. With this edition, the Maison thus had the opportunity to present this timeless design, inspired by the Art Deco period. The clip is an homage to the early clip shapes found in some of the earliest Meisterst\u00fcck writing instruments, and evokes a sense of nostalgia.<\/p>\n","protected":false},"excerpt":{"rendered":"<p>Montblanc Meisterst\u00fcck Ballpoint Pen The Origin Collection Dou\u00e8 Classique ref. 131352 The collection draws inspiration from early designs in our archives and decorative features found in early Meisterst\u00fcck editions, capturing the founding spirit and infusing it with a modern twist. The complex pattern on the gold-finished cap, coated in green lacquer, recalls a design that [&hellip;]<\/p>\n","protected":false},"featured_media":103797,"template":"","meta":{"_crdt_document":"","advanced_seo_description":"","jetpack_seo_html_title":"","jetpack_seo_noindex":false},"product_brand":[],"product_cat":[2244],"product_tag":[4006],"berocket_brand":[],"woo-feed-brand":[],"class_list":{"0":"post-103804","1":"product","2":"type-product","3":"status-publish","4":"has-post-thumbnail","6":"product_cat-montblanc-en","7":"product_tag-penne-en","9":"first","10":"instock","11":"sale","12":"taxable","13":"shipping-taxable","14":"purchasable","15":"product-type-simple"},"bundled_by":[],"bundle_stock_status":"instock","bundle_stock_quantity":1,"bundle_virtual":false,"bundle_layout":"","bundle_add_to_cart_form_location":"","bundle_editable_in_cart":false,"bundle_sold_individually_context":"","bundle_item_grouping":"","bundle_min_size":"","bundle_max_size":"","bundle_price":[],"bundled_items":[],"bundle_sell_ids":[],"group_of_quantity":0,"min_quantity":0,"max_quantity":"","exclude_order_quantity_value_rules":"no","exclude_category_quantity_rules":"no","combine_variations":"no","jetpack_sharing_enabled":true,"jetpack_likes_enabled":true,"_links":{"self":[{"href":"https:\/\/watchdeluxe.it\/en\/wp-json\/wp\/v2\/product\/103804","targetHints":{"allow":["GET"]}}],"collection":[{"href":"https:\/\/watchdeluxe.it\/en\/wp-json\/wp\/v2\/product"}],"about":[{"href":"https:\/\/watchdeluxe.it\/en\/wp-json\/wp\/v2\/types\/product"}],"wp:featuredmedia":[{"embeddable":true,"href":"https:\/\/watchdeluxe.it\/en\/wp-json\/wp\/v2\/media\/103797"}],"wp:attachment":[{"href":"https:\/\/watchdeluxe.it\/en\/wp-json\/wp\/v2\/media?parent=103804"}],"wp:term":[{"taxonomy":"product_brand","embeddable":true,"href":"https:\/\/watchdeluxe.it\/en\/wp-json\/wp\/v2\/product_brand?post=103804"},{"taxonomy":"product_cat","embeddable":true,"href":"https:\/\/watchdeluxe.it\/en\/wp-json\/wp\/v2\/product_cat?post=103804"},{"taxonomy":"product_tag","embeddable":true,"href":"https:\/\/watchdeluxe.it\/en\/wp-json\/wp\/v2\/product_tag?post=103804"},{"taxonomy":"berocket_brand","embeddable":true,"href":"https:\/\/watchdeluxe.it\/en\/wp-json\/wp\/v2\/berocket_brand?post=103804"},{"taxonomy":"woo-feed-brand","embeddable":true,"href":"https:\/\/watchdeluxe.it\/en\/wp-json\/wp\/v2\/woo-feed-brand?post=103804"}],"curies":[{"name":"wp","href":"https:\/\/api.w.org\/{rel}","templated":true}]}}