{"id":103790,"date":"2024-06-11T16:13:00","date_gmt":"2024-06-11T14:13:00","guid":{"rendered":"https:\/\/watchdeluxe.it\/prodotto\/montblanc-roller-meisterstuck-the-origin-collection-doue-classique-ref-131351\/"},"modified":"2026-04-07T12:14:01","modified_gmt":"2026-04-07T10:14:01","slug":"montblanc-roller-meisterstuck-the-origin-collection-doue-classique-ref-131351","status":"publish","type":"product","link":"https:\/\/watchdeluxe.it\/en\/prodotto\/montblanc-roller-meisterstuck-the-origin-collection-doue-classique-ref-131351\/","title":{"rendered":"Montblanc Meisterst\u00fcck The Origin Collection Dou\u00e9 Midsize Ballpoint Pen ref. 131348"},"content":{"rendered":"<p>Montblanc Meisterst\u00fcck The Origin Collection Dou\u00e9 Midsize Ballpoint Pen ref. 131348<\/p>\n<p>ballpoint pen<\/p>\n<p>on this edition, the Maison thus had the opportunity to present this timeless design, inspired by the Art Deco period. The clip is an homage to the early clip shapes found in some of the earliest Meisterst\u00fcck writing instruments, and evokes a sense of nostalgia. A closer look at it reveals the original Meisterst\u00fcck logo, which has adorned the cap since its creation as a symbol of high quality. This anniversary edition is decorated with a special cap ring bearing the years 1924 and 2024 . Discover another 100 years of excellence with Meisterst\u00fcck!<\/p>\n","protected":false},"excerpt":{"rendered":"<p>Montblanc Meisterst\u00fcck The Origin Collection Dou\u00e9 Midsize Ballpoint Pen ref. 131348 ballpoint pen on this edition, the Maison thus had the opportunity to present this timeless design, inspired by the Art Deco period. The clip is an homage to the early clip shapes found in some of the earliest Meisterst\u00fcck writing instruments, and evokes a [&hellip;]<\/p>\n","protected":false},"featured_media":145785,"template":"","meta":{"_crdt_document":"","advanced_seo_description":"","jetpack_seo_html_title":"","jetpack_seo_noindex":false,"jetpack_post_was_ever_published":false},"product_brand":[],"product_cat":[2244],"product_tag":[4006],"berocket_brand":[],"woo-feed-brand":[],"class_list":{"0":"post-103790","1":"product","2":"type-product","3":"status-publish","4":"has-post-thumbnail","6":"product_cat-montblanc-en","7":"product_tag-penne-en","9":"first","10":"instock","11":"sale","12":"taxable","13":"shipping-taxable","14":"purchasable","15":"product-type-simple"},"bundled_by":[],"bundle_stock_status":"instock","bundle_stock_quantity":1,"bundle_virtual":false,"bundle_layout":"","bundle_add_to_cart_form_location":"","bundle_editable_in_cart":false,"bundle_sold_individually_context":"","bundle_item_grouping":"","bundle_min_size":"","bundle_max_size":"","bundle_price":[],"bundled_items":[],"bundle_sell_ids":[],"group_of_quantity":0,"min_quantity":0,"max_quantity":"","exclude_order_quantity_value_rules":"no","exclude_category_quantity_rules":"no","combine_variations":"no","exclude_global_add_ons":[],"addons":[],"jetpack_sharing_enabled":true,"jetpack_likes_enabled":true,"_links":{"self":[{"href":"https:\/\/watchdeluxe.it\/en\/wp-json\/wp\/v2\/product\/103790","targetHints":{"allow":["GET"]}}],"collection":[{"href":"https:\/\/watchdeluxe.it\/en\/wp-json\/wp\/v2\/product"}],"about":[{"href":"https:\/\/watchdeluxe.it\/en\/wp-json\/wp\/v2\/types\/product"}],"wp:featuredmedia":[{"embeddable":true,"href":"https:\/\/watchdeluxe.it\/en\/wp-json\/wp\/v2\/media\/145785"}],"wp:attachment":[{"href":"https:\/\/watchdeluxe.it\/en\/wp-json\/wp\/v2\/media?parent=103790"}],"wp:term":[{"taxonomy":"product_brand","embeddable":true,"href":"https:\/\/watchdeluxe.it\/en\/wp-json\/wp\/v2\/product_brand?post=103790"},{"taxonomy":"product_cat","embeddable":true,"href":"https:\/\/watchdeluxe.it\/en\/wp-json\/wp\/v2\/product_cat?post=103790"},{"taxonomy":"product_tag","embeddable":true,"href":"https:\/\/watchdeluxe.it\/en\/wp-json\/wp\/v2\/product_tag?post=103790"},{"taxonomy":"berocket_brand","embeddable":true,"href":"https:\/\/watchdeluxe.it\/en\/wp-json\/wp\/v2\/berocket_brand?post=103790"},{"taxonomy":"woo-feed-brand","embeddable":true,"href":"https:\/\/watchdeluxe.it\/en\/wp-json\/wp\/v2\/woo-feed-brand?post=103790"}],"curies":[{"name":"wp","href":"https:\/\/api.w.org\/{rel}","templated":true}]}}