{"id":92944,"date":"2024-03-08T16:08:22","date_gmt":"2024-03-08T15:08:22","guid":{"rendered":"https:\/\/watchdeluxe.it\/prodotto\/nomos-orion-neomatik-neu-schwarz-ref-396\/"},"modified":"2025-09-23T16:14:57","modified_gmt":"2025-09-23T14:14:57","slug":"nomos-orion-neomatik-neu-schwarz-ref-396","status":"publish","type":"product","link":"https:\/\/watchdeluxe.it\/de\/prodotto\/nomos-orion-neomatik-neu-schwarz-ref-396\/","title":{"rendered":"Nomos Orion neomatik neu schwarz ref. 396"},"content":{"rendered":"<p>Nomos Orion neomatik neu schwarz ref. 396<\/p>\n<div class=\"specs-list\">\n<dl>\n<dt>Fall<\/dt>\n<dd>rostfreier Stahl, dreiteilig<br \/>\ngew\u00f6lbter Saphirglas-Geh\u00e4useboden<\/dd>\n<\/dl>\n<dl>\n<dt>Glas<\/dt>\n<dd>gew\u00f6lbtes Saphirglas<\/dd>\n<\/dl>\n<dl>\n<dt>Laden Sie<\/dt>\n<dd>automatisch<\/dd>\n<\/dl>\n<dl>\n<dt>Abmessungen<\/dt>\n<dd>Durchmesser <span class=\"size-property\"> 36,4 mm <\/span><br \/>\nDicke 8 <span class=\"size-property\">,5 mm <\/span><br \/>\n\u00c4u\u00dfere Schlaufengr\u00f6\u00dfe <span class=\"size-property\"> 45,0 mm <\/span> <\/dd>\n<\/dl>\n<dl>\n<dt>Wasserbest\u00e4ndigkeit<\/dt>\n<dd>5 atm (unter der Dusche tragbar)<\/dd>\n<\/dl>\n<\/div>\n<div class=\"specs-list\">\n<dl>\n<dt>W\u00e4hlen Sie<\/dt>\n<dd>verzinkt, schwarz<br \/>\nDiamantierte, vergoldete Indexe<\/dd>\n<\/dl>\n<dl>\n<dt>H\u00e4nde<\/dt>\n<dd>Rhodiumbeschichtung<\/dd>\n<\/dl>\n<dl>\n<dt>Gurt<\/dt>\n<dd>Horween Echtes Shell Cordovan schwarz, umges\u00e4umt<br \/>\n<span class=\"size-property\">  Schlaufenbreite 18 mm  <\/span><\/dd>\n<\/dl>\n<dl>\n<dt>Schnalle<\/dt>\n<dd>Dornschlie\u00dfe, rund, aus Edelstahl<\/dd>\n<\/dl>\n<\/div>\n","protected":false},"excerpt":{"rendered":"<p>Nomos Orion neomatik neu schwarz ref. 396 Fall rostfreier Stahl, dreiteilig gew\u00f6lbter Saphirglas-Geh\u00e4useboden Glas gew\u00f6lbtes Saphirglas Laden Sie automatisch Abmessungen Durchmesser 36,4 mm Dicke 8 ,5 mm \u00c4u\u00dfere Schlaufengr\u00f6\u00dfe 45,0 mm Wasserbest\u00e4ndigkeit 5 atm (unter der Dusche tragbar) W\u00e4hlen Sie verzinkt, schwarz Diamantierte, vergoldete Indexe H\u00e4nde Rhodiumbeschichtung Gurt Horween Echtes Shell Cordovan schwarz, umges\u00e4umt Schlaufenbreite [&hellip;]<\/p>\n","protected":false},"featured_media":92941,"template":"","meta":{"_crdt_document":"","advanced_seo_description":"","jetpack_seo_html_title":"","jetpack_seo_noindex":false},"product_brand":[2154],"product_cat":[2382],"product_tag":[2934],"berocket_brand":[],"woo-feed-brand":[],"class_list":{"0":"post-92944","1":"product","2":"type-product","3":"status-publish","4":"has-post-thumbnail","6":"product_brand-nomos-glashutte","7":"product_cat-nomos-glashutte-de","8":"product_tag-orion-de","10":"first","11":"instock","12":"sale","13":"taxable","14":"shipping-taxable","15":"purchasable","16":"product-type-simple"},"bundled_by":[],"bundle_stock_status":"instock","bundle_stock_quantity":1,"bundle_virtual":false,"bundle_layout":"","bundle_add_to_cart_form_location":"","bundle_editable_in_cart":false,"bundle_sold_individually_context":"","bundle_item_grouping":"","bundle_min_size":"","bundle_max_size":"","bundle_price":[],"bundled_items":[],"bundle_sell_ids":[],"group_of_quantity":0,"min_quantity":0,"max_quantity":"","exclude_order_quantity_value_rules":"no","exclude_category_quantity_rules":"no","combine_variations":"no","exclude_global_add_ons":[],"addons":[],"jetpack_sharing_enabled":true,"jetpack_likes_enabled":true,"_links":{"self":[{"href":"https:\/\/watchdeluxe.it\/de\/wp-json\/wp\/v2\/product\/92944","targetHints":{"allow":["GET"]}}],"collection":[{"href":"https:\/\/watchdeluxe.it\/de\/wp-json\/wp\/v2\/product"}],"about":[{"href":"https:\/\/watchdeluxe.it\/de\/wp-json\/wp\/v2\/types\/product"}],"wp:featuredmedia":[{"embeddable":true,"href":"https:\/\/watchdeluxe.it\/de\/wp-json\/wp\/v2\/media\/92941"}],"wp:attachment":[{"href":"https:\/\/watchdeluxe.it\/de\/wp-json\/wp\/v2\/media?parent=92944"}],"wp:term":[{"taxonomy":"product_brand","embeddable":true,"href":"https:\/\/watchdeluxe.it\/de\/wp-json\/wp\/v2\/product_brand?post=92944"},{"taxonomy":"product_cat","embeddable":true,"href":"https:\/\/watchdeluxe.it\/de\/wp-json\/wp\/v2\/product_cat?post=92944"},{"taxonomy":"product_tag","embeddable":true,"href":"https:\/\/watchdeluxe.it\/de\/wp-json\/wp\/v2\/product_tag?post=92944"},{"taxonomy":"berocket_brand","embeddable":true,"href":"https:\/\/watchdeluxe.it\/de\/wp-json\/wp\/v2\/berocket_brand?post=92944"},{"taxonomy":"woo-feed-brand","embeddable":true,"href":"https:\/\/watchdeluxe.it\/de\/wp-json\/wp\/v2\/woo-feed-brand?post=92944"}],"curies":[{"name":"wp","href":"https:\/\/api.w.org\/{rel}","templated":true}]}}