{"id":92620,"date":"2024-02-26T16:24:43","date_gmt":"2024-02-26T15:24:43","guid":{"rendered":"https:\/\/watchdeluxe.it\/prodotto\/tag-heuer-formula-1-chronograph-rot-ref-caz101an-ba0842\/"},"modified":"2026-04-14T13:58:39","modified_gmt":"2026-04-14T11:58:39","slug":"tag-heuer-formula-1-chronograph-rot-ref-caz101an-ba0842","status":"publish","type":"product","link":"https:\/\/watchdeluxe.it\/de\/prodotto\/tag-heuer-formula-1-chronograph-rot-ref-caz101an-ba0842\/","title":{"rendered":"TAG Heuer Formula 1 Chronograph Rot Ref. CAZ101AN.BA0842"},"content":{"rendered":"<p>TAG Heuer Formula 1 Chronograph rot ref. CAZ101AN.BA0842<\/p>\n<table width=\"136\">\n<tbody>\n<tr>\n<td width=\"136\"><\/td>\n<\/tr>\n<\/tbody>\n<\/table>\n<div class=\"ab--tech-specs-item-body\" data-name=\"movement\">\n<div class=\"ab--tech-specs-item-body-item\">alibreQuarz-Chronograph<\/div>\n<div class=\"ab--tech-specs-item-body-item\">UhrwerkQuarz-Chronograph<\/div>\n<div class=\"ab--tech-specs-item-body-item\">Funktionen Stunden, Minuten, Sekunden, Chronograph: 1\/10 Sekunde, Sekunden, 30-Minuten-Z\u00e4hler, Datum<\/div>\n<\/div>\n<div class=\"ab--tech-specs container content-layer\">\n<div class=\"ab--tech-specs-items\">\n<div class=\"ab--tech-specs-item-body\" data-name=\"case\">\n<div class=\"ab--tech-specs-item-body-item\">Gr\u00f6\u00dfe43 mm<\/div>\n<div class=\"ab--tech-specs-item-body-item\">Dicke12,4 mm<\/div>\n<div class=\"ab--tech-specs-item-body-item\">Abstand zwischen den Laschen21,5 mm<\/div>\n<div class=\"ab--tech-specs-item-body-item\">Wasserdichtigkeit200 m<\/div>\n<div class=\"ab--tech-specs-item-body-item\">Geh\u00e4use KorpusStahl Satinierte Oberfl\u00e4che<\/div>\n<div class=\"ab--tech-specs-item-body-item\">KroneEine Schraube Stahl mit schwarzer PVD-Beschichtung<\/div>\n<div class=\"ab--tech-specs-item-body-item\">Geh\u00e4usebodenGlatt &#8211; Stahl<\/div>\n<div>\n<div class=\"ab--tech-specs-item-body\" data-name=\"strap\">\n<div class=\"ab--tech-specs-item-body-item\">RiemenmaterialStahl<\/div>\n<div class=\"ab--tech-specs-item-body-item\">Ausf\u00fchrungenSatinbeschichtung<\/div>\n<div class=\"ab--tech-specs-item-body-item\">SchnalleFaltschlie\u00dfe mit Kn\u00f6pfen &#8211; Stahl<\/div>\n<\/div>\n<\/div>\n<\/div>\n<\/div>\n<\/div>\n","protected":false},"excerpt":{"rendered":"<p>TAG Heuer Formula 1 Chronograph rot ref. CAZ101AN.BA0842 alibreQuarz-Chronograph UhrwerkQuarz-Chronograph Funktionen Stunden, Minuten, Sekunden, Chronograph: 1\/10 Sekunde, Sekunden, 30-Minuten-Z\u00e4hler, Datum Gr\u00f6\u00dfe43 mm Dicke12,4 mm Abstand zwischen den Laschen21,5 mm Wasserdichtigkeit200 m Geh\u00e4use KorpusStahl Satinierte Oberfl\u00e4che KroneEine Schraube Stahl mit schwarzer PVD-Beschichtung Geh\u00e4usebodenGlatt &#8211; Stahl RiemenmaterialStahl Ausf\u00fchrungenSatinbeschichtung SchnalleFaltschlie\u00dfe mit Kn\u00f6pfen &#8211; Stahl<\/p>\n","protected":false},"featured_media":92613,"template":"","meta":{"_crdt_document":"","advanced_seo_description":"","jetpack_seo_html_title":"","jetpack_seo_noindex":false},"product_brand":[],"product_cat":[3721],"product_tag":[],"berocket_brand":[],"woo-feed-brand":[],"class_list":{"0":"post-92620","1":"product","2":"type-product","3":"status-publish","4":"has-post-thumbnail","6":"product_cat-unkategorisiert","8":"first","9":"instock","10":"sale","11":"taxable","12":"shipping-taxable","13":"purchasable","14":"product-type-simple"},"bundled_by":[],"bundle_stock_status":"instock","bundle_stock_quantity":1,"bundle_virtual":false,"bundle_layout":"","bundle_add_to_cart_form_location":"","bundle_editable_in_cart":false,"bundle_sold_individually_context":"","bundle_item_grouping":"","bundle_min_size":"","bundle_max_size":"","bundle_price":[],"bundled_items":[],"bundle_sell_ids":[],"group_of_quantity":0,"min_quantity":0,"max_quantity":"","exclude_order_quantity_value_rules":"no","exclude_category_quantity_rules":"no","combine_variations":"no","exclude_global_add_ons":[],"addons":[],"jetpack_sharing_enabled":true,"jetpack_likes_enabled":true,"_links":{"self":[{"href":"https:\/\/watchdeluxe.it\/de\/wp-json\/wp\/v2\/product\/92620","targetHints":{"allow":["GET"]}}],"collection":[{"href":"https:\/\/watchdeluxe.it\/de\/wp-json\/wp\/v2\/product"}],"about":[{"href":"https:\/\/watchdeluxe.it\/de\/wp-json\/wp\/v2\/types\/product"}],"wp:featuredmedia":[{"embeddable":true,"href":"https:\/\/watchdeluxe.it\/de\/wp-json\/wp\/v2\/media\/92613"}],"wp:attachment":[{"href":"https:\/\/watchdeluxe.it\/de\/wp-json\/wp\/v2\/media?parent=92620"}],"wp:term":[{"taxonomy":"product_brand","embeddable":true,"href":"https:\/\/watchdeluxe.it\/de\/wp-json\/wp\/v2\/product_brand?post=92620"},{"taxonomy":"product_cat","embeddable":true,"href":"https:\/\/watchdeluxe.it\/de\/wp-json\/wp\/v2\/product_cat?post=92620"},{"taxonomy":"product_tag","embeddable":true,"href":"https:\/\/watchdeluxe.it\/de\/wp-json\/wp\/v2\/product_tag?post=92620"},{"taxonomy":"berocket_brand","embeddable":true,"href":"https:\/\/watchdeluxe.it\/de\/wp-json\/wp\/v2\/berocket_brand?post=92620"},{"taxonomy":"woo-feed-brand","embeddable":true,"href":"https:\/\/watchdeluxe.it\/de\/wp-json\/wp\/v2\/woo-feed-brand?post=92620"}],"curies":[{"name":"wp","href":"https:\/\/api.w.org\/{rel}","templated":true}]}}