{"id":92608,"date":"2024-02-26T16:20:48","date_gmt":"2024-02-26T15:20:48","guid":{"rendered":"https:\/\/watchdeluxe.it\/prodotto\/tag-heuer-formula-1-chronograph-gruen-ref-caz101ap-ba0842\/"},"modified":"2026-01-19T15:09:01","modified_gmt":"2026-01-19T14:09:01","slug":"tag-heuer-formula-1-chronograph-gruen-ref-caz101ap-ba0842","status":"publish","type":"product","link":"https:\/\/watchdeluxe.it\/de\/prodotto\/tag-heuer-formula-1-chronograph-gruen-ref-caz101ap-ba0842\/","title":{"rendered":"TAG Heuer Formula 1 Chronograph gr\u00fcn ref. CAZ101AP.BA0842"},"content":{"rendered":"<p>TAG Heuer Formula 1 Chronograph gr\u00fcn ref. CAZ101AP.BA0842<\/p>\n<div class=\"ab--tech-specs-item-body\" data-name=\"movement\">\n<div class=\"ab--tech-specs-item-body-item\">KaliberQuarz-Chronograph<\/div>\n<div class=\"ab--tech-specs-item-body-item\">UhrwerkQuarz-Chronograph<\/div>\n<div class=\"ab--tech-specs-item-body-item\">Funktionen Stunden, Minuten, Sekunden, Chronograph: 1\/10 Sekunde, Sekunden, 30-Minuten-Z\u00e4hler, Datum<\/div>\n<div>\n<div class=\"ab--tech-specs-item-body\" data-name=\"case\">\n<div class=\"ab--tech-specs-item-body-item\">Gr\u00f6\u00dfe43 mm<\/div>\n<div class=\"ab--tech-specs-item-body-item\">Dicke12,4 mm<\/div>\n<div class=\"ab--tech-specs-item-body-item\">Abstand zwischen den Laschen21,5 mm<\/div>\n<div class=\"ab--tech-specs-item-body-item\">Wasserdichtigkeit200 m<\/div>\n<div class=\"ab--tech-specs-item-body-item\">Geh\u00e4use KorpusStahl Satinierte Oberfl\u00e4che<\/div>\n<div class=\"ab--tech-specs-item-body-item\">KroneEine Schraube Stahl mit schwarzer PVD-Beschichtung<\/div>\n<div class=\"ab--tech-specs-item-body-item\">Geh\u00e4usebodenGlatt &#8211; Stahl<\/div>\n<\/div>\n<\/div>\n<\/div>\n","protected":false},"excerpt":{"rendered":"<p>TAG Heuer Formula 1 Chronograph gr\u00fcn ref. CAZ101AP.BA0842 KaliberQuarz-Chronograph UhrwerkQuarz-Chronograph Funktionen Stunden, Minuten, Sekunden, Chronograph: 1\/10 Sekunde, Sekunden, 30-Minuten-Z\u00e4hler, Datum Gr\u00f6\u00dfe43 mm Dicke12,4 mm Abstand zwischen den Laschen21,5 mm Wasserdichtigkeit200 m Geh\u00e4use KorpusStahl Satinierte Oberfl\u00e4che KroneEine Schraube Stahl mit schwarzer PVD-Beschichtung Geh\u00e4usebodenGlatt &#8211; Stahl<\/p>\n","protected":false},"featured_media":92604,"template":"","meta":{"_crdt_document":"","advanced_seo_description":"","jetpack_seo_html_title":"","jetpack_seo_noindex":false},"product_brand":[2161],"product_cat":[2255],"product_tag":[2257],"berocket_brand":[],"woo-feed-brand":[],"class_list":{"0":"post-92608","1":"product","2":"type-product","3":"status-publish","4":"has-post-thumbnail","6":"product_brand-tag-heuer","7":"product_cat-tag-heuer-de","8":"product_tag-formel-1","10":"first","11":"instock","12":"sale","13":"taxable","14":"shipping-taxable","15":"purchasable","16":"product-type-simple"},"bundled_by":[],"bundle_stock_status":"instock","bundle_stock_quantity":1,"bundle_virtual":false,"bundle_layout":"","bundle_add_to_cart_form_location":"","bundle_editable_in_cart":false,"bundle_sold_individually_context":"","bundle_item_grouping":"","bundle_min_size":"","bundle_max_size":"","bundle_price":[],"bundled_items":[],"bundle_sell_ids":[],"group_of_quantity":0,"min_quantity":0,"max_quantity":"","exclude_order_quantity_value_rules":"no","exclude_category_quantity_rules":"no","combine_variations":"no","exclude_global_add_ons":[],"addons":[],"jetpack_sharing_enabled":true,"jetpack_likes_enabled":true,"_links":{"self":[{"href":"https:\/\/watchdeluxe.it\/de\/wp-json\/wp\/v2\/product\/92608","targetHints":{"allow":["GET"]}}],"collection":[{"href":"https:\/\/watchdeluxe.it\/de\/wp-json\/wp\/v2\/product"}],"about":[{"href":"https:\/\/watchdeluxe.it\/de\/wp-json\/wp\/v2\/types\/product"}],"wp:featuredmedia":[{"embeddable":true,"href":"https:\/\/watchdeluxe.it\/de\/wp-json\/wp\/v2\/media\/92604"}],"wp:attachment":[{"href":"https:\/\/watchdeluxe.it\/de\/wp-json\/wp\/v2\/media?parent=92608"}],"wp:term":[{"taxonomy":"product_brand","embeddable":true,"href":"https:\/\/watchdeluxe.it\/de\/wp-json\/wp\/v2\/product_brand?post=92608"},{"taxonomy":"product_cat","embeddable":true,"href":"https:\/\/watchdeluxe.it\/de\/wp-json\/wp\/v2\/product_cat?post=92608"},{"taxonomy":"product_tag","embeddable":true,"href":"https:\/\/watchdeluxe.it\/de\/wp-json\/wp\/v2\/product_tag?post=92608"},{"taxonomy":"berocket_brand","embeddable":true,"href":"https:\/\/watchdeluxe.it\/de\/wp-json\/wp\/v2\/berocket_brand?post=92608"},{"taxonomy":"woo-feed-brand","embeddable":true,"href":"https:\/\/watchdeluxe.it\/de\/wp-json\/wp\/v2\/woo-feed-brand?post=92608"}],"curies":[{"name":"wp","href":"https:\/\/api.w.org\/{rel}","templated":true}]}}