{"id":92563,"date":"2024-02-26T14:50:45","date_gmt":"2024-02-26T13:50:45","guid":{"rendered":"https:\/\/watchdeluxe.it\/prodotto\/tag-heuer-monaco-chronograph-limitierte-auflage-ref-cbl2184-ft6236\/"},"modified":"2026-01-19T15:12:46","modified_gmt":"2026-01-19T14:12:46","slug":"tag-heuer-monaco-chronograph-limitierte-auflage-ref-cbl2184-ft6236","status":"publish","type":"product","link":"https:\/\/watchdeluxe.it\/de\/prodotto\/tag-heuer-monaco-chronograph-limitierte-auflage-ref-cbl2184-ft6236\/","title":{"rendered":"TAG Heuer Monaco Chronograph limitierte Auflage ref. CBL2184.FT6236"},"content":{"rendered":"<p>TAG Heuer Monaco Chronograph limitierte Auflage ref. CBL2184.FT6236<\/p>\n<p>Schwarzes Quadrantye mit blauen Details<\/p>\n<div class=\"ab--tech-specs-item-body\" data-name=\"case\">\n<div class=\"ab--tech-specs-item-body-item\">Gr\u00f6\u00dfe39 mm<\/div>\n<div class=\"ab--tech-specs-item-body-item\">Wasserbest\u00e4ndigkeit100 m<\/div>\n<div class=\"ab--tech-specs-item-body-item\">Geh\u00e4usek\u00f6rper Titan DLC<\/div>\n<div class=\"ab--tech-specs-item-body-item\">  Feste L\u00fcnette Titan<\/div>\n<div class=\"ab--tech-specs-item-body-item\">Stahlkrone<\/div>\n<div class=\"ab--tech-specs-item-body-item\">R\u00fcckseite Saphirglas<\/div>\n<\/div>\n<div class=\"ab--tech-specs-item-body\" data-name=\"movement\">\n<div class=\"ab--tech-specs-item-body-item\">Kaliber Heuer 02 Automatik<\/div>\n<div class=\"ab--tech-specs-item-body-item\">Uhrwerk Automatischer Chronograph<\/div>\n<div class=\"ab--tech-specs-item-body-item\">Uhrwerk der ManufakturJa<\/div>\n<div class=\"ab--tech-specs-item-body-item\">Gangreserve (Stunden)80<\/div>\n<div class=\"ab--tech-specs-item-body-item\">Ausgleichsfrequenz28800 (4Hz)<\/div>\n<div class=\"ab--tech-specs-item-body-item\">Funktionen Stunden, Minuten, Sekunden, Chronograph: 1\/4 Sekunde, 30-Minuten-Z\u00e4hler, 12-Stunden-Z\u00e4hler, Datum<\/div>\n<div>\n<div class=\"ab--tech-specs-item-body\" data-name=\"strap\">\n<div class=\"ab--tech-specs-item-body-item\">Material des Armbands Gummi und Leder<\/div>\n<div class=\"ab--tech-specs-item-body-item\">FarbeSchwarz<\/div>\n<div class=\"ab--tech-specs-item-body-item\">SchnalleFaltschlie\u00dfe mit Kn\u00f6pfen<\/div>\n<\/div>\n<\/div>\n<\/div>\n","protected":false},"excerpt":{"rendered":"<p>TAG Heuer Monaco Chronograph limitierte Auflage ref. CBL2184.FT6236 Schwarzes Quadrantye mit blauen Details Gr\u00f6\u00dfe39 mm Wasserbest\u00e4ndigkeit100 m Geh\u00e4usek\u00f6rper Titan DLC Feste L\u00fcnette Titan Stahlkrone R\u00fcckseite Saphirglas Kaliber Heuer 02 Automatik Uhrwerk Automatischer Chronograph Uhrwerk der ManufakturJa Gangreserve (Stunden)80 Ausgleichsfrequenz28800 (4Hz) Funktionen Stunden, Minuten, Sekunden, Chronograph: 1\/4 Sekunde, 30-Minuten-Z\u00e4hler, 12-Stunden-Z\u00e4hler, Datum Material des Armbands Gummi und [&hellip;]<\/p>\n","protected":false},"featured_media":92560,"template":"","meta":{"_crdt_document":"","advanced_seo_description":"","jetpack_seo_html_title":"","jetpack_seo_noindex":false},"product_brand":[2161],"product_cat":[2255],"product_tag":[2299],"berocket_brand":[],"woo-feed-brand":[],"class_list":{"0":"post-92563","1":"product","2":"type-product","3":"status-publish","4":"has-post-thumbnail","6":"product_brand-tag-heuer","7":"product_cat-tag-heuer-de","8":"product_tag-monaco-de","10":"first","11":"instock","12":"sale","13":"taxable","14":"shipping-taxable","15":"purchasable","16":"product-type-simple"},"bundled_by":[],"bundle_stock_status":"instock","bundle_stock_quantity":1,"bundle_virtual":false,"bundle_layout":"","bundle_add_to_cart_form_location":"","bundle_editable_in_cart":false,"bundle_sold_individually_context":"","bundle_item_grouping":"","bundle_min_size":"","bundle_max_size":"","bundle_price":[],"bundled_items":[],"bundle_sell_ids":[],"group_of_quantity":0,"min_quantity":0,"max_quantity":"","exclude_order_quantity_value_rules":"no","exclude_category_quantity_rules":"no","combine_variations":"no","exclude_global_add_ons":[],"addons":[],"jetpack_sharing_enabled":true,"jetpack_likes_enabled":true,"_links":{"self":[{"href":"https:\/\/watchdeluxe.it\/de\/wp-json\/wp\/v2\/product\/92563","targetHints":{"allow":["GET"]}}],"collection":[{"href":"https:\/\/watchdeluxe.it\/de\/wp-json\/wp\/v2\/product"}],"about":[{"href":"https:\/\/watchdeluxe.it\/de\/wp-json\/wp\/v2\/types\/product"}],"wp:featuredmedia":[{"embeddable":true,"href":"https:\/\/watchdeluxe.it\/de\/wp-json\/wp\/v2\/media\/92560"}],"wp:attachment":[{"href":"https:\/\/watchdeluxe.it\/de\/wp-json\/wp\/v2\/media?parent=92563"}],"wp:term":[{"taxonomy":"product_brand","embeddable":true,"href":"https:\/\/watchdeluxe.it\/de\/wp-json\/wp\/v2\/product_brand?post=92563"},{"taxonomy":"product_cat","embeddable":true,"href":"https:\/\/watchdeluxe.it\/de\/wp-json\/wp\/v2\/product_cat?post=92563"},{"taxonomy":"product_tag","embeddable":true,"href":"https:\/\/watchdeluxe.it\/de\/wp-json\/wp\/v2\/product_tag?post=92563"},{"taxonomy":"berocket_brand","embeddable":true,"href":"https:\/\/watchdeluxe.it\/de\/wp-json\/wp\/v2\/berocket_brand?post=92563"},{"taxonomy":"woo-feed-brand","embeddable":true,"href":"https:\/\/watchdeluxe.it\/de\/wp-json\/wp\/v2\/woo-feed-brand?post=92563"}],"curies":[{"name":"wp","href":"https:\/\/api.w.org\/{rel}","templated":true}]}}