{"id":92514,"date":"2024-02-23T15:15:54","date_gmt":"2024-02-23T14:15:54","guid":{"rendered":"https:\/\/watchdeluxe.it\/prodotto\/nomos-club-sport-neomatik-39-ember-ref-762\/"},"modified":"2024-02-23T15:15:54","modified_gmt":"2024-02-23T14:15:54","slug":"nomos-club-sport-neomatik-39-ember-ref-762","status":"publish","type":"product","link":"https:\/\/watchdeluxe.it\/de\/prodotto\/nomos-club-sport-neomatik-39-ember-ref-762\/","title":{"rendered":"Nomos Club Sport neomatik 39 ember ref. 762"},"content":{"rendered":"<p>Nomos Club Sport neomatik 39 ember ref. 762<\/p>\n<div class=\"list-couple\">\n<div class=\"specs-list\">\n<dl>\n<dt>Fall<\/dt>\n<dd>Edelstahl, zweiteilig<br \/>\nR\u00fcckseite aus Saphirglas<br \/>\ngeschraubt<\/dd>\n<\/dl>\n<dl>\n<dt>Glas<\/dt>\n<dd>Saphirglas mit Antireflexionsbeschichtung<\/dd>\n<\/dl>\n<dl>\n<dt>Laden Sie<\/dt>\n<dd>automatisch<\/dd>\n<\/dl>\n<dl>\n<dt>Abmessungen<\/dt>\n<dd><span class=\"size-property\"> 39,5 mm <\/span> Durchmesser<br \/>\nDicke 8 <span class=\"size-property\">,5 mm <\/span><br \/>\n\u00c4u\u00dfere Schlaufengr\u00f6\u00dfe <span class=\"size-property\"> 49,5 mm <\/span> <\/dd>\n<\/dl>\n<dl>\n<dt>Wasserbest\u00e4ndigkeit<\/dt>\n<dd>20 atm (tauchfest)<\/dd>\n<\/dl>\n<\/div>\n<div class=\"specs-list\">\n<dl>\n<dt>W\u00e4hlen Sie<\/dt>\n<dd>galvanisiert, beige-gold, mit Sonnenschliff, Stundenziffern und Superluminova-Indizes in wei\u00df<\/dd>\n<\/dl>\n<dl>\n<dt>H\u00e4nde<\/dt>\n<dd>rhodiniert, mit wei\u00dfen Superluminova-Eins\u00e4tzen<\/dd>\n<\/dl>\n<dl>\n<dt>Gurt<\/dt>\n<dd>Club Sport-Armband, mit Schnellverschluss-Federstegen<br \/>\n<span class=\"size-property\">  Schlaufenbreite 20 mm  <\/span><\/dd>\n<\/dl>\n<\/div>\n<\/div>\n","protected":false},"excerpt":{"rendered":"<p>Nomos Club Sport neomatik 39 ember ref. 762 Fall Edelstahl, zweiteilig R\u00fcckseite aus Saphirglas geschraubt Glas Saphirglas mit Antireflexionsbeschichtung Laden Sie automatisch Abmessungen 39,5 mm Durchmesser Dicke 8 ,5 mm \u00c4u\u00dfere Schlaufengr\u00f6\u00dfe 49,5 mm Wasserbest\u00e4ndigkeit 20 atm (tauchfest) W\u00e4hlen Sie galvanisiert, beige-gold, mit Sonnenschliff, Stundenziffern und Superluminova-Indizes in wei\u00df H\u00e4nde rhodiniert, mit wei\u00dfen Superluminova-Eins\u00e4tzen Gurt [&hellip;]<\/p>\n","protected":false},"featured_media":92509,"template":"","meta":{"_crdt_document":"","advanced_seo_description":"","jetpack_seo_html_title":"","jetpack_seo_noindex":false},"product_brand":[2154],"product_cat":[1919],"product_tag":[2383],"berocket_brand":[],"woo-feed-brand":[],"class_list":{"0":"post-92514","1":"product","2":"type-product","3":"status-publish","4":"has-post-thumbnail","6":"product_brand-nomos-glashutte","7":"product_cat-nomos-glashutte","8":"product_tag-club-de","10":"first","11":"instock","12":"sale","13":"taxable","14":"shipping-taxable","15":"purchasable","16":"product-type-simple"},"bundled_by":[],"bundle_stock_status":"instock","bundle_stock_quantity":1,"bundle_virtual":false,"bundle_layout":"","bundle_add_to_cart_form_location":"","bundle_editable_in_cart":false,"bundle_sold_individually_context":"","bundle_item_grouping":"","bundle_min_size":"","bundle_max_size":"","bundle_price":[],"bundled_items":[],"bundle_sell_ids":[],"group_of_quantity":0,"min_quantity":0,"max_quantity":"","exclude_order_quantity_value_rules":"no","exclude_category_quantity_rules":"no","combine_variations":"no","jetpack_sharing_enabled":true,"jetpack_likes_enabled":true,"_links":{"self":[{"href":"https:\/\/watchdeluxe.it\/de\/wp-json\/wp\/v2\/product\/92514","targetHints":{"allow":["GET"]}}],"collection":[{"href":"https:\/\/watchdeluxe.it\/de\/wp-json\/wp\/v2\/product"}],"about":[{"href":"https:\/\/watchdeluxe.it\/de\/wp-json\/wp\/v2\/types\/product"}],"wp:featuredmedia":[{"embeddable":true,"href":"https:\/\/watchdeluxe.it\/de\/wp-json\/wp\/v2\/media\/92509"}],"wp:attachment":[{"href":"https:\/\/watchdeluxe.it\/de\/wp-json\/wp\/v2\/media?parent=92514"}],"wp:term":[{"taxonomy":"product_brand","embeddable":true,"href":"https:\/\/watchdeluxe.it\/de\/wp-json\/wp\/v2\/product_brand?post=92514"},{"taxonomy":"product_cat","embeddable":true,"href":"https:\/\/watchdeluxe.it\/de\/wp-json\/wp\/v2\/product_cat?post=92514"},{"taxonomy":"product_tag","embeddable":true,"href":"https:\/\/watchdeluxe.it\/de\/wp-json\/wp\/v2\/product_tag?post=92514"},{"taxonomy":"berocket_brand","embeddable":true,"href":"https:\/\/watchdeluxe.it\/de\/wp-json\/wp\/v2\/berocket_brand?post=92514"},{"taxonomy":"woo-feed-brand","embeddable":true,"href":"https:\/\/watchdeluxe.it\/de\/wp-json\/wp\/v2\/woo-feed-brand?post=92514"}],"curies":[{"name":"wp","href":"https:\/\/api.w.org\/{rel}","templated":true}]}}