{"id":92087,"date":"2024-05-31T15:35:33","date_gmt":"2024-05-31T13:35:33","guid":{"rendered":"https:\/\/watchdeluxe.it\/prodotto\/baume-mercier-baume-42-mm-ref-m0a10637\/"},"modified":"2026-04-06T08:40:04","modified_gmt":"2026-04-06T06:40:04","slug":"baume-mercier-baume-42-mm-ref-m0a10637","status":"publish","type":"product","link":"https:\/\/watchdeluxe.it\/de\/prodotto\/baume-mercier-baume-42-mm-ref-m0a10637\/","title":{"rendered":"Baume &amp; Mercier Baume 42 Mm Ref. M0A10637"},"content":{"rendered":"<p>Baume &amp; Mercier Baume 42 Mm Ref. M0A10637<\/p>\n<div class=\"overview\">\n<div class=\"short-description\">Runder Zeitmesser von Baume mit Krone bei 12 Uhr, gegliederten Bandanst\u00f6\u00dfen aus schwarzem PVD-Stahl und austauschbarem Knopfarmbandsystem. Sie verf\u00fcgt \u00fcber ein blau lackiertes Zifferblatt mit einer exklusiven Mondphasenscheibe. Sie wird von einem blauen Baumwollband begleitet.<\/div>\n<p>&nbsp;<\/p>\n<div class=\"product-collateral\">\n<div class=\"product-specs-box\">\n<div class=\"title\"><strong>Einzelheiten zum Produkt<\/strong><\/div>\n<div class=\"table-wrapper\">\n<table class=\"data-table\">\n<colgroup>\n<col width=\"25%\">\n<col> <\/colgroup>\n<tbody>\n<tr class=\"odd\">\n<td class=\"spec-name\">Linie<\/td>\n<td class=\"spec-value\">BAUME<\/td>\n<\/tr>\n<tr class=\"even\">\n<td class=\"spec-name\">Komplikation<\/td>\n<td class=\"spec-value\">MONDPHASEN<\/td>\n<\/tr>\n<tr class=\"odd\">\n<td class=\"spec-name\">Uhrwerk<\/td>\n<td class=\"spec-value\">QUARTZ<\/td>\n<\/tr>\n<tr class=\"even\">\n<td class=\"spec-name\">Form<\/td>\n<td class=\"spec-value\">RUND<\/td>\n<\/tr>\n<tr class=\"odd\">\n<td class=\"spec-name\">Gr\u00f6\u00dfe<\/td>\n<td class=\"spec-value\">42 MM<\/td>\n<\/tr>\n<tr class=\"even\">\n<td class=\"spec-name\">Material Geh\u00e4use<\/td>\n<td class=\"spec-value\">Stahl<\/td>\n<\/tr>\n<tr class=\"odd\">\n<td class=\"spec-name\">W\u00e4hlen Sie<\/td>\n<td class=\"spec-value\">BLAU<\/td>\n<\/tr>\n<tr class=\"even\">\n<td class=\"spec-name\">Armband<\/td>\n<td class=\"spec-value\">BAUMWOLLE<\/td>\n<\/tr>\n<tr class=\"odd\">\n<td class=\"spec-name\">Wasserdichtigkeit<\/td>\n<td class=\"spec-value\">30 M<\/td>\n<\/tr>\n<\/tbody>\n<\/table>\n<\/div>\n<\/div>\n<\/div>\n<\/div>\n","protected":false},"excerpt":{"rendered":"<p>Baume &amp; Mercier Baume 42 Mm Ref. M0A10637 Runder Zeitmesser von Baume mit Krone bei 12 Uhr, gegliederten Bandanst\u00f6\u00dfen aus schwarzem PVD-Stahl und austauschbarem Knopfarmbandsystem. Sie verf\u00fcgt \u00fcber ein blau lackiertes Zifferblatt mit einer exklusiven Mondphasenscheibe. Sie wird von einem blauen Baumwollband begleitet. &nbsp; Einzelheiten zum Produkt Linie BAUME Komplikation MONDPHASEN Uhrwerk QUARTZ Form RUND [&hellip;]<\/p>\n","protected":false},"featured_media":159899,"template":"","meta":{"_crdt_document":"","advanced_seo_description":"","jetpack_seo_html_title":"","jetpack_seo_noindex":false,"jetpack_post_was_ever_published":true},"product_brand":[],"product_cat":[2610],"product_tag":[2653],"berocket_brand":[],"woo-feed-brand":[],"class_list":{"0":"post-92087","1":"product","2":"type-product","3":"status-publish","4":"has-post-thumbnail","6":"product_cat-baume-mercier-de","7":"product_tag-baume-de","9":"first","10":"instock","11":"sale","12":"taxable","13":"shipping-taxable","14":"purchasable","15":"product-type-simple"},"bundled_by":[],"bundle_stock_status":"instock","bundle_stock_quantity":1,"bundle_virtual":false,"bundle_layout":"","bundle_add_to_cart_form_location":"","bundle_editable_in_cart":false,"bundle_sold_individually_context":"","bundle_item_grouping":"","bundle_min_size":"","bundle_max_size":"","bundle_price":[],"bundled_items":[],"bundle_sell_ids":[],"group_of_quantity":0,"min_quantity":0,"max_quantity":"","exclude_order_quantity_value_rules":"no","exclude_category_quantity_rules":"no","combine_variations":"no","exclude_global_add_ons":[],"addons":[],"jetpack_sharing_enabled":true,"jetpack_likes_enabled":true,"_links":{"self":[{"href":"https:\/\/watchdeluxe.it\/de\/wp-json\/wp\/v2\/product\/92087","targetHints":{"allow":["GET"]}}],"collection":[{"href":"https:\/\/watchdeluxe.it\/de\/wp-json\/wp\/v2\/product"}],"about":[{"href":"https:\/\/watchdeluxe.it\/de\/wp-json\/wp\/v2\/types\/product"}],"wp:featuredmedia":[{"embeddable":true,"href":"https:\/\/watchdeluxe.it\/de\/wp-json\/wp\/v2\/media\/159899"}],"wp:attachment":[{"href":"https:\/\/watchdeluxe.it\/de\/wp-json\/wp\/v2\/media?parent=92087"}],"wp:term":[{"taxonomy":"product_brand","embeddable":true,"href":"https:\/\/watchdeluxe.it\/de\/wp-json\/wp\/v2\/product_brand?post=92087"},{"taxonomy":"product_cat","embeddable":true,"href":"https:\/\/watchdeluxe.it\/de\/wp-json\/wp\/v2\/product_cat?post=92087"},{"taxonomy":"product_tag","embeddable":true,"href":"https:\/\/watchdeluxe.it\/de\/wp-json\/wp\/v2\/product_tag?post=92087"},{"taxonomy":"berocket_brand","embeddable":true,"href":"https:\/\/watchdeluxe.it\/de\/wp-json\/wp\/v2\/berocket_brand?post=92087"},{"taxonomy":"woo-feed-brand","embeddable":true,"href":"https:\/\/watchdeluxe.it\/de\/wp-json\/wp\/v2\/woo-feed-brand?post=92087"}],"curies":[{"name":"wp","href":"https:\/\/api.w.org\/{rel}","templated":true}]}}