{"id":92066,"date":"2024-02-16T16:35:21","date_gmt":"2024-02-16T15:35:21","guid":{"rendered":"https:\/\/watchdeluxe.it\/prodotto\/bell-ross-br-x5-green-lum-ref-brx5r-lum-tc-srb\/"},"modified":"2026-04-13T12:04:38","modified_gmt":"2026-04-13T10:04:38","slug":"bell-ross-br-x5-green-lum-ref-brx5r-lum-tc-srb","status":"publish","type":"product","link":"https:\/\/watchdeluxe.it\/de\/prodotto\/bell-ross-br-x5-green-lum-ref-brx5r-lum-tc-srb\/","title":{"rendered":"Bell &amp; Ross BR-X5 Green Lum ref. BRX5R-LUM-TC\/SRB"},"content":{"rendered":"<p>Bell &amp; Ross BR-X5 Green Lum ref. BRX5R-LUM-TC\/SRB<\/p>\n<ul>\n<li>\n<div class=\"spec-box\">\n<div class=\"spec-box-in\">\n<h4>BEWEGUNG<\/h4>\n<p>Kaliber BR-CAL.323. Herstellung. Automatisch mechanisch. Gangreserve ca. 70 Stunden.<\/p>\n<\/div>\n<\/div>\n<\/li>\n<li>\n<div class=\"spec-box\">\n<div class=\"spec-box-in\">\n<h4>FUNKTIONEN<\/h4>\n<p>Stunden, Minuten und Sekunden. Datumsfenster bei 3 Uhr und Gangreserveanzeige bei 9 Uhr.<\/p>\n<\/div>\n<\/div>\n<\/li>\n<li>\n<div class=\"spec-box\">\n<div class=\"spec-box-in\">\n<h4>CASH<\/h4>\n<p>Breite 41 mm. Dicke 12,80 mm. Geh\u00e4use aus mikrogestrahltem Titan Grad 2 mit DLC-Beschichtung (Diamond Like Carbon). Obere und untere Platte aus gr\u00fcnem lumineszierendem Glasfasermaterial. Feste L\u00fcnette aus mikroperlengestrahltem Titan Grad 2 mit nachleuchtender L\u00fcnettenplatte. Verschraubte Krone und Kronendeckel aus Titan Grad 2. Boden aus mikrogestrahltem Titan Grad 2 mit grau ger\u00e4uchertem, entspiegeltem Saphirglas. R\u00fccken mit schwingender Masse.<\/p>\n<\/div>\n<\/div>\n<\/li>\n<li>\n<div class=\"spec-box\">\n<div class=\"spec-box-in\">\n<h4>QUADRANT<\/h4>\n<p>Mattschwarz. Angewandte Indizes mit schwarzem Lack gef\u00fcllt. Skelettierte Stunden- und Minutenzeiger, bedeckt mit Super-LumiNova\u00ae. Schwarzer Flansch mit 60-Minuten-Skala mit gr\u00fcner Markierung.<\/p>\n<\/div>\n<\/div>\n<\/li>\n<\/ul>\n","protected":false},"excerpt":{"rendered":"<p>Bell &amp; Ross BR-X5 Green Lum ref. BRX5R-LUM-TC\/SRB BEWEGUNG Kaliber BR-CAL.323. Herstellung. Automatisch mechanisch. Gangreserve ca. 70 Stunden. FUNKTIONEN Stunden, Minuten und Sekunden. Datumsfenster bei 3 Uhr und Gangreserveanzeige bei 9 Uhr. CASH Breite 41 mm. Dicke 12,80 mm. Geh\u00e4use aus mikrogestrahltem Titan Grad 2 mit DLC-Beschichtung (Diamond Like Carbon). Obere und untere Platte aus [&hellip;]<\/p>\n","protected":false},"featured_media":92062,"template":"","meta":{"_crdt_document":"","advanced_seo_description":"","jetpack_seo_html_title":"","jetpack_seo_noindex":false},"product_brand":[],"product_cat":[2516],"product_tag":[4175],"berocket_brand":[],"woo-feed-brand":[],"class_list":{"0":"post-92066","1":"product","2":"type-product","3":"status-publish","4":"has-post-thumbnail","6":"product_cat-bell-ross-en","7":"product_tag-br-x5-en","9":"first","10":"instock","11":"sale","12":"taxable","13":"shipping-taxable","14":"purchasable","15":"product-type-simple"},"bundled_by":[],"bundle_stock_status":"instock","bundle_stock_quantity":1,"bundle_virtual":false,"bundle_layout":"","bundle_add_to_cart_form_location":"","bundle_editable_in_cart":false,"bundle_sold_individually_context":"","bundle_item_grouping":"","bundle_min_size":"","bundle_max_size":"","bundle_price":[],"bundled_items":[],"bundle_sell_ids":[],"group_of_quantity":0,"min_quantity":0,"max_quantity":"","exclude_order_quantity_value_rules":"no","exclude_category_quantity_rules":"no","combine_variations":"no","jetpack_sharing_enabled":true,"jetpack_likes_enabled":true,"_links":{"self":[{"href":"https:\/\/watchdeluxe.it\/de\/wp-json\/wp\/v2\/product\/92066","targetHints":{"allow":["GET"]}}],"collection":[{"href":"https:\/\/watchdeluxe.it\/de\/wp-json\/wp\/v2\/product"}],"about":[{"href":"https:\/\/watchdeluxe.it\/de\/wp-json\/wp\/v2\/types\/product"}],"wp:featuredmedia":[{"embeddable":true,"href":"https:\/\/watchdeluxe.it\/de\/wp-json\/wp\/v2\/media\/92062"}],"wp:attachment":[{"href":"https:\/\/watchdeluxe.it\/de\/wp-json\/wp\/v2\/media?parent=92066"}],"wp:term":[{"taxonomy":"product_brand","embeddable":true,"href":"https:\/\/watchdeluxe.it\/de\/wp-json\/wp\/v2\/product_brand?post=92066"},{"taxonomy":"product_cat","embeddable":true,"href":"https:\/\/watchdeluxe.it\/de\/wp-json\/wp\/v2\/product_cat?post=92066"},{"taxonomy":"product_tag","embeddable":true,"href":"https:\/\/watchdeluxe.it\/de\/wp-json\/wp\/v2\/product_tag?post=92066"},{"taxonomy":"berocket_brand","embeddable":true,"href":"https:\/\/watchdeluxe.it\/de\/wp-json\/wp\/v2\/berocket_brand?post=92066"},{"taxonomy":"woo-feed-brand","embeddable":true,"href":"https:\/\/watchdeluxe.it\/de\/wp-json\/wp\/v2\/woo-feed-brand?post=92066"}],"curies":[{"name":"wp","href":"https:\/\/api.w.org\/{rel}","templated":true}]}}