{"id":91941,"date":"2024-02-12T12:06:16","date_gmt":"2024-02-12T11:06:16","guid":{"rendered":"https:\/\/watchdeluxe.it\/prodotto\/tag-heuer-carrera-gruener-chronograph-ref-cbs2211-fc6545\/"},"modified":"2026-04-10T18:31:28","modified_gmt":"2026-04-10T16:31:28","slug":"tag-heuer-carrera-gruener-chronograph-ref-cbs2211-fc6545","status":"publish","type":"product","link":"https:\/\/watchdeluxe.it\/de\/prodotto\/tag-heuer-carrera-gruener-chronograph-ref-cbs2211-fc6545\/","title":{"rendered":"Tag Heuer Carrera Chronograph Gr\u00fcn Ref. CBS2211.FC6545"},"content":{"rendered":"<p>Tag Heuer Carrera gr\u00fcner Chronograph ref. CBS2211.FC6545<\/p>\n<p>gr\u00fcnes Zifferblatt<\/p>\n<div class=\"ab--tech-specs-item-body\" data-name=\"movement\">\n<div class=\"ab--tech-specs-item-body-item\">KaliberTH20-07<\/div>\n<div class=\"ab--tech-specs-item-body-item\">UhrwerkAutomatischer Chronograph<\/div>\n<div class=\"ab--tech-specs-item-body-item\">Uhrwerk der ManufakturJa<\/div>\n<div class=\"ab--tech-specs-item-body-item\">Gangreserve (Stunden)80<\/div>\n<div class=\"ab--tech-specs-item-body-item\">Ausgleichsfrequenz28800 (4Hz)<\/div>\n<div class=\"ab--tech-specs-item-body-item\">Funktionen Stunden, Minuten, Sekunden, Chronograph: 30-Minuten-Z\u00e4hler<\/div>\n<div>\n<div class=\"ab--tech-specs-item-body\" data-name=\"case\">\n<div class=\"ab--tech-specs-item-body-item\">Gr\u00f6\u00dfe39 mm<\/div>\n<div class=\"ab--tech-specs-item-body-item\">Wasserbest\u00e4ndigkeit100 m<\/div>\n<div class=\"ab--tech-specs-item-body-item\">Geh\u00e4usek\u00f6rperStahl satiniert\/poliert<\/div>\n<div class=\"ab--tech-specs-item-body-item\">L\u00fcnetteOhne L\u00fcnette<\/div>\n<div class=\"ab--tech-specs-item-body-item\">R\u00fcckseiteSaphirglas &#8211; Stahl<\/div>\n<\/div>\n<\/div>\n<\/div>\n","protected":false},"excerpt":{"rendered":"<p>Tag Heuer Carrera gr\u00fcner Chronograph ref. CBS2211.FC6545 gr\u00fcnes Zifferblatt KaliberTH20-07 UhrwerkAutomatischer Chronograph Uhrwerk der ManufakturJa Gangreserve (Stunden)80 Ausgleichsfrequenz28800 (4Hz) Funktionen Stunden, Minuten, Sekunden, Chronograph: 30-Minuten-Z\u00e4hler Gr\u00f6\u00dfe39 mm Wasserbest\u00e4ndigkeit100 m Geh\u00e4usek\u00f6rperStahl satiniert\/poliert L\u00fcnetteOhne L\u00fcnette R\u00fcckseiteSaphirglas &#8211; Stahl<\/p>\n","protected":false},"featured_media":91935,"template":"","meta":{"_crdt_document":"","advanced_seo_description":"","jetpack_seo_html_title":"","jetpack_seo_noindex":false},"product_brand":[],"product_cat":[2255],"product_tag":[2368],"berocket_brand":[],"woo-feed-brand":[],"class_list":{"0":"post-91941","1":"product","2":"type-product","3":"status-publish","4":"has-post-thumbnail","6":"product_cat-tag-heuer-de","7":"product_tag-carrera-de","9":"first","10":"instock","11":"sale","12":"taxable","13":"shipping-taxable","14":"purchasable","15":"product-type-simple"},"bundled_by":[],"bundle_stock_status":"instock","bundle_stock_quantity":1,"bundle_virtual":false,"bundle_layout":"","bundle_add_to_cart_form_location":"","bundle_editable_in_cart":false,"bundle_sold_individually_context":"","bundle_item_grouping":"","bundle_min_size":"","bundle_max_size":"","bundle_price":[],"bundled_items":[],"bundle_sell_ids":[],"group_of_quantity":0,"min_quantity":0,"max_quantity":"","exclude_order_quantity_value_rules":"no","exclude_category_quantity_rules":"no","combine_variations":"no","exclude_global_add_ons":[],"addons":[],"jetpack_sharing_enabled":true,"jetpack_likes_enabled":true,"_links":{"self":[{"href":"https:\/\/watchdeluxe.it\/de\/wp-json\/wp\/v2\/product\/91941","targetHints":{"allow":["GET"]}}],"collection":[{"href":"https:\/\/watchdeluxe.it\/de\/wp-json\/wp\/v2\/product"}],"about":[{"href":"https:\/\/watchdeluxe.it\/de\/wp-json\/wp\/v2\/types\/product"}],"wp:featuredmedia":[{"embeddable":true,"href":"https:\/\/watchdeluxe.it\/de\/wp-json\/wp\/v2\/media\/91935"}],"wp:attachment":[{"href":"https:\/\/watchdeluxe.it\/de\/wp-json\/wp\/v2\/media?parent=91941"}],"wp:term":[{"taxonomy":"product_brand","embeddable":true,"href":"https:\/\/watchdeluxe.it\/de\/wp-json\/wp\/v2\/product_brand?post=91941"},{"taxonomy":"product_cat","embeddable":true,"href":"https:\/\/watchdeluxe.it\/de\/wp-json\/wp\/v2\/product_cat?post=91941"},{"taxonomy":"product_tag","embeddable":true,"href":"https:\/\/watchdeluxe.it\/de\/wp-json\/wp\/v2\/product_tag?post=91941"},{"taxonomy":"berocket_brand","embeddable":true,"href":"https:\/\/watchdeluxe.it\/de\/wp-json\/wp\/v2\/berocket_brand?post=91941"},{"taxonomy":"woo-feed-brand","embeddable":true,"href":"https:\/\/watchdeluxe.it\/de\/wp-json\/wp\/v2\/woo-feed-brand?post=91941"}],"curies":[{"name":"wp","href":"https:\/\/api.w.org\/{rel}","templated":true}]}}