{"id":91348,"date":"2024-02-08T10:22:28","date_gmt":"2024-02-08T09:22:28","guid":{"rendered":"https:\/\/watchdeluxe.it\/prodotto\/montblanc-compact-handgepaeck-trolley-my4810-ref-198348\/"},"modified":"2024-02-08T10:22:28","modified_gmt":"2024-02-08T09:22:28","slug":"montblanc-compact-handgepaeck-trolley-my4810-ref-198348","status":"publish","type":"product","link":"https:\/\/watchdeluxe.it\/de\/prodotto\/montblanc-compact-handgepaeck-trolley-my4810-ref-198348\/","title":{"rendered":"Montblanc Compact Handgep\u00e4ck-Trolley #My4810 Ref. 198348"},"content":{"rendered":"<p>Montblanc Compact Handgep\u00e4ck-Trolley #My4810 Ref. 198348<\/p>\n<div class=\"picture-wrapper\">\n<div id=\"sevenspikes-cloud-zoom\" class=\"picture\" data-zoomwindowelementid=\"\" data-selectoroftheparentelementofthecloudzoomwindow=\"\" data-defaultimagecontainerselector=\".product-essential .gallery\" data-zoom-window-width=\"360\" data-zoom-window-height=\"360\"><\/div>\n<\/div>\n<div class=\"picture-thumbs in-carousel\"><\/div>\n<div class=\"overview\">\n<div class=\"short-description\">Entdecken Sie die neue Trolley-Serie #MY4810 und finden Sie Ihren pers\u00f6nlichen Reisebegleiter. Ein kompakter Gep\u00e4cktrolley aus leichtem Polycarbonat mit Lederdetails, der dank seines vierst\u00fcndigen, mehrfach verl\u00e4ngerten Griffs und seiner cleveren Organisation mit mehreren F\u00e4chern \u00e4u\u00dferst praktisch ist. Er misst 35 x 55 x 21 cm (Volumen 34 L) und wird allgemein als Handgep\u00e4ck akzeptiert.<\/div>\n<\/div>\n","protected":false},"excerpt":{"rendered":"<p>Montblanc Compact Handgep\u00e4ck-Trolley #My4810 Ref. 198348 Entdecken Sie die neue Trolley-Serie #MY4810 und finden Sie Ihren pers\u00f6nlichen Reisebegleiter. Ein kompakter Gep\u00e4cktrolley aus leichtem Polycarbonat mit Lederdetails, der dank seines vierst\u00fcndigen, mehrfach verl\u00e4ngerten Griffs und seiner cleveren Organisation mit mehreren F\u00e4chern \u00e4u\u00dferst praktisch ist. Er misst 35 x 55 x 21 cm (Volumen 34 L) und [&hellip;]<\/p>\n","protected":false},"featured_media":91344,"template":"","meta":{"_crdt_document":"","advanced_seo_description":"","jetpack_seo_html_title":"","jetpack_seo_noindex":false},"product_brand":[1907],"product_cat":[1929],"product_tag":[2396],"berocket_brand":[],"woo-feed-brand":[],"class_list":{"0":"post-91348","1":"product","2":"type-product","3":"status-publish","4":"has-post-thumbnail","6":"product_brand-montblanc","7":"product_cat-montblanc","8":"product_tag-taschen","10":"first","11":"instock","12":"sale","13":"taxable","14":"shipping-taxable","15":"purchasable","16":"product-type-simple"},"bundled_by":[],"bundle_stock_status":"instock","bundle_stock_quantity":1,"bundle_virtual":false,"bundle_layout":"","bundle_add_to_cart_form_location":"","bundle_editable_in_cart":false,"bundle_sold_individually_context":"","bundle_item_grouping":"","bundle_min_size":"","bundle_max_size":"","bundle_price":[],"bundled_items":[],"bundle_sell_ids":[],"group_of_quantity":0,"min_quantity":0,"max_quantity":"","exclude_order_quantity_value_rules":"no","exclude_category_quantity_rules":"no","combine_variations":"no","jetpack_sharing_enabled":true,"jetpack_likes_enabled":true,"_links":{"self":[{"href":"https:\/\/watchdeluxe.it\/de\/wp-json\/wp\/v2\/product\/91348","targetHints":{"allow":["GET"]}}],"collection":[{"href":"https:\/\/watchdeluxe.it\/de\/wp-json\/wp\/v2\/product"}],"about":[{"href":"https:\/\/watchdeluxe.it\/de\/wp-json\/wp\/v2\/types\/product"}],"wp:featuredmedia":[{"embeddable":true,"href":"https:\/\/watchdeluxe.it\/de\/wp-json\/wp\/v2\/media\/91344"}],"wp:attachment":[{"href":"https:\/\/watchdeluxe.it\/de\/wp-json\/wp\/v2\/media?parent=91348"}],"wp:term":[{"taxonomy":"product_brand","embeddable":true,"href":"https:\/\/watchdeluxe.it\/de\/wp-json\/wp\/v2\/product_brand?post=91348"},{"taxonomy":"product_cat","embeddable":true,"href":"https:\/\/watchdeluxe.it\/de\/wp-json\/wp\/v2\/product_cat?post=91348"},{"taxonomy":"product_tag","embeddable":true,"href":"https:\/\/watchdeluxe.it\/de\/wp-json\/wp\/v2\/product_tag?post=91348"},{"taxonomy":"berocket_brand","embeddable":true,"href":"https:\/\/watchdeluxe.it\/de\/wp-json\/wp\/v2\/berocket_brand?post=91348"},{"taxonomy":"woo-feed-brand","embeddable":true,"href":"https:\/\/watchdeluxe.it\/de\/wp-json\/wp\/v2\/woo-feed-brand?post=91348"}],"curies":[{"name":"wp","href":"https:\/\/api.w.org\/{rel}","templated":true}]}}