{"id":91262,"date":"2024-02-08T10:09:16","date_gmt":"2024-02-08T09:09:16","guid":{"rendered":"https:\/\/watchdeluxe.it\/prodotto\/montblanc-meisterstueck-fuellfederhalter-mit-rosegold-finish-ref-132485\/"},"modified":"2026-01-22T11:00:06","modified_gmt":"2026-01-22T10:00:06","slug":"montblanc-meisterstueck-fuellfederhalter-mit-rosegold-finish-ref-132485","status":"publish","type":"product","link":"https:\/\/watchdeluxe.it\/de\/prodotto\/montblanc-meisterstueck-fuellfederhalter-mit-rosegold-finish-ref-132485\/","title":{"rendered":"Montblanc Meisterst\u00fcck F\u00fcllfederhalter mit Ros\u00e9gold Finish Ref. 132485"},"content":{"rendered":"<p>Montblanc Meisterst\u00fcck F\u00fcllfederhalter mit Ros\u00e9gold Finish Ref. 132485<\/p>\n<div class=\"picture-wrapper\">\n<div id=\"sevenspikes-cloud-zoom\" class=\"picture\" data-zoomwindowelementid=\"\" data-selectoroftheparentelementofthecloudzoomwindow=\"\" data-defaultimagecontainerselector=\".product-essential .gallery\" data-zoom-window-width=\"360\" data-zoom-window-height=\"360\"><\/div>\n<\/div>\n<div class=\"picture-thumbs in-carousel\"><\/div>\n<div class=\"overview\">\n<div class=\"short-description\">Die Montblanc Meisterst\u00fcck Classique Rose-Gold-Coated Kollektion zeichnet sich durch ein Design aus, das Geschichte geschrieben hat. Das 1924 eingef\u00fchrte Meisterst\u00fcck, dessen Name &#8220;Meisterwerk&#8221; bedeutet, ist zum Symbol f\u00fcr luxuri\u00f6ses Schreiben geworden. Der Korpus und die Kappe sind aus hochwertigem schwarzem Harz gefertigt und tragen das ikonische Montblanc Emblem als wei\u00dfe Intarsie auf der Oberseite der Kappe. Der F\u00fcllfederhalter ist mit einer handgefertigten Feder aus massivem Au585\/14 K Gold mit zweifarbigem Rhodium- und Ros\u00e9gold-Finish verziert.<br \/>\n<b>Gr\u00f6\u00dfe: Classique 140 mm.<br \/>\nFeder: Medium 0,62 mm.  <\/b><\/div>\n<\/div>\n","protected":false},"excerpt":{"rendered":"<p>Montblanc Meisterst\u00fcck F\u00fcllfederhalter mit Ros\u00e9gold Finish Ref. 132485 Die Montblanc Meisterst\u00fcck Classique Rose-Gold-Coated Kollektion zeichnet sich durch ein Design aus, das Geschichte geschrieben hat. Das 1924 eingef\u00fchrte Meisterst\u00fcck, dessen Name &#8220;Meisterwerk&#8221; bedeutet, ist zum Symbol f\u00fcr luxuri\u00f6ses Schreiben geworden. Der Korpus und die Kappe sind aus hochwertigem schwarzem Harz gefertigt und tragen das ikonische Montblanc [&hellip;]<\/p>\n","protected":false},"featured_media":91259,"template":"","meta":{"_crdt_document":"","advanced_seo_description":"","jetpack_seo_html_title":"","jetpack_seo_noindex":false},"product_brand":[1907],"product_cat":[2250],"product_tag":[4004],"berocket_brand":[],"woo-feed-brand":[],"class_list":{"0":"post-91262","1":"product","2":"type-product","3":"status-publish","4":"has-post-thumbnail","6":"product_brand-montblanc","7":"product_cat-montblanc-de","8":"product_tag-penne-de","10":"first","11":"instock","12":"sale","13":"taxable","14":"shipping-taxable","15":"purchasable","16":"product-type-simple"},"bundled_by":[],"bundle_stock_status":"instock","bundle_stock_quantity":null,"bundle_virtual":false,"bundle_layout":"","bundle_add_to_cart_form_location":"","bundle_editable_in_cart":false,"bundle_sold_individually_context":"","bundle_item_grouping":"","bundle_min_size":"","bundle_max_size":"","bundle_price":[],"bundled_items":[],"bundle_sell_ids":[],"group_of_quantity":0,"min_quantity":0,"max_quantity":"","exclude_order_quantity_value_rules":"no","exclude_category_quantity_rules":"no","combine_variations":"no","jetpack_sharing_enabled":true,"jetpack_likes_enabled":true,"_links":{"self":[{"href":"https:\/\/watchdeluxe.it\/de\/wp-json\/wp\/v2\/product\/91262","targetHints":{"allow":["GET"]}}],"collection":[{"href":"https:\/\/watchdeluxe.it\/de\/wp-json\/wp\/v2\/product"}],"about":[{"href":"https:\/\/watchdeluxe.it\/de\/wp-json\/wp\/v2\/types\/product"}],"wp:featuredmedia":[{"embeddable":true,"href":"https:\/\/watchdeluxe.it\/de\/wp-json\/wp\/v2\/media\/91259"}],"wp:attachment":[{"href":"https:\/\/watchdeluxe.it\/de\/wp-json\/wp\/v2\/media?parent=91262"}],"wp:term":[{"taxonomy":"product_brand","embeddable":true,"href":"https:\/\/watchdeluxe.it\/de\/wp-json\/wp\/v2\/product_brand?post=91262"},{"taxonomy":"product_cat","embeddable":true,"href":"https:\/\/watchdeluxe.it\/de\/wp-json\/wp\/v2\/product_cat?post=91262"},{"taxonomy":"product_tag","embeddable":true,"href":"https:\/\/watchdeluxe.it\/de\/wp-json\/wp\/v2\/product_tag?post=91262"},{"taxonomy":"berocket_brand","embeddable":true,"href":"https:\/\/watchdeluxe.it\/de\/wp-json\/wp\/v2\/berocket_brand?post=91262"},{"taxonomy":"woo-feed-brand","embeddable":true,"href":"https:\/\/watchdeluxe.it\/de\/wp-json\/wp\/v2\/woo-feed-brand?post=91262"}],"curies":[{"name":"wp","href":"https:\/\/api.w.org\/{rel}","templated":true}]}}