{"id":91101,"date":"2024-02-07T18:13:23","date_gmt":"2024-02-07T17:13:23","guid":{"rendered":"https:\/\/watchdeluxe.it\/prodotto\/omega-de-ville-tresor-quartz-36-mm-ref-428-18-36-60-04-002\/"},"modified":"2024-02-07T18:13:23","modified_gmt":"2024-02-07T17:13:23","slug":"omega-de-ville-tresor-quartz-36-mm-ref-428-18-36-60-04-002","status":"publish","type":"product","link":"https:\/\/watchdeluxe.it\/de\/prodotto\/omega-de-ville-tresor-quartz-36-mm-ref-428-18-36-60-04-002\/","title":{"rendered":"Omega De Ville Tresor Quartz 36 Mm Ref. 428.18.36.60.04.002"},"content":{"rendered":"<p>Omega De Ville Tresor Quartz 36 Mm Ref. 428.18.36.60.04.002<\/p>\n<table class=\"data-table\">\n<tbody>\n<tr class=\"odd\">\n<td class=\"spec-name\">Marke<\/td>\n<td class=\"spec-value\">Omega<\/td>\n<\/tr>\n<tr class=\"even\">\n<td class=\"spec-name\">Leitung<\/td>\n<td class=\"spec-value\">DE VILLE<\/td>\n<\/tr>\n<tr class=\"odd\">\n<td class=\"spec-name\">Modell<\/td>\n<td class=\"spec-value\">De Ville Tresor<\/td>\n<\/tr>\n<tr class=\"even\">\n<td class=\"spec-name\">Komplikation<\/td>\n<td class=\"spec-value\">NUR ZEIT<\/td>\n<\/tr>\n<tr class=\"odd\">\n<td class=\"spec-name\">Bewegung<\/td>\n<td class=\"spec-value\">QUARTZ<\/td>\n<\/tr>\n<tr class=\"even\">\n<td class=\"spec-name\">Formular<\/td>\n<td class=\"spec-value\">RUND<\/td>\n<\/tr>\n<tr class=\"odd\">\n<td class=\"spec-name\">Gr\u00f6\u00dfe<\/td>\n<td class=\"spec-value\">36 MM<\/td>\n<\/tr>\n<tr class=\"even\">\n<td class=\"spec-name\">Geh\u00e4use Material<\/td>\n<td class=\"spec-value\">Stahl und Diamanten<\/td>\n<\/tr>\n<tr class=\"odd\">\n<td class=\"spec-name\">Art des Glases<\/td>\n<td class=\"spec-value\">SAPPHIRE<\/td>\n<\/tr>\n<tr class=\"even\">\n<td class=\"spec-name\">W\u00e4hlen Sie<\/td>\n<td class=\"spec-value\">WEISSE R\u00d6MER<\/td>\n<\/tr>\n<tr class=\"odd\">\n<td class=\"spec-name\">Riemen<\/td>\n<td class=\"spec-value\">ALLIGATOR<\/td>\n<\/tr>\n<tr class=\"even\">\n<td class=\"spec-name\">Wasserdicht<\/td>\n<td class=\"spec-value\">30 M<\/td>\n<\/tr>\n<\/tbody>\n<\/table>\n","protected":false},"excerpt":{"rendered":"<p>Omega De Ville Tresor Quartz 36 Mm Ref. 428.18.36.60.04.002 Marke Omega Leitung DE VILLE Modell De Ville Tresor Komplikation NUR ZEIT Bewegung QUARTZ Formular RUND Gr\u00f6\u00dfe 36 MM Geh\u00e4use Material Stahl und Diamanten Art des Glases SAPPHIRE W\u00e4hlen Sie WEISSE R\u00d6MER Riemen ALLIGATOR Wasserdicht 30 M<\/p>\n","protected":false},"featured_media":91097,"template":"","meta":{"_crdt_document":"","advanced_seo_description":"","jetpack_seo_html_title":"","jetpack_seo_noindex":false,"jetpack_post_was_ever_published":false},"product_brand":[2155],"product_cat":[2280],"product_tag":[2971],"berocket_brand":[],"woo-feed-brand":[],"class_list":{"0":"post-91101","1":"product","2":"type-product","3":"status-publish","4":"has-post-thumbnail","6":"product_brand-omega","7":"product_cat-omega-de","8":"product_tag-de-ville-de","10":"first","11":"instock","12":"sale","13":"taxable","14":"shipping-taxable","15":"purchasable","16":"product-type-simple"},"bundled_by":[],"bundle_stock_status":"instock","bundle_stock_quantity":1,"bundle_virtual":false,"bundle_layout":"","bundle_add_to_cart_form_location":"","bundle_editable_in_cart":false,"bundle_sold_individually_context":"","bundle_item_grouping":"","bundle_min_size":"","bundle_max_size":"","bundle_price":[],"bundled_items":[],"bundle_sell_ids":[],"group_of_quantity":0,"min_quantity":0,"max_quantity":"","exclude_order_quantity_value_rules":"no","exclude_category_quantity_rules":"no","combine_variations":"no","exclude_global_add_ons":[],"addons":[],"jetpack_sharing_enabled":true,"jetpack_likes_enabled":true,"_links":{"self":[{"href":"https:\/\/watchdeluxe.it\/de\/wp-json\/wp\/v2\/product\/91101","targetHints":{"allow":["GET"]}}],"collection":[{"href":"https:\/\/watchdeluxe.it\/de\/wp-json\/wp\/v2\/product"}],"about":[{"href":"https:\/\/watchdeluxe.it\/de\/wp-json\/wp\/v2\/types\/product"}],"wp:featuredmedia":[{"embeddable":true,"href":"https:\/\/watchdeluxe.it\/de\/wp-json\/wp\/v2\/media\/91097"}],"wp:attachment":[{"href":"https:\/\/watchdeluxe.it\/de\/wp-json\/wp\/v2\/media?parent=91101"}],"wp:term":[{"taxonomy":"product_brand","embeddable":true,"href":"https:\/\/watchdeluxe.it\/de\/wp-json\/wp\/v2\/product_brand?post=91101"},{"taxonomy":"product_cat","embeddable":true,"href":"https:\/\/watchdeluxe.it\/de\/wp-json\/wp\/v2\/product_cat?post=91101"},{"taxonomy":"product_tag","embeddable":true,"href":"https:\/\/watchdeluxe.it\/de\/wp-json\/wp\/v2\/product_tag?post=91101"},{"taxonomy":"berocket_brand","embeddable":true,"href":"https:\/\/watchdeluxe.it\/de\/wp-json\/wp\/v2\/berocket_brand?post=91101"},{"taxonomy":"woo-feed-brand","embeddable":true,"href":"https:\/\/watchdeluxe.it\/de\/wp-json\/wp\/v2\/woo-feed-brand?post=91101"}],"curies":[{"name":"wp","href":"https:\/\/api.w.org\/{rel}","templated":true}]}}