{"id":90574,"date":"2024-01-26T15:47:51","date_gmt":"2024-01-26T14:47:51","guid":{"rendered":"https:\/\/watchdeluxe.it\/prodotto\/omega-seamaster-diver-300-m-sommer-blau-seamaster-ref-210-32-42-20-03-002\/"},"modified":"2024-01-26T15:47:51","modified_gmt":"2024-01-26T14:47:51","slug":"omega-seamaster-diver-300-m-sommer-blau-seamaster-ref-210-32-42-20-03-002","status":"publish","type":"product","link":"https:\/\/watchdeluxe.it\/de\/prodotto\/omega-seamaster-diver-300-m-sommer-blau-seamaster-ref-210-32-42-20-03-002\/","title":{"rendered":"Omega Seamaster Diver 300 M Sommer Blau Seamaster ref. 210.32.42.20.03.002"},"content":{"rendered":"<p>Omega Seamaster Diver 300 M Sommer Blau Seamaster ref. 210.32.42.20.03.002<\/p>\n<p><b>Uhrwerk:<\/b> Automatischer Aufzug<br \/>\n<b>Gangreserve:<\/b> 55 Stunden<br \/>\n<b>Zifferblatt:<\/b> Blau<br \/>\nIndikatoren<b>:<\/b> Indizes<br \/>\n<b>Geh\u00e4use:<\/b> Rostfreier Stahl<br \/>\n<b>Gr\u00f6\u00dfe:<\/b> 42 mm<br \/>\n<b>Armband\/Riemen:<\/b> Blaues Gummi<br \/>\n<b>Wasserdichtigkeit:<\/b> 300 Meter<br \/>\n<b>Glas:<\/b> Kratzfestes, gew\u00f6lbtes <b>Saphirglas<\/b> mit beidseitiger Antireflexionsbeschichtung<br \/>\n<b>Gew\u00e4hrleistungsfrist:<\/b> 5 Jahre<\/p>\n","protected":false},"excerpt":{"rendered":"<p>Omega Seamaster Diver 300 M Sommer Blau Seamaster ref. 210.32.42.20.03.002 Uhrwerk: Automatischer Aufzug Gangreserve: 55 Stunden Zifferblatt: Blau Indikatoren: Indizes Geh\u00e4use: Rostfreier Stahl Gr\u00f6\u00dfe: 42 mm Armband\/Riemen: Blaues Gummi Wasserdichtigkeit: 300 Meter Glas: Kratzfestes, gew\u00f6lbtes Saphirglas mit beidseitiger Antireflexionsbeschichtung Gew\u00e4hrleistungsfrist: 5 Jahre<\/p>\n","protected":false},"featured_media":90570,"template":"","meta":{"_crdt_document":"","advanced_seo_description":"","jetpack_seo_html_title":"","jetpack_seo_noindex":false},"product_brand":[2155],"product_cat":[2280],"product_tag":[2316],"berocket_brand":[],"woo-feed-brand":[],"class_list":{"0":"post-90574","1":"product","2":"type-product","3":"status-publish","4":"has-post-thumbnail","6":"product_brand-omega","7":"product_cat-omega-de","8":"product_tag-seamaster-de","10":"first","11":"instock","12":"sale","13":"taxable","14":"shipping-taxable","15":"purchasable","16":"product-type-simple"},"bundled_by":[],"bundle_stock_status":"instock","bundle_stock_quantity":1,"bundle_virtual":false,"bundle_layout":"","bundle_add_to_cart_form_location":"","bundle_editable_in_cart":false,"bundle_sold_individually_context":"","bundle_item_grouping":"","bundle_min_size":"","bundle_max_size":"","bundle_price":[],"bundled_items":[],"bundle_sell_ids":[],"group_of_quantity":0,"min_quantity":0,"max_quantity":"","exclude_order_quantity_value_rules":"no","exclude_category_quantity_rules":"no","combine_variations":"no","exclude_global_add_ons":[],"addons":[],"jetpack_sharing_enabled":true,"jetpack_likes_enabled":true,"_links":{"self":[{"href":"https:\/\/watchdeluxe.it\/de\/wp-json\/wp\/v2\/product\/90574","targetHints":{"allow":["GET"]}}],"collection":[{"href":"https:\/\/watchdeluxe.it\/de\/wp-json\/wp\/v2\/product"}],"about":[{"href":"https:\/\/watchdeluxe.it\/de\/wp-json\/wp\/v2\/types\/product"}],"wp:featuredmedia":[{"embeddable":true,"href":"https:\/\/watchdeluxe.it\/de\/wp-json\/wp\/v2\/media\/90570"}],"wp:attachment":[{"href":"https:\/\/watchdeluxe.it\/de\/wp-json\/wp\/v2\/media?parent=90574"}],"wp:term":[{"taxonomy":"product_brand","embeddable":true,"href":"https:\/\/watchdeluxe.it\/de\/wp-json\/wp\/v2\/product_brand?post=90574"},{"taxonomy":"product_cat","embeddable":true,"href":"https:\/\/watchdeluxe.it\/de\/wp-json\/wp\/v2\/product_cat?post=90574"},{"taxonomy":"product_tag","embeddable":true,"href":"https:\/\/watchdeluxe.it\/de\/wp-json\/wp\/v2\/product_tag?post=90574"},{"taxonomy":"berocket_brand","embeddable":true,"href":"https:\/\/watchdeluxe.it\/de\/wp-json\/wp\/v2\/berocket_brand?post=90574"},{"taxonomy":"woo-feed-brand","embeddable":true,"href":"https:\/\/watchdeluxe.it\/de\/wp-json\/wp\/v2\/woo-feed-brand?post=90574"}],"curies":[{"name":"wp","href":"https:\/\/api.w.org\/{rel}","templated":true}]}}