{"id":90060,"date":"2023-03-17T18:36:59","date_gmt":"2023-03-17T17:36:59","guid":{"rendered":"https:\/\/watchdeluxe.it\/prodotto\/nomos-tangente-38-mitternachtsblau-ref-167\/"},"modified":"2026-04-07T12:15:18","modified_gmt":"2026-04-07T10:15:18","slug":"nomos-tangente-38-mitternachtsblau-ref-167","status":"publish","type":"product","link":"https:\/\/watchdeluxe.it\/de\/prodotto\/nomos-tangente-38-mitternachtsblau-ref-167\/","title":{"rendered":"Nomos Tangente 38 mitternachtsblau ref.167"},"content":{"rendered":"<p>Nomos Tangente 38 mitternachtsblau ref.167<\/p>\n<div class=\"list-couple\">\n<div class=\"specs-list\">\n<dl>\n<dt>Geh\u00e4use<\/dt>\n<dd>Edelstahl, zweiteilig<br \/>\nSaphirglasboden<\/dd>\n<\/dl>\n<dl>\n<dt>Glas<\/dt>\n<dd>Saphirglas<\/dd>\n<\/dl>\n<dl>\n<dt>Aufzug<\/dt>\n<dd>Handaufzug<\/dd>\n<\/dl>\n<dl>\n<dt>Ma\u00dfe<\/dt>\n<dd>Durchmesser <span class=\"size-property\"> 37,5 mm <\/span><br \/>\nH\u00f6he <span class=\"size-property\"> 6,8 mm <\/span><br \/>\nAnsto\u00dfau\u00dfenma\u00df <span class=\"size-property\"> 47,7 mm <\/span><\/dd>\n<\/dl>\n<dl>\n<dt>Wasserdichtigkeit<\/dt>\n<dd>3 atm (spritzwassergesch\u00fctzt)<\/dd>\n<\/dl>\n<\/div>\n<div class=\"specs-list\">\n<dl>\n<dt>Zifferblatt<\/dt>\n<dd>Nachtblau<\/dd>\n<\/dl>\n<dl>\n<dt>Zeiger<\/dt>\n<dd>rhodiniert<\/dd>\n<\/dl>\n<dl>\n<dt>Armband<\/dt>\n<dd>Veloursleder Anthrazit<br \/>\n<span class=\"size-property\"> Bandansto\u00df 19 mm <\/span><\/dd>\n<\/dl>\n<\/div>\n<\/div>\n","protected":false},"excerpt":{"rendered":"<p>Nomos Tangente 38 mitternachtsblau ref.167 Geh\u00e4use Edelstahl, zweiteilig Saphirglasboden Glas Saphirglas Aufzug Handaufzug Ma\u00dfe Durchmesser 37,5 mm H\u00f6he 6,8 mm Ansto\u00dfau\u00dfenma\u00df 47,7 mm Wasserdichtigkeit 3 atm (spritzwassergesch\u00fctzt) Zifferblatt Nachtblau Zeiger rhodiniert Armband Veloursleder Anthrazit Bandansto\u00df 19 mm<\/p>\n","protected":false},"featured_media":139666,"template":"","meta":{"_crdt_document":"","advanced_seo_description":"","jetpack_seo_html_title":"","jetpack_seo_noindex":false},"product_brand":[],"product_cat":[2382],"product_tag":[2421],"berocket_brand":[],"woo-feed-brand":[],"class_list":{"0":"post-90060","1":"product","2":"type-product","3":"status-publish","4":"has-post-thumbnail","6":"product_cat-nomos-glashutte-de","7":"product_tag-tangent-de","9":"first","10":"instock","11":"sale","12":"taxable","13":"shipping-taxable","14":"purchasable","15":"product-type-simple"},"bundled_by":[],"bundle_stock_status":"instock","bundle_stock_quantity":1,"bundle_virtual":false,"bundle_layout":"","bundle_add_to_cart_form_location":"","bundle_editable_in_cart":false,"bundle_sold_individually_context":"","bundle_item_grouping":"","bundle_min_size":"","bundle_max_size":"","bundle_price":[],"bundled_items":[],"bundle_sell_ids":[],"group_of_quantity":0,"min_quantity":0,"max_quantity":"","exclude_order_quantity_value_rules":"no","exclude_category_quantity_rules":"no","combine_variations":"no","exclude_global_add_ons":[],"addons":[],"jetpack_sharing_enabled":true,"jetpack_likes_enabled":true,"_links":{"self":[{"href":"https:\/\/watchdeluxe.it\/de\/wp-json\/wp\/v2\/product\/90060","targetHints":{"allow":["GET"]}}],"collection":[{"href":"https:\/\/watchdeluxe.it\/de\/wp-json\/wp\/v2\/product"}],"about":[{"href":"https:\/\/watchdeluxe.it\/de\/wp-json\/wp\/v2\/types\/product"}],"wp:featuredmedia":[{"embeddable":true,"href":"https:\/\/watchdeluxe.it\/de\/wp-json\/wp\/v2\/media\/139666"}],"wp:attachment":[{"href":"https:\/\/watchdeluxe.it\/de\/wp-json\/wp\/v2\/media?parent=90060"}],"wp:term":[{"taxonomy":"product_brand","embeddable":true,"href":"https:\/\/watchdeluxe.it\/de\/wp-json\/wp\/v2\/product_brand?post=90060"},{"taxonomy":"product_cat","embeddable":true,"href":"https:\/\/watchdeluxe.it\/de\/wp-json\/wp\/v2\/product_cat?post=90060"},{"taxonomy":"product_tag","embeddable":true,"href":"https:\/\/watchdeluxe.it\/de\/wp-json\/wp\/v2\/product_tag?post=90060"},{"taxonomy":"berocket_brand","embeddable":true,"href":"https:\/\/watchdeluxe.it\/de\/wp-json\/wp\/v2\/berocket_brand?post=90060"},{"taxonomy":"woo-feed-brand","embeddable":true,"href":"https:\/\/watchdeluxe.it\/de\/wp-json\/wp\/v2\/woo-feed-brand?post=90060"}],"curies":[{"name":"wp","href":"https:\/\/api.w.org\/{rel}","templated":true}]}}