{"id":89333,"date":"2024-01-03T15:44:09","date_gmt":"2024-01-03T14:44:09","guid":{"rendered":"https:\/\/watchdeluxe.it\/prodotto\/montblanc-mini-brieftasche-4-faecher-weich-rot-ref-131243\/"},"modified":"2026-01-22T10:47:23","modified_gmt":"2026-01-22T09:47:23","slug":"montblanc-mini-brieftasche-4-faecher-weich-rot-ref-131243","status":"publish","type":"product","link":"https:\/\/watchdeluxe.it\/de\/prodotto\/montblanc-mini-brieftasche-4-faecher-weich-rot-ref-131243\/","title":{"rendered":"Montblanc Mini Brieftasche 4 F\u00e4cher weich rot ref. 131243"},"content":{"rendered":"<p>Montblanc Mini Brieftasche 4 F\u00e4cher weich rot ref. 131243<\/p>\n<p><span class=\"value\">Weiches Leder verleiht dieser Soft-Minib\u00f6rse einen raffinierten Touch. Sie ist ein kompakter und praktischer Verb\u00fcndeter f\u00fcr den Alltag in der Stadt und bietet drei Kreditkartenf\u00e4cher, ein Fach f\u00fcr Geldscheine und zwei zus\u00e4tzliche F\u00e4cher f\u00fcr Kleinigkeiten. An der Au\u00dfenseite befindet sich eine vierte, leicht zug\u00e4ngliche Kreditkarten\u00f6ffnung.<\/span><\/p>\n<p><span class=\"length first\"> <span class=\"key\">Abmessungen<\/span> 80 <\/span> <span class=\"width\"> 10 <\/span> <span class=\"height last\"> 105 <span class=\"unit\">mm<\/span> <\/span><\/p>\n","protected":false},"excerpt":{"rendered":"<p>Montblanc Mini Brieftasche 4 F\u00e4cher weich rot ref. 131243 Weiches Leder verleiht dieser Soft-Minib\u00f6rse einen raffinierten Touch. Sie ist ein kompakter und praktischer Verb\u00fcndeter f\u00fcr den Alltag in der Stadt und bietet drei Kreditkartenf\u00e4cher, ein Fach f\u00fcr Geldscheine und zwei zus\u00e4tzliche F\u00e4cher f\u00fcr Kleinigkeiten. An der Au\u00dfenseite befindet sich eine vierte, leicht zug\u00e4ngliche Kreditkarten\u00f6ffnung. Abmessungen [&hellip;]<\/p>\n","protected":false},"featured_media":89329,"template":"","meta":{"_crdt_document":"","advanced_seo_description":"","jetpack_seo_html_title":"","jetpack_seo_noindex":false},"product_brand":[1907],"product_cat":[2250],"product_tag":[2346],"berocket_brand":[],"woo-feed-brand":[],"class_list":{"0":"post-89333","1":"product","2":"type-product","3":"status-publish","4":"has-post-thumbnail","6":"product_brand-montblanc","7":"product_cat-montblanc-de","8":"product_tag-brieftasche","10":"first","11":"instock","12":"sale","13":"taxable","14":"shipping-taxable","15":"purchasable","16":"product-type-simple"},"bundled_by":[],"bundle_stock_status":"instock","bundle_stock_quantity":1,"bundle_virtual":false,"bundle_layout":"","bundle_add_to_cart_form_location":"","bundle_editable_in_cart":false,"bundle_sold_individually_context":"","bundle_item_grouping":"","bundle_min_size":"","bundle_max_size":"","bundle_price":[],"bundled_items":[],"bundle_sell_ids":[],"group_of_quantity":0,"min_quantity":0,"max_quantity":"","exclude_order_quantity_value_rules":"no","exclude_category_quantity_rules":"no","combine_variations":"no","jetpack_sharing_enabled":true,"jetpack_likes_enabled":true,"_links":{"self":[{"href":"https:\/\/watchdeluxe.it\/de\/wp-json\/wp\/v2\/product\/89333","targetHints":{"allow":["GET"]}}],"collection":[{"href":"https:\/\/watchdeluxe.it\/de\/wp-json\/wp\/v2\/product"}],"about":[{"href":"https:\/\/watchdeluxe.it\/de\/wp-json\/wp\/v2\/types\/product"}],"wp:featuredmedia":[{"embeddable":true,"href":"https:\/\/watchdeluxe.it\/de\/wp-json\/wp\/v2\/media\/89329"}],"wp:attachment":[{"href":"https:\/\/watchdeluxe.it\/de\/wp-json\/wp\/v2\/media?parent=89333"}],"wp:term":[{"taxonomy":"product_brand","embeddable":true,"href":"https:\/\/watchdeluxe.it\/de\/wp-json\/wp\/v2\/product_brand?post=89333"},{"taxonomy":"product_cat","embeddable":true,"href":"https:\/\/watchdeluxe.it\/de\/wp-json\/wp\/v2\/product_cat?post=89333"},{"taxonomy":"product_tag","embeddable":true,"href":"https:\/\/watchdeluxe.it\/de\/wp-json\/wp\/v2\/product_tag?post=89333"},{"taxonomy":"berocket_brand","embeddable":true,"href":"https:\/\/watchdeluxe.it\/de\/wp-json\/wp\/v2\/berocket_brand?post=89333"},{"taxonomy":"woo-feed-brand","embeddable":true,"href":"https:\/\/watchdeluxe.it\/de\/wp-json\/wp\/v2\/woo-feed-brand?post=89333"}],"curies":[{"name":"wp","href":"https:\/\/api.w.org\/{rel}","templated":true}]}}