{"id":89304,"date":"2024-01-03T15:33:05","date_gmt":"2024-01-03T14:33:05","guid":{"rendered":"https:\/\/watchdeluxe.it\/prodotto\/montblanc-reisepassetui-meisterstueck-selection-soft-schwarz-ref-131262\/"},"modified":"2026-01-22T10:48:27","modified_gmt":"2026-01-22T09:48:27","slug":"montblanc-reisepassetui-meisterstueck-selection-soft-schwarz-ref-131262","status":"publish","type":"product","link":"https:\/\/watchdeluxe.it\/de\/prodotto\/montblanc-reisepassetui-meisterstueck-selection-soft-schwarz-ref-131262\/","title":{"rendered":"Montblanc Reisepassetui Meisterst\u00fcck Selection Soft schwarz Ref. 131262"},"content":{"rendered":"<p>Montblanc Reisepassetui Meisterst\u00fcck Selection Soft schwarz Ref. 131262<\/p>\n<p><span class=\"value\">Die Soft-Reisetasche ist ein eleganter Begleiter f\u00fcr Gesch\u00e4fts- und Urlaubsreisen. Das raffinierte Design zeichnet sich durch eine moderne, kuvertf\u00f6rmige Silhouette aus weichem Leder aus. An der Au\u00dfenseite befindet sich au\u00dferdem eine offene Tasche f\u00fcr kleine Gegenst\u00e4nde, die maximale Funktionalit\u00e4t bietet.<\/span><\/p>\n","protected":false},"excerpt":{"rendered":"<p>Montblanc Reisepassetui Meisterst\u00fcck Selection Soft schwarz Ref. 131262 Die Soft-Reisetasche ist ein eleganter Begleiter f\u00fcr Gesch\u00e4fts- und Urlaubsreisen. Das raffinierte Design zeichnet sich durch eine moderne, kuvertf\u00f6rmige Silhouette aus weichem Leder aus. An der Au\u00dfenseite befindet sich au\u00dferdem eine offene Tasche f\u00fcr kleine Gegenst\u00e4nde, die maximale Funktionalit\u00e4t bietet.<\/p>\n","protected":false},"featured_media":89300,"template":"","meta":{"_crdt_document":"","advanced_seo_description":"","jetpack_seo_html_title":"","jetpack_seo_noindex":false},"product_brand":[1907],"product_cat":[2250],"product_tag":[2399],"berocket_brand":[],"woo-feed-brand":[],"class_list":{"0":"post-89304","1":"product","2":"type-product","3":"status-publish","4":"has-post-thumbnail","6":"product_brand-montblanc","7":"product_cat-montblanc-de","8":"product_tag-dokumentenhalter","10":"first","11":"instock","12":"sale","13":"taxable","14":"shipping-taxable","15":"purchasable","16":"product-type-simple"},"bundled_by":[],"bundle_stock_status":"instock","bundle_stock_quantity":1,"bundle_virtual":false,"bundle_layout":"","bundle_add_to_cart_form_location":"","bundle_editable_in_cart":false,"bundle_sold_individually_context":"","bundle_item_grouping":"","bundle_min_size":"","bundle_max_size":"","bundle_price":[],"bundled_items":[],"bundle_sell_ids":[],"group_of_quantity":0,"min_quantity":0,"max_quantity":"","exclude_order_quantity_value_rules":"no","exclude_category_quantity_rules":"no","combine_variations":"no","jetpack_sharing_enabled":true,"jetpack_likes_enabled":true,"_links":{"self":[{"href":"https:\/\/watchdeluxe.it\/de\/wp-json\/wp\/v2\/product\/89304","targetHints":{"allow":["GET"]}}],"collection":[{"href":"https:\/\/watchdeluxe.it\/de\/wp-json\/wp\/v2\/product"}],"about":[{"href":"https:\/\/watchdeluxe.it\/de\/wp-json\/wp\/v2\/types\/product"}],"wp:featuredmedia":[{"embeddable":true,"href":"https:\/\/watchdeluxe.it\/de\/wp-json\/wp\/v2\/media\/89300"}],"wp:attachment":[{"href":"https:\/\/watchdeluxe.it\/de\/wp-json\/wp\/v2\/media?parent=89304"}],"wp:term":[{"taxonomy":"product_brand","embeddable":true,"href":"https:\/\/watchdeluxe.it\/de\/wp-json\/wp\/v2\/product_brand?post=89304"},{"taxonomy":"product_cat","embeddable":true,"href":"https:\/\/watchdeluxe.it\/de\/wp-json\/wp\/v2\/product_cat?post=89304"},{"taxonomy":"product_tag","embeddable":true,"href":"https:\/\/watchdeluxe.it\/de\/wp-json\/wp\/v2\/product_tag?post=89304"},{"taxonomy":"berocket_brand","embeddable":true,"href":"https:\/\/watchdeluxe.it\/de\/wp-json\/wp\/v2\/berocket_brand?post=89304"},{"taxonomy":"woo-feed-brand","embeddable":true,"href":"https:\/\/watchdeluxe.it\/de\/wp-json\/wp\/v2\/woo-feed-brand?post=89304"}],"curies":[{"name":"wp","href":"https:\/\/api.w.org\/{rel}","templated":true}]}}