{"id":89129,"date":"2026-01-26T17:23:14","date_gmt":"2026-01-26T16:23:14","guid":{"rendered":"https:\/\/watchdeluxe.it\/prodotto\/montblanc-brieftasche-mit-6-faechern-und-schwarzer-extreme-3-0-geldklammer-ref-131765\/"},"modified":"2026-01-26T17:23:17","modified_gmt":"2026-01-26T16:23:17","slug":"montblanc-brieftasche-mit-6-faechern-und-schwarzer-extreme-3-0-geldklammer-ref-131765","status":"publish","type":"product","link":"https:\/\/watchdeluxe.it\/de\/prodotto\/montblanc-brieftasche-mit-6-faechern-und-schwarzer-extreme-3-0-geldklammer-ref-131765\/","title":{"rendered":"Montblanc Brieftasche mit 6 F\u00e4chern und schwarzer Extreme 3.0 Geldklammer, Ref. 131765"},"content":{"rendered":"<p>Montblanc Geldb\u00f6rse mit 6 F\u00e4chern und Geldscheinklammer schwarz Extremeref. 131765<\/p>\n<p>Die kompakte und funktionelle Montblanc Extreme 3.0 Brieftasche aus schwarzem Leder ist mit dem ikonischen, gepr\u00e4gten Motiv versehen. Mit 6 F\u00e4chern f\u00fcr Kreditkarten und Geldklammern.<\/p>\n<p>Material: Leder<br \/>\nFarbe: schwarz<br \/>\nInnenfutter: Stoff<br \/>\nAbmessungen: 11,5 x 1,5 x 8 cm<\/p>\n","protected":false},"excerpt":{"rendered":"<p>Montblanc Geldb\u00f6rse mit 6 F\u00e4chern und Geldscheinklammer schwarz Extremeref. 131765 Die kompakte und funktionelle Montblanc Extreme 3.0 Brieftasche aus schwarzem Leder ist mit dem ikonischen, gepr\u00e4gten Motiv versehen. Mit 6 F\u00e4chern f\u00fcr Kreditkarten und Geldklammern. Material: Leder Farbe: schwarz Innenfutter: Stoff Abmessungen: 11,5 x 1,5 x 8 cm<\/p>\n","protected":false},"featured_media":0,"template":"","meta":{"_crdt_document":"","advanced_seo_description":"","jetpack_seo_html_title":"","jetpack_seo_noindex":false},"product_brand":[],"product_cat":[2250],"product_tag":[2346],"berocket_brand":[],"woo-feed-brand":[],"class_list":{"0":"post-89129","1":"product","2":"type-product","3":"status-publish","5":"product_cat-montblanc-de","6":"product_tag-brieftasche","8":"first","9":"instock","10":"sale","11":"taxable","12":"shipping-taxable","13":"purchasable","14":"product-type-simple"},"bundled_by":[],"bundle_stock_status":"instock","bundle_stock_quantity":1,"bundle_virtual":false,"bundle_layout":"","bundle_add_to_cart_form_location":"","bundle_editable_in_cart":false,"bundle_sold_individually_context":"","bundle_item_grouping":"","bundle_min_size":"","bundle_max_size":"","bundle_price":[],"bundled_items":[],"bundle_sell_ids":[],"group_of_quantity":0,"min_quantity":0,"max_quantity":"","exclude_order_quantity_value_rules":"no","exclude_category_quantity_rules":"no","combine_variations":"no","jetpack_sharing_enabled":true,"jetpack_likes_enabled":true,"_links":{"self":[{"href":"https:\/\/watchdeluxe.it\/de\/wp-json\/wp\/v2\/product\/89129","targetHints":{"allow":["GET"]}}],"collection":[{"href":"https:\/\/watchdeluxe.it\/de\/wp-json\/wp\/v2\/product"}],"about":[{"href":"https:\/\/watchdeluxe.it\/de\/wp-json\/wp\/v2\/types\/product"}],"wp:attachment":[{"href":"https:\/\/watchdeluxe.it\/de\/wp-json\/wp\/v2\/media?parent=89129"}],"wp:term":[{"taxonomy":"product_brand","embeddable":true,"href":"https:\/\/watchdeluxe.it\/de\/wp-json\/wp\/v2\/product_brand?post=89129"},{"taxonomy":"product_cat","embeddable":true,"href":"https:\/\/watchdeluxe.it\/de\/wp-json\/wp\/v2\/product_cat?post=89129"},{"taxonomy":"product_tag","embeddable":true,"href":"https:\/\/watchdeluxe.it\/de\/wp-json\/wp\/v2\/product_tag?post=89129"},{"taxonomy":"berocket_brand","embeddable":true,"href":"https:\/\/watchdeluxe.it\/de\/wp-json\/wp\/v2\/berocket_brand?post=89129"},{"taxonomy":"woo-feed-brand","embeddable":true,"href":"https:\/\/watchdeluxe.it\/de\/wp-json\/wp\/v2\/woo-feed-brand?post=89129"}],"curies":[{"name":"wp","href":"https:\/\/api.w.org\/{rel}","templated":true}]}}