{"id":89006,"date":"2024-01-03T11:54:56","date_gmt":"2024-01-03T10:54:56","guid":{"rendered":"https:\/\/watchdeluxe.it\/prodotto\/montblanc-meisterstueck-platinum-kugelschreiber-ref-132446\/"},"modified":"2026-01-22T10:36:07","modified_gmt":"2026-01-22T09:36:07","slug":"montblanc-meisterstueck-platinum-kugelschreiber-ref-132446","status":"publish","type":"product","link":"https:\/\/watchdeluxe.it\/de\/prodotto\/montblanc-meisterstueck-platinum-kugelschreiber-ref-132446\/","title":{"rendered":"Montblanc Meisterst\u00fcck Platinum Kugelschreiber Ref. 132446"},"content":{"rendered":"<p>Montblanc Meisterst\u00fcck Platinum Kugelschreiber Ref. 132446<\/p>\n<p><span class=\"value\">Die Montblanc Meisterst\u00fcck Classique Platinum-Coated Kollektion repr\u00e4sentiert ein Design, das Geschichte geschrieben hat. Das 1924 eingef\u00fchrte Meisterst\u00fcck ist zu einem der Symbole f\u00fcr luxuri\u00f6ses Schreiben geworden. Der Korpus und die Kappe sind aus feinem schwarzem Harz gefertigt. Auf der Oberseite der Kappe ist das kultige Montblanc Emblem in Wei\u00df eingelegt.<\/span><\/p>\n","protected":false},"excerpt":{"rendered":"<p>Montblanc Meisterst\u00fcck Platinum Kugelschreiber Ref. 132446 Die Montblanc Meisterst\u00fcck Classique Platinum-Coated Kollektion repr\u00e4sentiert ein Design, das Geschichte geschrieben hat. Das 1924 eingef\u00fchrte Meisterst\u00fcck ist zu einem der Symbole f\u00fcr luxuri\u00f6ses Schreiben geworden. Der Korpus und die Kappe sind aus feinem schwarzem Harz gefertigt. Auf der Oberseite der Kappe ist das kultige Montblanc Emblem in Wei\u00df [&hellip;]<\/p>\n","protected":false},"featured_media":89001,"template":"","meta":{"_crdt_document":"","advanced_seo_description":"","jetpack_seo_html_title":"","jetpack_seo_noindex":false},"product_brand":[1907],"product_cat":[2250],"product_tag":[4004],"berocket_brand":[],"woo-feed-brand":[],"class_list":{"0":"post-89006","1":"product","2":"type-product","3":"status-publish","4":"has-post-thumbnail","6":"product_brand-montblanc","7":"product_cat-montblanc-de","8":"product_tag-penne-de","10":"first","11":"instock","12":"sale","13":"taxable","14":"shipping-taxable","15":"purchasable","16":"product-type-simple"},"bundled_by":[],"bundle_stock_status":"instock","bundle_stock_quantity":1,"bundle_virtual":false,"bundle_layout":"","bundle_add_to_cart_form_location":"","bundle_editable_in_cart":false,"bundle_sold_individually_context":"","bundle_item_grouping":"","bundle_min_size":"","bundle_max_size":"","bundle_price":[],"bundled_items":[],"bundle_sell_ids":[],"group_of_quantity":0,"min_quantity":0,"max_quantity":"","exclude_order_quantity_value_rules":"no","exclude_category_quantity_rules":"no","combine_variations":"no","jetpack_sharing_enabled":true,"jetpack_likes_enabled":true,"_links":{"self":[{"href":"https:\/\/watchdeluxe.it\/de\/wp-json\/wp\/v2\/product\/89006","targetHints":{"allow":["GET"]}}],"collection":[{"href":"https:\/\/watchdeluxe.it\/de\/wp-json\/wp\/v2\/product"}],"about":[{"href":"https:\/\/watchdeluxe.it\/de\/wp-json\/wp\/v2\/types\/product"}],"wp:featuredmedia":[{"embeddable":true,"href":"https:\/\/watchdeluxe.it\/de\/wp-json\/wp\/v2\/media\/89001"}],"wp:attachment":[{"href":"https:\/\/watchdeluxe.it\/de\/wp-json\/wp\/v2\/media?parent=89006"}],"wp:term":[{"taxonomy":"product_brand","embeddable":true,"href":"https:\/\/watchdeluxe.it\/de\/wp-json\/wp\/v2\/product_brand?post=89006"},{"taxonomy":"product_cat","embeddable":true,"href":"https:\/\/watchdeluxe.it\/de\/wp-json\/wp\/v2\/product_cat?post=89006"},{"taxonomy":"product_tag","embeddable":true,"href":"https:\/\/watchdeluxe.it\/de\/wp-json\/wp\/v2\/product_tag?post=89006"},{"taxonomy":"berocket_brand","embeddable":true,"href":"https:\/\/watchdeluxe.it\/de\/wp-json\/wp\/v2\/berocket_brand?post=89006"},{"taxonomy":"woo-feed-brand","embeddable":true,"href":"https:\/\/watchdeluxe.it\/de\/wp-json\/wp\/v2\/woo-feed-brand?post=89006"}],"curies":[{"name":"wp","href":"https:\/\/api.w.org\/{rel}","templated":true}]}}