{"id":88856,"date":"2024-01-03T10:49:44","date_gmt":"2024-01-03T09:49:44","guid":{"rendered":"https:\/\/watchdeluxe.it\/prodotto\/montblanc-pochette-soft-ref-131241\/"},"modified":"2026-01-22T10:39:13","modified_gmt":"2026-01-22T09:39:13","slug":"montblanc-pochette-soft-ref-131241","status":"publish","type":"product","link":"https:\/\/watchdeluxe.it\/de\/prodotto\/montblanc-pochette-soft-ref-131241\/","title":{"rendered":"Montblanc Pochette Soft Ref. 131241"},"content":{"rendered":"<p>Montblanc Pochette Soft Ref. 131241<\/p>\n<p><span class=\"value\">Die aus weichem Leder gefertigte und von einer urbanen Landschaft inspirierte Clutch Bag Soft ist praktisch und modisch. Pers\u00f6nliche Gegenst\u00e4nde k\u00f6nnen im Hauptfach und in der offenen Tasche auf der Innenseite verstaut werden. Ein zus\u00e4tzliches funktionelles Detail ist der D-Ring an der Au\u00dfenseite, mit dem die Tasche an gr\u00f6\u00dferen Taschen befestigt oder mit der mitgelieferten Handschlaufe getragen werden kann.<\/span><\/p>\n<p><span class=\"length first\"> <span class=\"key\">Abmessungen<\/span> 300 <\/span> <span class=\"width\"> 50 <\/span> <span class=\"height last\"> 200 <span class=\"unit\">mm<\/span> <\/span><\/p>\n","protected":false},"excerpt":{"rendered":"<p>Montblanc Pochette Soft Ref. 131241 Die aus weichem Leder gefertigte und von einer urbanen Landschaft inspirierte Clutch Bag Soft ist praktisch und modisch. Pers\u00f6nliche Gegenst\u00e4nde k\u00f6nnen im Hauptfach und in der offenen Tasche auf der Innenseite verstaut werden. Ein zus\u00e4tzliches funktionelles Detail ist der D-Ring an der Au\u00dfenseite, mit dem die Tasche an gr\u00f6\u00dferen Taschen [&hellip;]<\/p>\n","protected":false},"featured_media":88852,"template":"","meta":{"_crdt_document":"","advanced_seo_description":"","jetpack_seo_html_title":"","jetpack_seo_noindex":false},"product_brand":[1907],"product_cat":[2250],"product_tag":[2491],"berocket_brand":[],"woo-feed-brand":[],"class_list":{"0":"post-88856","1":"product","2":"type-product","3":"status-publish","4":"has-post-thumbnail","6":"product_brand-montblanc","7":"product_cat-montblanc-de","8":"product_tag-kupplung","10":"first","11":"instock","12":"sale","13":"taxable","14":"shipping-taxable","15":"purchasable","16":"product-type-simple"},"bundled_by":[],"bundle_stock_status":"instock","bundle_stock_quantity":1,"bundle_virtual":false,"bundle_layout":"","bundle_add_to_cart_form_location":"","bundle_editable_in_cart":false,"bundle_sold_individually_context":"","bundle_item_grouping":"","bundle_min_size":"","bundle_max_size":"","bundle_price":[],"bundled_items":[],"bundle_sell_ids":[],"group_of_quantity":0,"min_quantity":0,"max_quantity":"","exclude_order_quantity_value_rules":"no","exclude_category_quantity_rules":"no","combine_variations":"no","exclude_global_add_ons":[],"addons":[],"jetpack_sharing_enabled":true,"jetpack_likes_enabled":true,"_links":{"self":[{"href":"https:\/\/watchdeluxe.it\/de\/wp-json\/wp\/v2\/product\/88856","targetHints":{"allow":["GET"]}}],"collection":[{"href":"https:\/\/watchdeluxe.it\/de\/wp-json\/wp\/v2\/product"}],"about":[{"href":"https:\/\/watchdeluxe.it\/de\/wp-json\/wp\/v2\/types\/product"}],"wp:featuredmedia":[{"embeddable":true,"href":"https:\/\/watchdeluxe.it\/de\/wp-json\/wp\/v2\/media\/88852"}],"wp:attachment":[{"href":"https:\/\/watchdeluxe.it\/de\/wp-json\/wp\/v2\/media?parent=88856"}],"wp:term":[{"taxonomy":"product_brand","embeddable":true,"href":"https:\/\/watchdeluxe.it\/de\/wp-json\/wp\/v2\/product_brand?post=88856"},{"taxonomy":"product_cat","embeddable":true,"href":"https:\/\/watchdeluxe.it\/de\/wp-json\/wp\/v2\/product_cat?post=88856"},{"taxonomy":"product_tag","embeddable":true,"href":"https:\/\/watchdeluxe.it\/de\/wp-json\/wp\/v2\/product_tag?post=88856"},{"taxonomy":"berocket_brand","embeddable":true,"href":"https:\/\/watchdeluxe.it\/de\/wp-json\/wp\/v2\/berocket_brand?post=88856"},{"taxonomy":"woo-feed-brand","embeddable":true,"href":"https:\/\/watchdeluxe.it\/de\/wp-json\/wp\/v2\/woo-feed-brand?post=88856"}],"curies":[{"name":"wp","href":"https:\/\/api.w.org\/{rel}","templated":true}]}}