{"id":88846,"date":"2024-01-03T10:47:56","date_gmt":"2024-01-03T09:47:56","guid":{"rendered":"https:\/\/watchdeluxe.it\/prodotto\/montblanc-compact-handgepaeck-trolley-my4810-ref-131850\/"},"modified":"2026-01-22T10:27:10","modified_gmt":"2026-01-22T09:27:10","slug":"montblanc-compact-handgepaeck-trolley-my4810-ref-131850","status":"publish","type":"product","link":"https:\/\/watchdeluxe.it\/de\/prodotto\/montblanc-compact-handgepaeck-trolley-my4810-ref-131850\/","title":{"rendered":"Montblanc Compact Handgep\u00e4ck-Trolley #My4810 Ref. 131850"},"content":{"rendered":"<p>Montblanc Compact Handgep\u00e4ck-Trolley #My4810 Ref. 131850<\/p>\n<p>Ein leichter und kompakter Handgep\u00e4cktrolley aus Polykarbonat mit schwarzen Lederdetails, der dank seiner vier R\u00e4der, dem mehrstufigen Griff und der cleveren Organisation mit mehreren F\u00e4chern \u00e4u\u00dferst praktisch ist. Abmessungen 35 x 55 x 21 cm (Volumen 34 L)<\/p>\n","protected":false},"excerpt":{"rendered":"<p>Montblanc Compact Handgep\u00e4ck-Trolley #My4810 Ref. 131850 Ein leichter und kompakter Handgep\u00e4cktrolley aus Polykarbonat mit schwarzen Lederdetails, der dank seiner vier R\u00e4der, dem mehrstufigen Griff und der cleveren Organisation mit mehreren F\u00e4chern \u00e4u\u00dferst praktisch ist. Abmessungen 35 x 55 x 21 cm (Volumen 34 L)<\/p>\n","protected":false},"featured_media":88842,"template":"","meta":{"_crdt_document":"","advanced_seo_description":"","jetpack_seo_html_title":"","jetpack_seo_noindex":false},"product_brand":[1907],"product_cat":[2250],"product_tag":[3124],"berocket_brand":[],"woo-feed-brand":[],"class_list":{"0":"post-88846","1":"product","2":"type-product","3":"status-publish","4":"has-post-thumbnail","6":"product_brand-montblanc","7":"product_cat-montblanc-de","8":"product_tag-wagen","10":"first","11":"instock","12":"sale","13":"taxable","14":"shipping-taxable","15":"purchasable","16":"product-type-simple"},"bundled_by":[],"bundle_stock_status":"instock","bundle_stock_quantity":1,"bundle_virtual":false,"bundle_layout":"","bundle_add_to_cart_form_location":"","bundle_editable_in_cart":false,"bundle_sold_individually_context":"","bundle_item_grouping":"","bundle_min_size":"","bundle_max_size":"","bundle_price":[],"bundled_items":[],"bundle_sell_ids":[],"group_of_quantity":0,"min_quantity":0,"max_quantity":"","exclude_order_quantity_value_rules":"no","exclude_category_quantity_rules":"no","combine_variations":"no","jetpack_sharing_enabled":true,"jetpack_likes_enabled":true,"_links":{"self":[{"href":"https:\/\/watchdeluxe.it\/de\/wp-json\/wp\/v2\/product\/88846","targetHints":{"allow":["GET"]}}],"collection":[{"href":"https:\/\/watchdeluxe.it\/de\/wp-json\/wp\/v2\/product"}],"about":[{"href":"https:\/\/watchdeluxe.it\/de\/wp-json\/wp\/v2\/types\/product"}],"wp:featuredmedia":[{"embeddable":true,"href":"https:\/\/watchdeluxe.it\/de\/wp-json\/wp\/v2\/media\/88842"}],"wp:attachment":[{"href":"https:\/\/watchdeluxe.it\/de\/wp-json\/wp\/v2\/media?parent=88846"}],"wp:term":[{"taxonomy":"product_brand","embeddable":true,"href":"https:\/\/watchdeluxe.it\/de\/wp-json\/wp\/v2\/product_brand?post=88846"},{"taxonomy":"product_cat","embeddable":true,"href":"https:\/\/watchdeluxe.it\/de\/wp-json\/wp\/v2\/product_cat?post=88846"},{"taxonomy":"product_tag","embeddable":true,"href":"https:\/\/watchdeluxe.it\/de\/wp-json\/wp\/v2\/product_tag?post=88846"},{"taxonomy":"berocket_brand","embeddable":true,"href":"https:\/\/watchdeluxe.it\/de\/wp-json\/wp\/v2\/berocket_brand?post=88846"},{"taxonomy":"woo-feed-brand","embeddable":true,"href":"https:\/\/watchdeluxe.it\/de\/wp-json\/wp\/v2\/woo-feed-brand?post=88846"}],"curies":[{"name":"wp","href":"https:\/\/api.w.org\/{rel}","templated":true}]}}