{"id":88835,"date":"2025-11-05T15:58:54","date_gmt":"2025-11-05T14:58:54","guid":{"rendered":"https:\/\/watchdeluxe.it\/prodotto\/montblanc-trolley-my4810-ref-131853\/"},"modified":"2025-11-05T15:58:58","modified_gmt":"2025-11-05T14:58:58","slug":"montblanc-trolley-my4810-ref-131853","status":"publish","type":"product","link":"https:\/\/watchdeluxe.it\/de\/prodotto\/montblanc-trolley-my4810-ref-131853\/","title":{"rendered":"Montblanc Trolley #my4810 ref. 131853"},"content":{"rendered":"<p>Montblanc Trolley #my4810 ref. 131853<\/p>\n<p>Farbe grau<\/p>\n<p><span class=\"value\">Ein kompakter Handgep\u00e4cktrolley aus leichtem Polykarbonat mit schwarzen Lederdetails, der dank seiner vier R\u00e4der, dem mehrfach verl\u00e4ngerten Griff und der cleveren Organisation mit mehreren F\u00e4chern \u00e4u\u00dferst praktisch ist. Ma\u00dfe 38 x 55 x 23 cm (Volumen 37 L)<\/span><\/p>\n","protected":false},"excerpt":{"rendered":"<p>Montblanc Trolley #my4810 ref. 131853 Farbe grau Ein kompakter Handgep\u00e4cktrolley aus leichtem Polykarbonat mit schwarzen Lederdetails, der dank seiner vier R\u00e4der, dem mehrfach verl\u00e4ngerten Griff und der cleveren Organisation mit mehreren F\u00e4chern \u00e4u\u00dferst praktisch ist. Ma\u00dfe 38 x 55 x 23 cm (Volumen 37 L)<\/p>\n","protected":false},"featured_media":88831,"template":"","meta":{"_crdt_document":"","advanced_seo_description":"","jetpack_seo_html_title":"","jetpack_seo_noindex":false},"product_brand":[],"product_cat":[2250],"product_tag":[3124],"berocket_brand":[],"woo-feed-brand":[],"class_list":{"0":"post-88835","1":"product","2":"type-product","3":"status-publish","4":"has-post-thumbnail","6":"product_cat-montblanc-de","7":"product_tag-wagen","9":"first","10":"instock","11":"sale","12":"taxable","13":"shipping-taxable","14":"purchasable","15":"product-type-simple"},"bundled_by":[],"bundle_stock_status":"instock","bundle_stock_quantity":1,"bundle_virtual":false,"bundle_layout":"","bundle_add_to_cart_form_location":"","bundle_editable_in_cart":false,"bundle_sold_individually_context":"","bundle_item_grouping":"","bundle_min_size":"","bundle_max_size":"","bundle_price":[],"bundled_items":[],"bundle_sell_ids":[],"group_of_quantity":0,"min_quantity":0,"max_quantity":"","exclude_order_quantity_value_rules":"no","exclude_category_quantity_rules":"no","combine_variations":"no","jetpack_sharing_enabled":true,"jetpack_likes_enabled":true,"_links":{"self":[{"href":"https:\/\/watchdeluxe.it\/de\/wp-json\/wp\/v2\/product\/88835","targetHints":{"allow":["GET"]}}],"collection":[{"href":"https:\/\/watchdeluxe.it\/de\/wp-json\/wp\/v2\/product"}],"about":[{"href":"https:\/\/watchdeluxe.it\/de\/wp-json\/wp\/v2\/types\/product"}],"wp:featuredmedia":[{"embeddable":true,"href":"https:\/\/watchdeluxe.it\/de\/wp-json\/wp\/v2\/media\/88831"}],"wp:attachment":[{"href":"https:\/\/watchdeluxe.it\/de\/wp-json\/wp\/v2\/media?parent=88835"}],"wp:term":[{"taxonomy":"product_brand","embeddable":true,"href":"https:\/\/watchdeluxe.it\/de\/wp-json\/wp\/v2\/product_brand?post=88835"},{"taxonomy":"product_cat","embeddable":true,"href":"https:\/\/watchdeluxe.it\/de\/wp-json\/wp\/v2\/product_cat?post=88835"},{"taxonomy":"product_tag","embeddable":true,"href":"https:\/\/watchdeluxe.it\/de\/wp-json\/wp\/v2\/product_tag?post=88835"},{"taxonomy":"berocket_brand","embeddable":true,"href":"https:\/\/watchdeluxe.it\/de\/wp-json\/wp\/v2\/berocket_brand?post=88835"},{"taxonomy":"woo-feed-brand","embeddable":true,"href":"https:\/\/watchdeluxe.it\/de\/wp-json\/wp\/v2\/woo-feed-brand?post=88835"}],"curies":[{"name":"wp","href":"https:\/\/api.w.org\/{rel}","templated":true}]}}