{"id":88795,"date":"2025-11-05T16:01:49","date_gmt":"2025-11-05T15:01:49","guid":{"rendered":"https:\/\/watchdeluxe.it\/prodotto\/montblanc-pochette-meisterstueck-ref-131680\/"},"modified":"2025-11-05T16:01:53","modified_gmt":"2025-11-05T15:01:53","slug":"montblanc-pochette-meisterstueck-ref-131680","status":"publish","type":"product","link":"https:\/\/watchdeluxe.it\/de\/prodotto\/montblanc-pochette-meisterstueck-ref-131680\/","title":{"rendered":"Montblanc Pochette Meisterst\u00fcck ref. 131680"},"content":{"rendered":"<p>Montblanc Pochette Meisterst\u00fcck ref. 131680<\/p>\n<p>Farbe grau<\/p>\n<p><span class=\"value\">Mit diesem vielseitigen Meisterst\u00fcck-Etui haben Sie kleine, wichtige Dinge immer stilvoll und praktisch bei sich. Der von Hand aufgetragene Farbverlauf l\u00e4sst die Farbe Forged Iron unten dunkler und oben heller erscheinen, w\u00e4hrend der Rei\u00dfverschlussschieber in Form einer Feder die Verbindung zur Handwerkskunst und zum Wesen von Montblanc, der Feder, verst\u00e4rkt. Das Hauptfach hat ein zus\u00e4tzliches offenes Fach, das maximale Funktionalit\u00e4t bietet. Sie k\u00f6nnen ihn in der Hand, unter dem Arm oder dank der abnehmbaren Handschlaufe am Handgelenk tragen.<\/span><\/p>\n<p><span class=\"length first\"> <span class=\"key\">Abmessungen<\/span> 240 <\/span> <span class=\"width\"> 50 <\/span> <span class=\"height last\"> 200 <span class=\"unit\">mm<\/span> <\/span><\/p>\n","protected":false},"excerpt":{"rendered":"<p>Montblanc Pochette Meisterst\u00fcck ref. 131680 Farbe grau Mit diesem vielseitigen Meisterst\u00fcck-Etui haben Sie kleine, wichtige Dinge immer stilvoll und praktisch bei sich. Der von Hand aufgetragene Farbverlauf l\u00e4sst die Farbe Forged Iron unten dunkler und oben heller erscheinen, w\u00e4hrend der Rei\u00dfverschlussschieber in Form einer Feder die Verbindung zur Handwerkskunst und zum Wesen von Montblanc, der [&hellip;]<\/p>\n","protected":false},"featured_media":88790,"template":"","meta":{"_crdt_document":"","advanced_seo_description":"","jetpack_seo_html_title":"","jetpack_seo_noindex":false},"product_brand":[],"product_cat":[1929],"product_tag":[1445],"berocket_brand":[],"woo-feed-brand":[],"class_list":{"0":"post-88795","1":"product","2":"type-product","3":"status-publish","4":"has-post-thumbnail","6":"product_cat-montblanc","7":"product_tag-borse","9":"first","10":"instock","11":"sale","12":"taxable","13":"shipping-taxable","14":"purchasable","15":"product-type-simple"},"bundled_by":[],"bundle_stock_status":"instock","bundle_stock_quantity":1,"bundle_virtual":false,"bundle_layout":"","bundle_add_to_cart_form_location":"","bundle_editable_in_cart":false,"bundle_sold_individually_context":"","bundle_item_grouping":"","bundle_min_size":"","bundle_max_size":"","bundle_price":[],"bundled_items":[],"bundle_sell_ids":[],"group_of_quantity":0,"min_quantity":0,"max_quantity":"","exclude_order_quantity_value_rules":"no","exclude_category_quantity_rules":"no","combine_variations":"no","jetpack_sharing_enabled":true,"jetpack_likes_enabled":true,"_links":{"self":[{"href":"https:\/\/watchdeluxe.it\/de\/wp-json\/wp\/v2\/product\/88795","targetHints":{"allow":["GET"]}}],"collection":[{"href":"https:\/\/watchdeluxe.it\/de\/wp-json\/wp\/v2\/product"}],"about":[{"href":"https:\/\/watchdeluxe.it\/de\/wp-json\/wp\/v2\/types\/product"}],"wp:featuredmedia":[{"embeddable":true,"href":"https:\/\/watchdeluxe.it\/de\/wp-json\/wp\/v2\/media\/88790"}],"wp:attachment":[{"href":"https:\/\/watchdeluxe.it\/de\/wp-json\/wp\/v2\/media?parent=88795"}],"wp:term":[{"taxonomy":"product_brand","embeddable":true,"href":"https:\/\/watchdeluxe.it\/de\/wp-json\/wp\/v2\/product_brand?post=88795"},{"taxonomy":"product_cat","embeddable":true,"href":"https:\/\/watchdeluxe.it\/de\/wp-json\/wp\/v2\/product_cat?post=88795"},{"taxonomy":"product_tag","embeddable":true,"href":"https:\/\/watchdeluxe.it\/de\/wp-json\/wp\/v2\/product_tag?post=88795"},{"taxonomy":"berocket_brand","embeddable":true,"href":"https:\/\/watchdeluxe.it\/de\/wp-json\/wp\/v2\/berocket_brand?post=88795"},{"taxonomy":"woo-feed-brand","embeddable":true,"href":"https:\/\/watchdeluxe.it\/de\/wp-json\/wp\/v2\/woo-feed-brand?post=88795"}],"curies":[{"name":"wp","href":"https:\/\/api.w.org\/{rel}","templated":true}]}}