{"id":88719,"date":"2024-01-03T10:02:36","date_gmt":"2024-01-03T09:02:36","guid":{"rendered":"https:\/\/watchdeluxe.it\/prodotto\/montblanc-rolle-doue-world-tour-ref-128482\/"},"modified":"2026-04-01T10:08:00","modified_gmt":"2026-04-01T08:08:00","slug":"montblanc-rolle-doue-world-tour-ref-128482","status":"publish","type":"product","link":"https:\/\/watchdeluxe.it\/de\/prodotto\/montblanc-rolle-doue-world-tour-ref-128482\/","title":{"rendered":"Montblanc Rollerball Dou\u00e9 Giro del Mondo Ref. 128482"},"content":{"rendered":"<p>Montblanc Rollerball Dou\u00e9 Giro del Mondo Ref. 128482<\/p>\n<p>ie Montblanc Meisterst\u00fcck Around the World in 80 Days Kollektion ist inspiriert von Jules Vernes ber\u00fchmtem Abenteuerroman Around the World in 80 Days. Der Rollerball Dou\u00e9 Classique mit goldfarbener Metallkappe und anthrazitfarbenem D\u00e9grad\u00e9-Lackk\u00f6rper ist von der zweiten Etappe der Reise von Bombay nach Yokohama inspiriert. In dieser zweiten Abenteuerphase reisen die Protagonisten auf einem majest\u00e4tischen Elefanten, der in einer Kartusche auf der Motorhaube erscheint. Die goldfarbene Metallkappe tr\u00e4gt ein eingraviertes Motiv, das Gl\u00fcck symbolisiert. Auf dem Clip ist ein rot lackiertes Karo-Ass abgebildet und auf dem Kegel sind ein Muster und Kartenfarben eingraviert, die Foggs Wette darstellen, die Reise in 80 Tagen zu schaffen. Auf der Oberseite der Kappe ist die Dauer der Reise eingepr\u00e4gt, 25 Tage von Bombay nach Yokohama und 80 Tage insgesamt.<\/p>\n<p>Die Abmessungen sind 136,30&#215;12,5<\/p>\n<p><strong> <\/strong><\/p>\n<ul>\n<li>Sammlerkost\u00fcm.<\/li>\n<\/ul>\n","protected":false},"excerpt":{"rendered":"<p>Montblanc Rollerball Dou\u00e9 Giro del Mondo Ref. 128482 ie Montblanc Meisterst\u00fcck Around the World in 80 Days Kollektion ist inspiriert von Jules Vernes ber\u00fchmtem Abenteuerroman Around the World in 80 Days. Der Rollerball Dou\u00e9 Classique mit goldfarbener Metallkappe und anthrazitfarbenem D\u00e9grad\u00e9-Lackk\u00f6rper ist von der zweiten Etappe der Reise von Bombay nach Yokohama inspiriert. In dieser [&hellip;]<\/p>\n","protected":false},"featured_media":88715,"template":"","meta":{"_crdt_document":"","advanced_seo_description":"","jetpack_seo_html_title":"","jetpack_seo_noindex":false},"product_brand":[],"product_cat":[2250],"product_tag":[4004],"berocket_brand":[],"woo-feed-brand":[],"class_list":{"0":"post-88719","1":"product","2":"type-product","3":"status-publish","4":"has-post-thumbnail","6":"product_cat-montblanc-de","7":"product_tag-penne-de","9":"first","10":"outofstock","11":"sale","12":"taxable","13":"shipping-taxable","14":"purchasable","15":"product-type-simple"},"bundled_by":[],"bundle_stock_status":"outofstock","bundle_stock_quantity":0,"bundle_virtual":false,"bundle_layout":"","bundle_add_to_cart_form_location":"","bundle_editable_in_cart":false,"bundle_sold_individually_context":"","bundle_item_grouping":"","bundle_min_size":"","bundle_max_size":"","bundle_price":[],"bundled_items":[],"bundle_sell_ids":[],"group_of_quantity":0,"min_quantity":0,"max_quantity":"","exclude_order_quantity_value_rules":"no","exclude_category_quantity_rules":"no","combine_variations":"no","jetpack_sharing_enabled":true,"jetpack_likes_enabled":true,"_links":{"self":[{"href":"https:\/\/watchdeluxe.it\/de\/wp-json\/wp\/v2\/product\/88719","targetHints":{"allow":["GET"]}}],"collection":[{"href":"https:\/\/watchdeluxe.it\/de\/wp-json\/wp\/v2\/product"}],"about":[{"href":"https:\/\/watchdeluxe.it\/de\/wp-json\/wp\/v2\/types\/product"}],"wp:featuredmedia":[{"embeddable":true,"href":"https:\/\/watchdeluxe.it\/de\/wp-json\/wp\/v2\/media\/88715"}],"wp:attachment":[{"href":"https:\/\/watchdeluxe.it\/de\/wp-json\/wp\/v2\/media?parent=88719"}],"wp:term":[{"taxonomy":"product_brand","embeddable":true,"href":"https:\/\/watchdeluxe.it\/de\/wp-json\/wp\/v2\/product_brand?post=88719"},{"taxonomy":"product_cat","embeddable":true,"href":"https:\/\/watchdeluxe.it\/de\/wp-json\/wp\/v2\/product_cat?post=88719"},{"taxonomy":"product_tag","embeddable":true,"href":"https:\/\/watchdeluxe.it\/de\/wp-json\/wp\/v2\/product_tag?post=88719"},{"taxonomy":"berocket_brand","embeddable":true,"href":"https:\/\/watchdeluxe.it\/de\/wp-json\/wp\/v2\/berocket_brand?post=88719"},{"taxonomy":"woo-feed-brand","embeddable":true,"href":"https:\/\/watchdeluxe.it\/de\/wp-json\/wp\/v2\/woo-feed-brand?post=88719"}],"curies":[{"name":"wp","href":"https:\/\/api.w.org\/{rel}","templated":true}]}}