{"id":88653,"date":"2024-01-02T18:14:45","date_gmt":"2024-01-02T17:14:45","guid":{"rendered":"https:\/\/watchdeluxe.it\/prodotto\/montblanc-medium-rucksack-mit-3-faechern-sartorial-ref-131716\/"},"modified":"2026-01-22T10:32:15","modified_gmt":"2026-01-22T09:32:15","slug":"montblanc-medium-rucksack-mit-3-faechern-sartorial-ref-131716","status":"publish","type":"product","link":"https:\/\/watchdeluxe.it\/de\/prodotto\/montblanc-medium-rucksack-mit-3-faechern-sartorial-ref-131716\/","title":{"rendered":"Montblanc Medium Rucksack mit 3 F\u00e4chern Sartorial Ref. 131716"},"content":{"rendered":"<p>Montblanc Medium Rucksack mit 3 F\u00e4chern Sartorial Ref. 131716<\/p>\n<p>Mit seiner Kombination aus Funktionalit\u00e4t und raffiniertem urbanen Stil ist dieser Rucksack der perfekte Verb\u00fcndete f\u00fcr das Pendeln in der Stadt. Das Accessoire aus feinem und edlem Leder mit Saffiano-Print in Ink Blue verf\u00fcgt \u00fcber drei ger\u00e4umige F\u00e4cher zur Aufbewahrung von Dokumenten, elektronischen Ger\u00e4ten und Schreibger\u00e4ten. Das Au\u00dfenfach ist mit dem Montblanc Emblem in einer neuen, \u00fcbergro\u00dfen Version verziert. Dank des Satellitensystems l\u00e4sst er sich leicht an einem Wagen befestigen.<br \/>\n<b>Abmessungen: 330 x 130 x H 400 mm.  <\/b><\/p>\n","protected":false},"excerpt":{"rendered":"<p>Montblanc Medium Rucksack mit 3 F\u00e4chern Sartorial Ref. 131716 Mit seiner Kombination aus Funktionalit\u00e4t und raffiniertem urbanen Stil ist dieser Rucksack der perfekte Verb\u00fcndete f\u00fcr das Pendeln in der Stadt. Das Accessoire aus feinem und edlem Leder mit Saffiano-Print in Ink Blue verf\u00fcgt \u00fcber drei ger\u00e4umige F\u00e4cher zur Aufbewahrung von Dokumenten, elektronischen Ger\u00e4ten und Schreibger\u00e4ten. [&hellip;]<\/p>\n","protected":false},"featured_media":88648,"template":"","meta":{"_crdt_document":"","advanced_seo_description":"","jetpack_seo_html_title":"","jetpack_seo_noindex":false},"product_brand":[],"product_cat":[2250],"product_tag":[2512],"berocket_brand":[],"woo-feed-brand":[],"class_list":{"0":"post-88653","1":"product","2":"type-product","3":"status-publish","4":"has-post-thumbnail","6":"product_cat-montblanc-de","7":"product_tag-rucksack","9":"first","10":"instock","11":"sale","12":"taxable","13":"shipping-taxable","14":"purchasable","15":"product-type-simple"},"bundled_by":[],"bundle_stock_status":"instock","bundle_stock_quantity":1,"bundle_virtual":false,"bundle_layout":"","bundle_add_to_cart_form_location":"","bundle_editable_in_cart":false,"bundle_sold_individually_context":"","bundle_item_grouping":"","bundle_min_size":"","bundle_max_size":"","bundle_price":[],"bundled_items":[],"bundle_sell_ids":[],"group_of_quantity":0,"min_quantity":0,"max_quantity":"","exclude_order_quantity_value_rules":"no","exclude_category_quantity_rules":"no","combine_variations":"no","exclude_global_add_ons":[],"addons":[],"jetpack_sharing_enabled":true,"jetpack_likes_enabled":true,"_links":{"self":[{"href":"https:\/\/watchdeluxe.it\/de\/wp-json\/wp\/v2\/product\/88653","targetHints":{"allow":["GET"]}}],"collection":[{"href":"https:\/\/watchdeluxe.it\/de\/wp-json\/wp\/v2\/product"}],"about":[{"href":"https:\/\/watchdeluxe.it\/de\/wp-json\/wp\/v2\/types\/product"}],"wp:featuredmedia":[{"embeddable":true,"href":"https:\/\/watchdeluxe.it\/de\/wp-json\/wp\/v2\/media\/88648"}],"wp:attachment":[{"href":"https:\/\/watchdeluxe.it\/de\/wp-json\/wp\/v2\/media?parent=88653"}],"wp:term":[{"taxonomy":"product_brand","embeddable":true,"href":"https:\/\/watchdeluxe.it\/de\/wp-json\/wp\/v2\/product_brand?post=88653"},{"taxonomy":"product_cat","embeddable":true,"href":"https:\/\/watchdeluxe.it\/de\/wp-json\/wp\/v2\/product_cat?post=88653"},{"taxonomy":"product_tag","embeddable":true,"href":"https:\/\/watchdeluxe.it\/de\/wp-json\/wp\/v2\/product_tag?post=88653"},{"taxonomy":"berocket_brand","embeddable":true,"href":"https:\/\/watchdeluxe.it\/de\/wp-json\/wp\/v2\/berocket_brand?post=88653"},{"taxonomy":"woo-feed-brand","embeddable":true,"href":"https:\/\/watchdeluxe.it\/de\/wp-json\/wp\/v2\/woo-feed-brand?post=88653"}],"curies":[{"name":"wp","href":"https:\/\/api.w.org\/{rel}","templated":true}]}}