{"id":88575,"date":"2023-03-20T13:45:49","date_gmt":"2023-03-20T12:45:49","guid":{"rendered":"https:\/\/watchdeluxe.it\/prodotto\/montblanc-1858-eismeer-automatik-datum-41-mm-ref-129370\/"},"modified":"2026-04-06T08:39:11","modified_gmt":"2026-04-06T06:39:11","slug":"montblanc-1858-eismeer-automatik-datum-41-mm-ref-129370","status":"publish","type":"product","link":"https:\/\/watchdeluxe.it\/de\/prodotto\/montblanc-1858-eismeer-automatik-datum-41-mm-ref-129370\/","title":{"rendered":"Montblanc 1858 Ice Sea Automatic Date 41 mm Ref. 129370"},"content":{"rendered":"<p>Montblanc 1858 Ice Sea Automatic Date 41 mm Ref. 129370<\/p>\n<div class=\"short-description\">Montblancs erste Sporttaucheruhr, die Montblanc 1858 Iced Sea Automatic Date, verf\u00fcgt \u00fcber ein Zifferblatt mit einem Gletschermotiv, das den Eindruck vermittelt, in die Tiefen eines Gletschers zu blicken. Das blaue Zifferblatt mit Gletschermotiv ist inspiriert vom Mer de Glace (Eismeer), dem Hauptgletscher des Mont-Blanc-Massivs. Seine Textur wurde durch eine fast vergessene, uralte Technik namens gratt\u00e9-bois\u00e9 erzielt. Der Zeitmesser verf\u00fcgt \u00fcber eine einseitig drehbare zweifarbige Keramikl\u00fcnette, einen gravierten Geh\u00e4useboden und ein austauschbares blaues Kautschukarmband mit Feineinstellung. Der Zeitmesser entspricht der Norm ISO 6425 f\u00fcr Taucheruhren und ist bis 300 Meter wasserdicht.<\/div>\n<p>&nbsp;<\/p>\n<p>&nbsp;<\/p>\n<div class=\"product-collateral\">\n<div class=\"product-specs-box\">\n<div class=\"title\"><strong>Einzelheiten zum Produkt<\/strong><\/div>\n<div class=\"table-wrapper\">\n<table class=\"data-table\">\n<colgroup>\n<col width=\"25%\">\n<col> <\/colgroup>\n<tbody>\n<tr class=\"odd\">\n<td class=\"spec-name\">Marke<\/td>\n<td class=\"spec-value\">Montblanc<\/td>\n<\/tr>\n<tr class=\"even\">\n<td class=\"spec-name\">Linie<\/td>\n<td class=\"spec-value\">1858<\/td>\n<\/tr>\n<tr class=\"odd\">\n<td class=\"spec-name\">Komplikation<\/td>\n<td class=\"spec-value\">NUR ZEIT<\/td>\n<\/tr>\n<tr class=\"even\">\n<td class=\"spec-name\">Uhrwerk<\/td>\n<td class=\"spec-value\">AUTOMATIK<\/td>\n<\/tr>\n<tr class=\"odd\">\n<td class=\"spec-name\">Form<\/td>\n<td class=\"spec-value\">RUND<\/td>\n<\/tr>\n<tr class=\"even\">\n<td class=\"spec-name\">Gr\u00f6\u00dfe<\/td>\n<td class=\"spec-value\">41 MM<\/td>\n<\/tr>\n<tr class=\"odd\">\n<td class=\"spec-name\">Material Geh\u00e4use<\/td>\n<td class=\"spec-value\">Stahl<\/td>\n<\/tr>\n<tr class=\"even\">\n<td class=\"spec-name\">W\u00e4hlen Sie<\/td>\n<td class=\"spec-value\">BLAU<\/td>\n<\/tr>\n<tr class=\"odd\">\n<td class=\"spec-name\">Riemen<\/td>\n<td class=\"spec-value\">CAUCCIU<\/td>\n<\/tr>\n<tr class=\"even\">\n<td class=\"spec-name\">Wasserabdichtung<\/td>\n<td class=\"spec-value\">300 M<\/td>\n<\/tr>\n<\/tbody>\n<\/table>\n<\/div>\n<\/div>\n<\/div>\n","protected":false},"excerpt":{"rendered":"<p>Montblanc 1858 Ice Sea Automatic Date 41 mm Ref. 129370 Montblancs erste Sporttaucheruhr, die Montblanc 1858 Iced Sea Automatic Date, verf\u00fcgt \u00fcber ein Zifferblatt mit einem Gletschermotiv, das den Eindruck vermittelt, in die Tiefen eines Gletschers zu blicken. Das blaue Zifferblatt mit Gletschermotiv ist inspiriert vom Mer de Glace (Eismeer), dem Hauptgletscher des Mont-Blanc-Massivs. Seine [&hellip;]<\/p>\n","protected":false},"featured_media":158286,"template":"","meta":{"_crdt_document":"","advanced_seo_description":"","jetpack_seo_html_title":"","jetpack_seo_noindex":false},"product_brand":[],"product_cat":[2250],"product_tag":[2899],"berocket_brand":[],"woo-feed-brand":[],"class_list":{"0":"post-88575","1":"product","2":"type-product","3":"status-publish","4":"has-post-thumbnail","6":"product_cat-montblanc-de","7":"product_tag-uhren","9":"first","10":"instock","11":"sale","12":"taxable","13":"shipping-taxable","14":"purchasable","15":"product-type-simple"},"bundled_by":[],"bundle_stock_status":"instock","bundle_stock_quantity":1,"bundle_virtual":false,"bundle_layout":"","bundle_add_to_cart_form_location":"","bundle_editable_in_cart":false,"bundle_sold_individually_context":"","bundle_item_grouping":"","bundle_min_size":"","bundle_max_size":"","bundle_price":[],"bundled_items":[],"bundle_sell_ids":[],"group_of_quantity":0,"min_quantity":0,"max_quantity":"","exclude_order_quantity_value_rules":"no","exclude_category_quantity_rules":"no","combine_variations":"no","exclude_global_add_ons":[],"addons":[],"jetpack_sharing_enabled":true,"jetpack_likes_enabled":true,"_links":{"self":[{"href":"https:\/\/watchdeluxe.it\/de\/wp-json\/wp\/v2\/product\/88575","targetHints":{"allow":["GET"]}}],"collection":[{"href":"https:\/\/watchdeluxe.it\/de\/wp-json\/wp\/v2\/product"}],"about":[{"href":"https:\/\/watchdeluxe.it\/de\/wp-json\/wp\/v2\/types\/product"}],"wp:featuredmedia":[{"embeddable":true,"href":"https:\/\/watchdeluxe.it\/de\/wp-json\/wp\/v2\/media\/158286"}],"wp:attachment":[{"href":"https:\/\/watchdeluxe.it\/de\/wp-json\/wp\/v2\/media?parent=88575"}],"wp:term":[{"taxonomy":"product_brand","embeddable":true,"href":"https:\/\/watchdeluxe.it\/de\/wp-json\/wp\/v2\/product_brand?post=88575"},{"taxonomy":"product_cat","embeddable":true,"href":"https:\/\/watchdeluxe.it\/de\/wp-json\/wp\/v2\/product_cat?post=88575"},{"taxonomy":"product_tag","embeddable":true,"href":"https:\/\/watchdeluxe.it\/de\/wp-json\/wp\/v2\/product_tag?post=88575"},{"taxonomy":"berocket_brand","embeddable":true,"href":"https:\/\/watchdeluxe.it\/de\/wp-json\/wp\/v2\/berocket_brand?post=88575"},{"taxonomy":"woo-feed-brand","embeddable":true,"href":"https:\/\/watchdeluxe.it\/de\/wp-json\/wp\/v2\/woo-feed-brand?post=88575"}],"curies":[{"name":"wp","href":"https:\/\/api.w.org\/{rel}","templated":true}]}}