{"id":88552,"date":"2024-01-02T17:37:55","date_gmt":"2024-01-02T16:37:55","guid":{"rendered":"https:\/\/watchdeluxe.it\/prodotto\/montblanc-1858-gmt-ref-129766\/"},"modified":"2026-01-22T10:18:31","modified_gmt":"2026-01-22T09:18:31","slug":"montblanc-1858-gmt-ref-129766","status":"publish","type":"product","link":"https:\/\/watchdeluxe.it\/de\/prodotto\/montblanc-1858-gmt-ref-129766\/","title":{"rendered":"Montblanc Uhr 1858 GMT ref. 129766"},"content":{"rendered":"<p>Montblanc 1858 GMT ref. 129766<\/p>\n<p><span class=\"case_material\"> <span class=\"key\">Geh\u00e4usematerial<\/span> Edelstahl  <\/span> <span class=\"case_diameter\"> <span class=\"key\">Durchmesser des Geh\u00e4uses<\/span> 42 <span class=\"unit\">mm<\/span> <\/span> <span class=\"case_thickness\"> <span class=\"key\">Dicke des Geh\u00e4uses<\/span> 12,25 <span class=\"unit\">mm<\/span> <\/span> <span class=\"water_resistant\"> <span class=\"key\">Wasserdichtigkeit<\/span> 10 bar (100 m) <span class=\"unit\">bar<\/span> <\/span> <span class=\"bezel_type\"> <span class=\"key\">Aderendh\u00fclsentyp<\/span> Fest  <\/span> <span class=\"crystal_description\"> <span class=\"key\">Glas Beschreibung<\/span> Gew\u00f6lbtes Saphirglas mit Antireflexionsbehandlung  <\/span> <span class=\"crown\"> Geriffelte <span class=\"key\">Edelstahlkrone<\/span> mit Montblanc Emblem  <\/span> <span class=\"dial_description\"> <span class=\"key\">Zifferblatt<\/span> Schwarzes &#8216;soleil&#8217;-Zifferblatt mit arabischen Ziffern und rhodinierten Leuchtindexen; GMT mit rotem Fenster  <\/span><\/p>\n<div id=\"movement_content\" class=\"accordion__content\" role=\"region\" aria-labelledby=\"movement\"> <span class=\"caliber\"> <span class=\"key\">Kaliber<\/span> Selbstaufzug <\/span> <span class=\"movement_type\"> <span class=\"key\">Uhrwerkstyp<\/span> Automatikwerk Stunden &#8211; Minuten &#8211; Sekunden &#8211; Datum &#8211; Scheibe mit GMT-Anzeige <\/span> <span class=\"power\"> <span class=\"key\">Gangreserve<\/span> 50.0 <span class=\"unit\">h<\/span> <\/span> <span class=\"frequence first\"> <span class=\"key\">Frequenz (VPH)<\/span> 4 <span class=\"unit\">\/h<\/span> <\/span> <span class=\"part_of_the_frequency\"> 28800,0 <span class=\"unit\"> Hz<\/span> <\/span> <span class=\"rubis_number last\"> 25 <span class=\"unit\">Juwelen<\/span> <\/span> <\/div>\n","protected":false},"excerpt":{"rendered":"<p>Montblanc 1858 GMT ref. 129766 Geh\u00e4usematerial Edelstahl Durchmesser des Geh\u00e4uses 42 mm Dicke des Geh\u00e4uses 12,25 mm Wasserdichtigkeit 10 bar (100 m) bar Aderendh\u00fclsentyp Fest Glas Beschreibung Gew\u00f6lbtes Saphirglas mit Antireflexionsbehandlung Geriffelte Edelstahlkrone mit Montblanc Emblem Zifferblatt Schwarzes &#8216;soleil&#8217;-Zifferblatt mit arabischen Ziffern und rhodinierten Leuchtindexen; GMT mit rotem Fenster Kaliber Selbstaufzug Uhrwerkstyp Automatikwerk Stunden &#8211; [&hellip;]<\/p>\n","protected":false},"featured_media":88550,"template":"","meta":{"_crdt_document":"","advanced_seo_description":"","jetpack_seo_html_title":"","jetpack_seo_noindex":false},"product_brand":[],"product_cat":[2250],"product_tag":[3783],"berocket_brand":[],"woo-feed-brand":[],"class_list":{"0":"post-88552","1":"product","2":"type-product","3":"status-publish","4":"has-post-thumbnail","6":"product_cat-montblanc-de","7":"product_tag-gmt-de","9":"first","10":"instock","11":"sale","12":"taxable","13":"shipping-taxable","14":"purchasable","15":"product-type-simple"},"bundled_by":[],"bundle_stock_status":"instock","bundle_stock_quantity":1,"bundle_virtual":false,"bundle_layout":"","bundle_add_to_cart_form_location":"","bundle_editable_in_cart":false,"bundle_sold_individually_context":"","bundle_item_grouping":"","bundle_min_size":"","bundle_max_size":"","bundle_price":[],"bundled_items":[],"bundle_sell_ids":[],"group_of_quantity":0,"min_quantity":0,"max_quantity":"","exclude_order_quantity_value_rules":"no","exclude_category_quantity_rules":"no","combine_variations":"no","jetpack_sharing_enabled":true,"jetpack_likes_enabled":true,"_links":{"self":[{"href":"https:\/\/watchdeluxe.it\/de\/wp-json\/wp\/v2\/product\/88552","targetHints":{"allow":["GET"]}}],"collection":[{"href":"https:\/\/watchdeluxe.it\/de\/wp-json\/wp\/v2\/product"}],"about":[{"href":"https:\/\/watchdeluxe.it\/de\/wp-json\/wp\/v2\/types\/product"}],"wp:featuredmedia":[{"embeddable":true,"href":"https:\/\/watchdeluxe.it\/de\/wp-json\/wp\/v2\/media\/88550"}],"wp:attachment":[{"href":"https:\/\/watchdeluxe.it\/de\/wp-json\/wp\/v2\/media?parent=88552"}],"wp:term":[{"taxonomy":"product_brand","embeddable":true,"href":"https:\/\/watchdeluxe.it\/de\/wp-json\/wp\/v2\/product_brand?post=88552"},{"taxonomy":"product_cat","embeddable":true,"href":"https:\/\/watchdeluxe.it\/de\/wp-json\/wp\/v2\/product_cat?post=88552"},{"taxonomy":"product_tag","embeddable":true,"href":"https:\/\/watchdeluxe.it\/de\/wp-json\/wp\/v2\/product_tag?post=88552"},{"taxonomy":"berocket_brand","embeddable":true,"href":"https:\/\/watchdeluxe.it\/de\/wp-json\/wp\/v2\/berocket_brand?post=88552"},{"taxonomy":"woo-feed-brand","embeddable":true,"href":"https:\/\/watchdeluxe.it\/de\/wp-json\/wp\/v2\/woo-feed-brand?post=88552"}],"curies":[{"name":"wp","href":"https:\/\/api.w.org\/{rel}","templated":true}]}}