{"id":88353,"date":"2024-01-02T15:56:13","date_gmt":"2024-01-02T14:56:13","guid":{"rendered":"https:\/\/watchdeluxe.it\/prodotto\/montblanc-etui-fuer-1-sartorial-schreibgeraet-ref-131740\/"},"modified":"2026-04-01T10:11:52","modified_gmt":"2026-04-01T08:11:52","slug":"montblanc-etui-fuer-1-sartorial-schreibgeraet-ref-131740","status":"publish","type":"product","link":"https:\/\/watchdeluxe.it\/de\/prodotto\/montblanc-etui-fuer-1-sartorial-schreibgeraet-ref-131740\/","title":{"rendered":"Montblanc Sartorial Etui f\u00fcr 1 Schreibger\u00e4t Ref. 131740"},"content":{"rendered":"<p>Montblanc Sartorial Etui f\u00fcr 1 Schreibger\u00e4t Ref. 131740<\/p>\n<p><span class=\"value\">In diesem exklusiven Etui werden Ihre Schreibger\u00e4te stilvoll aufbewahrt. Das Modell aus vollnarbigem Leder in der Farbe Ink Blue, das sich weich anf\u00fchlt, hat ein \u00fcberlappendes Design, das an die Form eines Briefumschlags erinnert: eine Hommage an die Welt des Schreibens.<\/span><\/p>\n<p><span class=\"length first\"> <span class=\"key\">Abmessungen<\/span> 30 <\/span> <span class=\"width\"> 18 <\/span> <span class=\"height last\"> 160 <span class=\"unit\">mm<\/span> <\/span><\/p>\n","protected":false},"excerpt":{"rendered":"<p>Montblanc Sartorial Etui f\u00fcr 1 Schreibger\u00e4t Ref. 131740 In diesem exklusiven Etui werden Ihre Schreibger\u00e4te stilvoll aufbewahrt. Das Modell aus vollnarbigem Leder in der Farbe Ink Blue, das sich weich anf\u00fchlt, hat ein \u00fcberlappendes Design, das an die Form eines Briefumschlags erinnert: eine Hommage an die Welt des Schreibens. Abmessungen 30 18 160 mm<\/p>\n","protected":false},"featured_media":88349,"template":"","meta":{"_crdt_document":"","advanced_seo_description":"","jetpack_seo_html_title":"","jetpack_seo_noindex":false},"product_brand":[],"product_cat":[2250],"product_tag":[2912],"berocket_brand":[],"woo-feed-brand":[],"class_list":{"0":"post-88353","1":"product","2":"type-product","3":"status-publish","4":"has-post-thumbnail","6":"product_cat-montblanc-de","7":"product_tag-falle","9":"first","10":"instock","11":"sale","12":"taxable","13":"shipping-taxable","14":"purchasable","15":"product-type-simple"},"bundled_by":[],"bundle_stock_status":"instock","bundle_stock_quantity":1,"bundle_virtual":false,"bundle_layout":"","bundle_add_to_cart_form_location":"","bundle_editable_in_cart":false,"bundle_sold_individually_context":"","bundle_item_grouping":"","bundle_min_size":"","bundle_max_size":"","bundle_price":[],"bundled_items":[],"bundle_sell_ids":[],"group_of_quantity":0,"min_quantity":0,"max_quantity":"","exclude_order_quantity_value_rules":"no","exclude_category_quantity_rules":"no","combine_variations":"no","jetpack_sharing_enabled":true,"jetpack_likes_enabled":true,"_links":{"self":[{"href":"https:\/\/watchdeluxe.it\/de\/wp-json\/wp\/v2\/product\/88353","targetHints":{"allow":["GET"]}}],"collection":[{"href":"https:\/\/watchdeluxe.it\/de\/wp-json\/wp\/v2\/product"}],"about":[{"href":"https:\/\/watchdeluxe.it\/de\/wp-json\/wp\/v2\/types\/product"}],"wp:featuredmedia":[{"embeddable":true,"href":"https:\/\/watchdeluxe.it\/de\/wp-json\/wp\/v2\/media\/88349"}],"wp:attachment":[{"href":"https:\/\/watchdeluxe.it\/de\/wp-json\/wp\/v2\/media?parent=88353"}],"wp:term":[{"taxonomy":"product_brand","embeddable":true,"href":"https:\/\/watchdeluxe.it\/de\/wp-json\/wp\/v2\/product_brand?post=88353"},{"taxonomy":"product_cat","embeddable":true,"href":"https:\/\/watchdeluxe.it\/de\/wp-json\/wp\/v2\/product_cat?post=88353"},{"taxonomy":"product_tag","embeddable":true,"href":"https:\/\/watchdeluxe.it\/de\/wp-json\/wp\/v2\/product_tag?post=88353"},{"taxonomy":"berocket_brand","embeddable":true,"href":"https:\/\/watchdeluxe.it\/de\/wp-json\/wp\/v2\/berocket_brand?post=88353"},{"taxonomy":"woo-feed-brand","embeddable":true,"href":"https:\/\/watchdeluxe.it\/de\/wp-json\/wp\/v2\/woo-feed-brand?post=88353"}],"curies":[{"name":"wp","href":"https:\/\/api.w.org\/{rel}","templated":true}]}}