{"id":87399,"date":"2023-11-16T10:59:31","date_gmt":"2023-11-16T09:59:31","guid":{"rendered":"https:\/\/watchdeluxe.it\/prodotto\/longines-hydroconquest-gmt-ref-l37904066\/"},"modified":"2025-09-22T10:11:32","modified_gmt":"2025-09-22T08:11:32","slug":"longines-hydroconquest-gmt-ref-l37904066","status":"publish","type":"product","link":"https:\/\/watchdeluxe.it\/de\/prodotto\/longines-hydroconquest-gmt-ref-l37904066\/","title":{"rendered":"Longines Hydroconquest GMT ref. L37904066"},"content":{"rendered":"<p>Longines Hydroconquest GMT ref. L37904066<\/p>\n<p><b>Uhrwerk:<\/b> Automatik<br \/>\n<b>Gangreserve:<\/b> 72 Stunden<br \/>\n<b>Zifferblatt:<\/b> Gr\u00fcn<br \/>\nIndikatoren<b>:<\/b> Indizes<br \/>\n<b>Geh\u00e4use:<\/b> Stahl und Keramik<br \/>\n<b>Gr\u00f6\u00dfe:<\/b> 41 mm<br \/>\n<b>Armband\/Riemen:<\/b> Edelstahl<br \/>\n<b>Wasserdichtigkeit:<\/b> 300 Meter<br \/>\n<b>Glas:<\/b> Kratzfestes Saphirglas mit beidseitiger Mehrschicht-Antireflexionsbeschichtung<br \/>\n<b>Geschlecht:<\/b> M\u00e4nnlich<br \/>\n<b>Gew\u00e4hrleistungsfrist:<\/b> 5 Jahre<\/p>\n","protected":false},"excerpt":{"rendered":"<p>Longines Hydroconquest GMT ref. L37904066 Uhrwerk: Automatik Gangreserve: 72 Stunden Zifferblatt: Gr\u00fcn Indikatoren: Indizes Geh\u00e4use: Stahl und Keramik Gr\u00f6\u00dfe: 41 mm Armband\/Riemen: Edelstahl Wasserdichtigkeit: 300 Meter Glas: Kratzfestes Saphirglas mit beidseitiger Mehrschicht-Antireflexionsbeschichtung Geschlecht: M\u00e4nnlich Gew\u00e4hrleistungsfrist: 5 Jahre<\/p>\n","protected":false},"featured_media":87394,"template":"","meta":{"_crdt_document":"","advanced_seo_description":"","jetpack_seo_html_title":"","jetpack_seo_noindex":false,"jetpack_post_was_ever_published":false},"product_brand":[2151],"product_cat":[2192],"product_tag":[3783,2975],"berocket_brand":[],"woo-feed-brand":[],"class_list":{"0":"post-87399","1":"product","2":"type-product","3":"status-publish","4":"has-post-thumbnail","6":"product_brand-longines","7":"product_cat-longines-de","8":"product_tag-gmt-de","9":"product_tag-hydroconquest-de","11":"first","12":"instock","13":"sale","14":"taxable","15":"shipping-taxable","16":"purchasable","17":"product-type-simple"},"bundled_by":[],"bundle_stock_status":"instock","bundle_stock_quantity":1,"bundle_virtual":false,"bundle_layout":"","bundle_add_to_cart_form_location":"","bundle_editable_in_cart":false,"bundle_sold_individually_context":"","bundle_item_grouping":"","bundle_min_size":"","bundle_max_size":"","bundle_price":[],"bundled_items":[],"bundle_sell_ids":[],"group_of_quantity":0,"min_quantity":0,"max_quantity":"","exclude_order_quantity_value_rules":"no","exclude_category_quantity_rules":"no","combine_variations":"no","exclude_global_add_ons":[],"addons":[],"jetpack_sharing_enabled":true,"jetpack_likes_enabled":true,"_links":{"self":[{"href":"https:\/\/watchdeluxe.it\/de\/wp-json\/wp\/v2\/product\/87399","targetHints":{"allow":["GET"]}}],"collection":[{"href":"https:\/\/watchdeluxe.it\/de\/wp-json\/wp\/v2\/product"}],"about":[{"href":"https:\/\/watchdeluxe.it\/de\/wp-json\/wp\/v2\/types\/product"}],"wp:featuredmedia":[{"embeddable":true,"href":"https:\/\/watchdeluxe.it\/de\/wp-json\/wp\/v2\/media\/87394"}],"wp:attachment":[{"href":"https:\/\/watchdeluxe.it\/de\/wp-json\/wp\/v2\/media?parent=87399"}],"wp:term":[{"taxonomy":"product_brand","embeddable":true,"href":"https:\/\/watchdeluxe.it\/de\/wp-json\/wp\/v2\/product_brand?post=87399"},{"taxonomy":"product_cat","embeddable":true,"href":"https:\/\/watchdeluxe.it\/de\/wp-json\/wp\/v2\/product_cat?post=87399"},{"taxonomy":"product_tag","embeddable":true,"href":"https:\/\/watchdeluxe.it\/de\/wp-json\/wp\/v2\/product_tag?post=87399"},{"taxonomy":"berocket_brand","embeddable":true,"href":"https:\/\/watchdeluxe.it\/de\/wp-json\/wp\/v2\/berocket_brand?post=87399"},{"taxonomy":"woo-feed-brand","embeddable":true,"href":"https:\/\/watchdeluxe.it\/de\/wp-json\/wp\/v2\/woo-feed-brand?post=87399"}],"curies":[{"name":"wp","href":"https:\/\/api.w.org\/{rel}","templated":true}]}}