{"id":87335,"date":"2023-11-16T10:10:13","date_gmt":"2023-11-16T09:10:13","guid":{"rendered":"https:\/\/watchdeluxe.it\/prodotto\/chanel-premier-ref-h7942\/"},"modified":"2024-04-12T09:39:39","modified_gmt":"2024-04-12T07:39:39","slug":"chanel-premier-ref-h7942","status":"publish","type":"product","link":"https:\/\/watchdeluxe.it\/de\/prodotto\/chanel-premier-ref-h7942\/","title":{"rendered":"Chanel Premier ref. H7942"},"content":{"rendered":"<div class=\"uk-accordion-content\">\n<p>Chanel Premier ref. H7942<\/p>\n<p>Stahl\/Diamanten, Quarz, 19,7 x 15,2 x 7,5 MM<\/p>\n<ul class=\" uk-grid uk-grid-small producattribute\">\n<li class=\" uk-width-1-2 uk-width-1-4@l\">\n<div class=\"title\">Sammlung<\/div>\n<div class=\"value\">Erstmals<\/div>\n<\/li>\n<li class=\" uk-width-1-2 uk-width-1-4@l\">\n<div class=\"title\">Material<\/div>\n<div class=\"value\">Stahl\/Diamanten<\/div>\n<\/li>\n<li class=\" uk-width-1-2 uk-width-1-4@l\">\n<div class=\"title\">Armb\u00e4nder<\/div>\n<div class=\"value\">Gummi mit Samteffekt<\/div>\n<\/li>\n<li class=\" uk-width-1-2 uk-width-1-4@l\">\n<div class=\"title\">Funktion<\/div>\n<div class=\"value\">Nur Zeit<\/div>\n<\/li>\n<li class=\" uk-width-1-2 uk-width-1-4@l\">\n<div class=\"title\">Bewegung<\/div>\n<div class=\"value\">Quarz<\/div>\n<\/li>\n<li class=\" uk-width-1-2 uk-width-1-4@l\">\n<div class=\"title\">Gr\u00f6\u00dfe<\/div>\n<div class=\"value\">19,7 x 15,2 x 7,5 MM<\/div>\n<\/li>\n<\/ul>\n<\/div>\n","protected":false},"excerpt":{"rendered":"<p>Chanel Premier ref. H7942 Stahl\/Diamanten, Quarz, 19,7 x 15,2 x 7,5 MM Sammlung Erstmals Material Stahl\/Diamanten Armb\u00e4nder Gummi mit Samteffekt Funktion Nur Zeit Bewegung Quarz Gr\u00f6\u00dfe 19,7 x 15,2 x 7,5 MM<\/p>\n","protected":false},"featured_media":87331,"template":"","meta":{"_crdt_document":"","advanced_seo_description":"","jetpack_seo_html_title":"","jetpack_seo_noindex":false},"product_brand":[2145],"product_cat":[2339],"product_tag":[2373],"berocket_brand":[],"woo-feed-brand":[],"class_list":{"0":"post-87335","1":"product","2":"type-product","3":"status-publish","4":"has-post-thumbnail","6":"product_brand-chanel","7":"product_cat-chanel-de","8":"product_tag-premiere-de","10":"first","11":"instock","12":"sale","13":"taxable","14":"shipping-taxable","15":"purchasable","16":"product-type-simple"},"bundled_by":[],"bundle_stock_status":"instock","bundle_stock_quantity":1,"bundle_virtual":false,"bundle_layout":"","bundle_add_to_cart_form_location":"","bundle_editable_in_cart":false,"bundle_sold_individually_context":"","bundle_item_grouping":"","bundle_min_size":"","bundle_max_size":"","bundle_price":[],"bundled_items":[],"bundle_sell_ids":[],"group_of_quantity":0,"min_quantity":0,"max_quantity":"","exclude_order_quantity_value_rules":"no","exclude_category_quantity_rules":"no","combine_variations":"no","exclude_global_add_ons":[],"addons":[],"jetpack_sharing_enabled":true,"jetpack_likes_enabled":true,"_links":{"self":[{"href":"https:\/\/watchdeluxe.it\/de\/wp-json\/wp\/v2\/product\/87335","targetHints":{"allow":["GET"]}}],"collection":[{"href":"https:\/\/watchdeluxe.it\/de\/wp-json\/wp\/v2\/product"}],"about":[{"href":"https:\/\/watchdeluxe.it\/de\/wp-json\/wp\/v2\/types\/product"}],"wp:featuredmedia":[{"embeddable":true,"href":"https:\/\/watchdeluxe.it\/de\/wp-json\/wp\/v2\/media\/87331"}],"wp:attachment":[{"href":"https:\/\/watchdeluxe.it\/de\/wp-json\/wp\/v2\/media?parent=87335"}],"wp:term":[{"taxonomy":"product_brand","embeddable":true,"href":"https:\/\/watchdeluxe.it\/de\/wp-json\/wp\/v2\/product_brand?post=87335"},{"taxonomy":"product_cat","embeddable":true,"href":"https:\/\/watchdeluxe.it\/de\/wp-json\/wp\/v2\/product_cat?post=87335"},{"taxonomy":"product_tag","embeddable":true,"href":"https:\/\/watchdeluxe.it\/de\/wp-json\/wp\/v2\/product_tag?post=87335"},{"taxonomy":"berocket_brand","embeddable":true,"href":"https:\/\/watchdeluxe.it\/de\/wp-json\/wp\/v2\/berocket_brand?post=87335"},{"taxonomy":"woo-feed-brand","embeddable":true,"href":"https:\/\/watchdeluxe.it\/de\/wp-json\/wp\/v2\/woo-feed-brand?post=87335"}],"curies":[{"name":"wp","href":"https:\/\/api.w.org\/{rel}","templated":true}]}}