{"id":87224,"date":"2023-11-13T15:31:10","date_gmt":"2023-11-13T14:31:10","guid":{"rendered":"https:\/\/watchdeluxe.it\/prodotto\/rado-true-round-thinline-x-great-gardens-of-the-world-ref-r27118902\/"},"modified":"2023-11-13T15:31:10","modified_gmt":"2023-11-13T14:31:10","slug":"rado-true-round-thinline-x-great-gardens-of-the-world-ref-r27118902","status":"publish","type":"product","link":"https:\/\/watchdeluxe.it\/de\/prodotto\/rado-true-round-thinline-x-great-gardens-of-the-world-ref-r27118902\/","title":{"rendered":"Rado True Round Thinline X Great Gardens of the World ref. R27118902"},"content":{"rendered":"<p>Rado True Round Thinline X Great Gardens of the World ref. R27118902<\/p>\n<div id=\"attributes-wrapper\" class=\"additional-attributes-wrapper table-wrapper\">\n<div data-role=\"collapsible\">\n<h2>Allgemein<\/h2>\n<\/div>\n<div data-role=\"content\">\n<ul>\n<li><strong>Gravur m\u00f6glich:<\/strong> Nein<\/li>\n<li><strong>Produktname:<\/strong> True Round Thinline X Great Gardens of the World<\/li>\n<li><strong>SKU:<\/strong> R27118902<\/li>\n<li><strong>Geschlecht:<\/strong> Unisex<\/li>\n<\/ul>\n<\/div>\n<div data-role=\"collapsible\">\n<h2>Bewegung<\/h2>\n<\/div>\n<div data-role=\"content\">\n<ul>\n<li><strong>Uhrwerktyp:<\/strong> Automatik<\/li>\n<li><strong>Gangreserve des Uhrwerks:<\/strong> 72 Stunden<\/li>\n<li><strong>Referenz des Uhrwerks:<\/strong> 03.766.731<\/li>\n<\/ul>\n<\/div>\n<div data-role=\"collapsible\">\n<h2>Fall<\/h2>\n<\/div>\n<div data-role=\"content\">\n<ul>\n<li><strong>Geh\u00e4usematerialien:<\/strong> Hightech-Keramik<\/li>\n<li><strong>Geh\u00e4usedicke:<\/strong> 9,0 mm<\/li>\n<li><strong>Wasserdichtes Geh\u00e4use:<\/strong> 3 bar (30 m)<\/li>\n<li><strong>Geh\u00e4usefarbe:<\/strong> klar<\/li>\n<li><strong>Geh\u00e4usegr\u00f6\u00dfe:<\/strong> 40,0 mm<\/li>\n<li><strong>Glas:<\/strong> Saphirglas mit beidseitiger Antireflexbeschichtung<\/li>\n<\/ul>\n<\/div>\n<div data-role=\"collapsible\">\n<h2>W\u00e4hlen Sie<\/h2>\n<\/div>\n<div data-role=\"content\">\n<ul>\n<li><strong>Zifferblattfarbe:<\/strong> Wei\u00df<\/li>\n<li><strong>Skelett\/Zifferblatt mit offenem Herzen:<\/strong> Nein<\/li>\n<li><strong>Das Zifferblatt hat das Datum:<\/strong> Nein<\/li>\n<li><strong>Das Zifferblatt ist mit Edelsteinen besetzt:<\/strong> Nein<\/li>\n<li><strong>Perlmutt:<\/strong> Ja<\/li>\n<\/ul>\n<\/div>\n<div data-role=\"collapsible\">\n<h2>Riemen<\/h2>\n<\/div>\n<div data-role=\"content\">\n<ul>\n<li><strong>Materialien Armband:<\/strong> Hightech-Keramik<\/li>\n<\/ul>\n<\/div>\n<\/div>\n","protected":false},"excerpt":{"rendered":"<p>Rado True Round Thinline X Great Gardens of the World ref. R27118902 Allgemein Gravur m\u00f6glich: Nein Produktname: True Round Thinline X Great Gardens of the World SKU: R27118902 Geschlecht: Unisex Bewegung Uhrwerktyp: Automatik Gangreserve des Uhrwerks: 72 Stunden Referenz des Uhrwerks: 03.766.731 Fall Geh\u00e4usematerialien: Hightech-Keramik Geh\u00e4usedicke: 9,0 mm Wasserdichtes Geh\u00e4use: 3 bar (30 m) Geh\u00e4usefarbe: [&hellip;]<\/p>\n","protected":false},"featured_media":87101,"template":"","meta":{"_crdt_document":"","advanced_seo_description":"","jetpack_seo_html_title":"","jetpack_seo_noindex":false,"jetpack_post_was_ever_published":false},"product_brand":[2157],"product_cat":[2405],"product_tag":[2523],"berocket_brand":[],"woo-feed-brand":[],"class_list":{"0":"post-87224","1":"product","2":"type-product","3":"status-publish","4":"has-post-thumbnail","6":"product_brand-rado","7":"product_cat-rado-de","8":"product_tag-wahr","10":"first","11":"instock","12":"sale","13":"taxable","14":"shipping-taxable","15":"purchasable","16":"product-type-simple"},"bundled_by":[],"bundle_stock_status":"instock","bundle_stock_quantity":1,"bundle_virtual":false,"bundle_layout":"","bundle_add_to_cart_form_location":"","bundle_editable_in_cart":false,"bundle_sold_individually_context":"","bundle_item_grouping":"","bundle_min_size":"","bundle_max_size":"","bundle_price":[],"bundled_items":[],"bundle_sell_ids":[],"group_of_quantity":0,"min_quantity":0,"max_quantity":"","exclude_order_quantity_value_rules":"no","exclude_category_quantity_rules":"no","combine_variations":"no","exclude_global_add_ons":[],"addons":[],"jetpack_sharing_enabled":true,"jetpack_likes_enabled":true,"_links":{"self":[{"href":"https:\/\/watchdeluxe.it\/de\/wp-json\/wp\/v2\/product\/87224","targetHints":{"allow":["GET"]}}],"collection":[{"href":"https:\/\/watchdeluxe.it\/de\/wp-json\/wp\/v2\/product"}],"about":[{"href":"https:\/\/watchdeluxe.it\/de\/wp-json\/wp\/v2\/types\/product"}],"wp:featuredmedia":[{"embeddable":true,"href":"https:\/\/watchdeluxe.it\/de\/wp-json\/wp\/v2\/media\/87101"}],"wp:attachment":[{"href":"https:\/\/watchdeluxe.it\/de\/wp-json\/wp\/v2\/media?parent=87224"}],"wp:term":[{"taxonomy":"product_brand","embeddable":true,"href":"https:\/\/watchdeluxe.it\/de\/wp-json\/wp\/v2\/product_brand?post=87224"},{"taxonomy":"product_cat","embeddable":true,"href":"https:\/\/watchdeluxe.it\/de\/wp-json\/wp\/v2\/product_cat?post=87224"},{"taxonomy":"product_tag","embeddable":true,"href":"https:\/\/watchdeluxe.it\/de\/wp-json\/wp\/v2\/product_tag?post=87224"},{"taxonomy":"berocket_brand","embeddable":true,"href":"https:\/\/watchdeluxe.it\/de\/wp-json\/wp\/v2\/berocket_brand?post=87224"},{"taxonomy":"woo-feed-brand","embeddable":true,"href":"https:\/\/watchdeluxe.it\/de\/wp-json\/wp\/v2\/woo-feed-brand?post=87224"}],"curies":[{"name":"wp","href":"https:\/\/api.w.org\/{rel}","templated":true}]}}