{"id":87200,"date":"2023-11-13T16:09:10","date_gmt":"2023-11-13T15:09:10","guid":{"rendered":"https:\/\/watchdeluxe.it\/prodotto\/omega-co-axial-master-chronoscope-chronograph-ref-329-33-43-51-02-001\/"},"modified":"2023-11-13T16:09:10","modified_gmt":"2023-11-13T15:09:10","slug":"omega-co-axial-master-chronoscope-cronografo-ref-329-33-43-51-02-001","status":"publish","type":"product","link":"https:\/\/watchdeluxe.it\/de\/prodotto\/omega-co-axial-master-chronoscope-cronografo-ref-329-33-43-51-02-001\/","title":{"rendered":"Omega CO-AXIAL Master Chronoscope Chronograph ref. 329.33.43.51.02.001"},"content":{"rendered":"<p>Omega CO-AXIAL Master Chronoscope Chronograph ref. 329.33.43.51.02.001<\/p>\n<p><b>Uhrwerk:<\/b> Chronograph mit Handaufzug<br \/>\n<b>Gangreserve:<\/b> 60 Stunden<br \/>\n<b>Zifferblatt:<\/b> Silber<br \/>\n<b>Geh\u00e4use:<\/b> Rostfreier Stahl<br \/>\n<b>Gr\u00f6\u00dfe:<\/b> 43 mm<br \/>\n<b>Armband\/Riemen:<\/b> Leder<br \/>\n<b>Wasserdichtigkeit:<\/b> 50 bar<br \/>\n<b>Glas:<\/b> kratzfestes <b>Saphirglas<\/b> mit beidseitiger Antireflexbeschichtung<\/p>\n","protected":false},"excerpt":{"rendered":"<p>Omega CO-AXIAL Master Chronoscope Chronograph ref. 329.33.43.51.02.001 Uhrwerk: Chronograph mit Handaufzug Gangreserve: 60 Stunden Zifferblatt: Silber Geh\u00e4use: Rostfreier Stahl Gr\u00f6\u00dfe: 43 mm Armband\/Riemen: Leder Wasserdichtigkeit: 50 bar Glas: kratzfestes Saphirglas mit beidseitiger Antireflexbeschichtung<\/p>\n","protected":false},"featured_media":87151,"template":"","meta":{"_crdt_document":"","advanced_seo_description":"","jetpack_seo_html_title":"","jetpack_seo_noindex":false},"product_brand":[],"product_cat":[2367],"product_tag":[],"berocket_brand":[],"woo-feed-brand":[],"class_list":{"0":"post-87200","1":"product","2":"type-product","3":"status-publish","4":"has-post-thumbnail","6":"product_cat-nomos-glashutte-en","8":"first","9":"instock","10":"sale","11":"taxable","12":"shipping-taxable","13":"purchasable","14":"product-type-simple"},"bundled_by":[],"bundle_stock_status":"instock","bundle_stock_quantity":1,"bundle_virtual":false,"bundle_layout":"","bundle_add_to_cart_form_location":"","bundle_editable_in_cart":false,"bundle_sold_individually_context":"","bundle_item_grouping":"","bundle_min_size":"","bundle_max_size":"","bundle_price":[],"bundled_items":[],"bundle_sell_ids":[],"group_of_quantity":0,"min_quantity":0,"max_quantity":"","exclude_order_quantity_value_rules":"no","exclude_category_quantity_rules":"no","combine_variations":"no","jetpack_sharing_enabled":true,"jetpack_likes_enabled":true,"_links":{"self":[{"href":"https:\/\/watchdeluxe.it\/de\/wp-json\/wp\/v2\/product\/87200","targetHints":{"allow":["GET"]}}],"collection":[{"href":"https:\/\/watchdeluxe.it\/de\/wp-json\/wp\/v2\/product"}],"about":[{"href":"https:\/\/watchdeluxe.it\/de\/wp-json\/wp\/v2\/types\/product"}],"wp:featuredmedia":[{"embeddable":true,"href":"https:\/\/watchdeluxe.it\/de\/wp-json\/wp\/v2\/media\/87151"}],"wp:attachment":[{"href":"https:\/\/watchdeluxe.it\/de\/wp-json\/wp\/v2\/media?parent=87200"}],"wp:term":[{"taxonomy":"product_brand","embeddable":true,"href":"https:\/\/watchdeluxe.it\/de\/wp-json\/wp\/v2\/product_brand?post=87200"},{"taxonomy":"product_cat","embeddable":true,"href":"https:\/\/watchdeluxe.it\/de\/wp-json\/wp\/v2\/product_cat?post=87200"},{"taxonomy":"product_tag","embeddable":true,"href":"https:\/\/watchdeluxe.it\/de\/wp-json\/wp\/v2\/product_tag?post=87200"},{"taxonomy":"berocket_brand","embeddable":true,"href":"https:\/\/watchdeluxe.it\/de\/wp-json\/wp\/v2\/berocket_brand?post=87200"},{"taxonomy":"woo-feed-brand","embeddable":true,"href":"https:\/\/watchdeluxe.it\/de\/wp-json\/wp\/v2\/woo-feed-brand?post=87200"}],"curies":[{"name":"wp","href":"https:\/\/api.w.org\/{rel}","templated":true}]}}