{"id":86743,"date":"2023-03-17T18:55:46","date_gmt":"2023-03-17T17:55:46","guid":{"rendered":"https:\/\/watchdeluxe.it\/prodotto\/zenith-chronomaster-open-ref-03-3300-3604-21-m3300\/"},"modified":"2026-04-02T17:37:17","modified_gmt":"2026-04-02T15:37:17","slug":"zenith-chronomaster-open-ref-03-3300-3604-21-m3300","status":"publish","type":"product","link":"https:\/\/watchdeluxe.it\/de\/prodotto\/zenith-chronomaster-open-ref-03-3300-3604-21-m3300\/","title":{"rendered":"Zenith Chronomaster Open ref. 03.3300.3604\/21.M3300"},"content":{"rendered":"<p>Zenith Chronomaster Open ref. 03.3300.3604\/21.M3300<\/p>\n<table aria-describedby=\"Tabella: Movimento\" data-v-434880a2=\"\">\n<tbody>\n<tr data-v-434880a2=\"\">\n<th scope=\"row\" data-v-434880a2=\"\">Uhrwerk<\/th>\n<td data-v-434880a2=\"\">El Primero<\/td>\n<\/tr>\n<tr data-v-434880a2=\"\">\n<th scope=\"row\" data-v-434880a2=\"\">Komponenten<\/th>\n<td data-v-434880a2=\"\">269<\/td>\n<\/tr>\n<tr data-v-434880a2=\"\">\n<th scope=\"row\" data-v-434880a2=\"\">Frequenz<\/th>\n<td data-v-434880a2=\"\">36.000 H\u00f6henmeter\/Stunde (5 Hz)<\/td>\n<\/tr>\n<tr data-v-434880a2=\"\">\n<th scope=\"row\" data-v-434880a2=\"\">Gangreserve<\/th>\n<td data-v-434880a2=\"\">ca. 60 Stunden<\/td>\n<\/tr>\n<\/tbody>\n<\/table>\n<table data-v-434880a2=\"\" aria-describedby=\"Tabella: Funzioni\" data-mce-fragment=\"1\">\n<tbody data-mce-fragment=\"1\">\n<tr data-v-434880a2=\"\" data-mce-fragment=\"1\">\n<td scope=\"row\" data-v-434880a2=\"\" data-mce-fragment=\"1\">1\/10-Sekunden-Chronograph: &#8211; Chronographenzeiger in der Mitte macht eine Umdrehung in 10 Sekunden &#8211; 60-Minuten-Z\u00e4hler bei 6 Uhr &#8211; 60-Sekunden-Z\u00e4hler bei 3 Uhr<\/td>\n<\/tr>\n<tr data-v-434880a2=\"\" data-mce-fragment=\"1\">\n<td scope=\"row\" data-v-434880a2=\"\" data-mce-fragment=\"1\">Stunden und Minuten in der Mitte Kleine Sekunde bei 9 Uhr<\/td>\n<\/tr>\n<\/tbody>\n<\/table>\n<table data-v-434880a2=\"\" aria-describedby=\"Tabella: Cassa\" data-mce-fragment=\"1\">\n<tbody data-mce-fragment=\"1\">\n<tr data-v-434880a2=\"\" data-mce-fragment=\"1\">\n<th scope=\"row\" data-v-434880a2=\"\" data-mce-fragment=\"1\">Material<\/th>\n<td data-v-434880a2=\"\" data-mce-fragment=\"1\">Stahl<\/td>\n<\/tr>\n<tr data-v-434880a2=\"\" data-mce-fragment=\"1\">\n<th scope=\"row\" data-v-434880a2=\"\" data-mce-fragment=\"1\">Durchmesser<\/th>\n<td data-v-434880a2=\"\" data-mce-fragment=\"1\">39,5 mm<\/td>\n<\/tr>\n<tr data-v-434880a2=\"\" data-mce-fragment=\"1\">\n<th scope=\"row\" data-v-434880a2=\"\" data-mce-fragment=\"1\">Wasserbest\u00e4ndigkeit<\/th>\n<td data-v-434880a2=\"\" data-mce-fragment=\"1\">10 ATM<\/td>\n<\/tr>\n<tr data-v-434880a2=\"\" data-mce-fragment=\"1\">\n<th scope=\"row\" data-v-434880a2=\"\" data-mce-fragment=\"1\">Zifferblatt<\/th>\n<td data-v-434880a2=\"\" data-mce-fragment=\"1\">Mattschwarz mit Z\u00e4hlern in zwei verschiedenen Farbt\u00f6nen und einem Hexalitz\u00e4hler<\/td>\n<\/tr>\n<\/tbody>\n<\/table>\n","protected":false},"excerpt":{"rendered":"<p>Zenith Chronomaster Open ref. 03.3300.3604\/21.M3300 Uhrwerk El Primero Komponenten 269 Frequenz 36.000 H\u00f6henmeter\/Stunde (5 Hz) Gangreserve ca. 60 Stunden 1\/10-Sekunden-Chronograph: &#8211; Chronographenzeiger in der Mitte macht eine Umdrehung in 10 Sekunden &#8211; 60-Minuten-Z\u00e4hler bei 6 Uhr &#8211; 60-Sekunden-Z\u00e4hler bei 3 Uhr Stunden und Minuten in der Mitte Kleine Sekunde bei 9 Uhr Material Stahl Durchmesser [&hellip;]<\/p>\n","protected":false},"featured_media":86735,"template":"","meta":{"_crdt_document":"","advanced_seo_description":"","jetpack_seo_html_title":"","jetpack_seo_noindex":false,"jetpack_post_was_ever_published":false},"product_brand":[],"product_cat":[2439],"product_tag":[2445],"berocket_brand":[],"woo-feed-brand":[],"class_list":{"0":"post-86743","1":"product","2":"type-product","3":"status-publish","4":"has-post-thumbnail","6":"product_cat-zenith-de","7":"product_tag-chronomaster-de","9":"first","10":"instock","11":"sale","12":"taxable","13":"shipping-taxable","14":"purchasable","15":"product-type-simple"},"bundled_by":[],"bundle_stock_status":"instock","bundle_stock_quantity":1,"bundle_virtual":false,"bundle_layout":"","bundle_add_to_cart_form_location":"","bundle_editable_in_cart":false,"bundle_sold_individually_context":"","bundle_item_grouping":"","bundle_min_size":"","bundle_max_size":"","bundle_price":[],"bundled_items":[],"bundle_sell_ids":[],"group_of_quantity":0,"min_quantity":0,"max_quantity":"","exclude_order_quantity_value_rules":"no","exclude_category_quantity_rules":"no","combine_variations":"no","exclude_global_add_ons":[],"addons":[],"jetpack_sharing_enabled":true,"jetpack_likes_enabled":true,"_links":{"self":[{"href":"https:\/\/watchdeluxe.it\/de\/wp-json\/wp\/v2\/product\/86743","targetHints":{"allow":["GET"]}}],"collection":[{"href":"https:\/\/watchdeluxe.it\/de\/wp-json\/wp\/v2\/product"}],"about":[{"href":"https:\/\/watchdeluxe.it\/de\/wp-json\/wp\/v2\/types\/product"}],"wp:featuredmedia":[{"embeddable":true,"href":"https:\/\/watchdeluxe.it\/de\/wp-json\/wp\/v2\/media\/86735"}],"wp:attachment":[{"href":"https:\/\/watchdeluxe.it\/de\/wp-json\/wp\/v2\/media?parent=86743"}],"wp:term":[{"taxonomy":"product_brand","embeddable":true,"href":"https:\/\/watchdeluxe.it\/de\/wp-json\/wp\/v2\/product_brand?post=86743"},{"taxonomy":"product_cat","embeddable":true,"href":"https:\/\/watchdeluxe.it\/de\/wp-json\/wp\/v2\/product_cat?post=86743"},{"taxonomy":"product_tag","embeddable":true,"href":"https:\/\/watchdeluxe.it\/de\/wp-json\/wp\/v2\/product_tag?post=86743"},{"taxonomy":"berocket_brand","embeddable":true,"href":"https:\/\/watchdeluxe.it\/de\/wp-json\/wp\/v2\/berocket_brand?post=86743"},{"taxonomy":"woo-feed-brand","embeddable":true,"href":"https:\/\/watchdeluxe.it\/de\/wp-json\/wp\/v2\/woo-feed-brand?post=86743"}],"curies":[{"name":"wp","href":"https:\/\/api.w.org\/{rel}","templated":true}]}}