{"id":86707,"date":"2025-04-10T17:26:47","date_gmt":"2025-04-10T15:26:47","guid":{"rendered":"https:\/\/watchdeluxe.it\/prodotto\/rado-kapitaen-cook-ueber-pole-r32116158\/"},"modified":"2025-04-10T17:27:00","modified_gmt":"2025-04-10T15:27:00","slug":"rado-captain-cook-over-pole-r32116158","status":"publish","type":"product","link":"https:\/\/watchdeluxe.it\/de\/prodotto\/rado-captain-cook-over-pole-r32116158\/","title":{"rendered":"Rado Kapit\u00e4n Cook \u00dcber-Pole R32116158"},"content":{"rendered":"<p>Rado Kapit\u00e4n Cook \u00dcber-Pole R32116158<\/p>\n<ul>\n<li><strong>Geschlecht<\/strong>: m\u00e4nnlich\/unisex<\/li>\n<li><strong>Uhrwerk<\/strong>: Handaufzug, Rado Kaliber R862 mit antimagnetischer Nivachron-Unruhspirale<\/li>\n<li><strong>Funktion<\/strong>: Uhrzeit und Datum, 80 Stunden Gangreserve<\/li>\n<li><strong>Geh\u00e4usematerial<\/strong>: polierter Hightech-Edelstahl von Rado, beidseitig entspiegeltes Saphirglas<\/li>\n<li><strong>L\u00fcnettenmaterial<\/strong>: bidirektional drehbare L\u00fcnette aus poliertem Stahl mit schwarzem Hightech-Keramikeinsatz<\/li>\n<li><strong>Durchmesser und Dicke des Geh\u00e4uses<\/strong>: 37,0 mm x 10,3 mm<\/li>\n<li><strong>Geh\u00e4useboden<\/strong>: verschraubter, polierter Stahl mit Saphirglas<\/li>\n<li><strong>Krone<\/strong>: polierter Stahl, verschraubt<\/li>\n<li><strong>Zifferblatt<\/strong>: grau-metallic mit schwarz-gl\u00e4nzenden Akzenten, wei\u00dfe Superluminova\u00ae-beschichtete Indexe mit hellgr\u00fcnem Nachleuchten<\/li>\n<li><strong>Armband<\/strong>: Modell &#8220;Reisk\u00f6rner&#8221; aus Edelstahl mit Dreifach-Faltschlie\u00dfe<\/li>\n<li><strong>Armband<\/strong>: braunes Kalbsleder &#8216;vintage&#8217; mit Edelstahlschlie\u00dfe<\/li>\n<li><strong>Wasserdichtigkeit<\/strong>: 10 BAR (ca. 100 Meter)<\/li>\n<li><strong>Limitierte Auflage von nur 1.962<\/strong> Exemplaren mit kostenloser brauner Vintage&#8221;-Ledertasche<\/li>\n<\/ul>\n","protected":false},"excerpt":{"rendered":"<p>Rado Kapit\u00e4n Cook \u00dcber-Pole R32116158 Geschlecht: m\u00e4nnlich\/unisex Uhrwerk: Handaufzug, Rado Kaliber R862 mit antimagnetischer Nivachron-Unruhspirale Funktion: Uhrzeit und Datum, 80 Stunden Gangreserve Geh\u00e4usematerial: polierter Hightech-Edelstahl von Rado, beidseitig entspiegeltes Saphirglas L\u00fcnettenmaterial: bidirektional drehbare L\u00fcnette aus poliertem Stahl mit schwarzem Hightech-Keramikeinsatz Durchmesser und Dicke des Geh\u00e4uses: 37,0 mm x 10,3 mm Geh\u00e4useboden: verschraubter, polierter Stahl mit [&hellip;]<\/p>\n","protected":false},"featured_media":86703,"template":"","meta":{"_crdt_document":"","advanced_seo_description":"","jetpack_seo_html_title":"","jetpack_seo_noindex":false,"jetpack_post_was_ever_published":true},"product_brand":[],"product_cat":[2405],"product_tag":[2528],"berocket_brand":[],"woo-feed-brand":[],"class_list":{"0":"post-86707","1":"product","2":"type-product","3":"status-publish","4":"has-post-thumbnail","6":"product_cat-rado-de","7":"product_tag-kapitan-cook","9":"first","10":"instock","11":"sale","12":"taxable","13":"shipping-taxable","14":"purchasable","15":"product-type-simple"},"bundled_by":[],"bundle_stock_status":"instock","bundle_stock_quantity":1,"bundle_virtual":false,"bundle_layout":"","bundle_add_to_cart_form_location":"","bundle_editable_in_cart":false,"bundle_sold_individually_context":"","bundle_item_grouping":"","bundle_min_size":"","bundle_max_size":"","bundle_price":[],"bundled_items":[],"bundle_sell_ids":[],"group_of_quantity":0,"min_quantity":0,"max_quantity":"","exclude_order_quantity_value_rules":"no","exclude_category_quantity_rules":"no","combine_variations":"no","exclude_global_add_ons":[],"addons":[],"jetpack_sharing_enabled":true,"jetpack_likes_enabled":true,"_links":{"self":[{"href":"https:\/\/watchdeluxe.it\/de\/wp-json\/wp\/v2\/product\/86707","targetHints":{"allow":["GET"]}}],"collection":[{"href":"https:\/\/watchdeluxe.it\/de\/wp-json\/wp\/v2\/product"}],"about":[{"href":"https:\/\/watchdeluxe.it\/de\/wp-json\/wp\/v2\/types\/product"}],"wp:featuredmedia":[{"embeddable":true,"href":"https:\/\/watchdeluxe.it\/de\/wp-json\/wp\/v2\/media\/86703"}],"wp:attachment":[{"href":"https:\/\/watchdeluxe.it\/de\/wp-json\/wp\/v2\/media?parent=86707"}],"wp:term":[{"taxonomy":"product_brand","embeddable":true,"href":"https:\/\/watchdeluxe.it\/de\/wp-json\/wp\/v2\/product_brand?post=86707"},{"taxonomy":"product_cat","embeddable":true,"href":"https:\/\/watchdeluxe.it\/de\/wp-json\/wp\/v2\/product_cat?post=86707"},{"taxonomy":"product_tag","embeddable":true,"href":"https:\/\/watchdeluxe.it\/de\/wp-json\/wp\/v2\/product_tag?post=86707"},{"taxonomy":"berocket_brand","embeddable":true,"href":"https:\/\/watchdeluxe.it\/de\/wp-json\/wp\/v2\/berocket_brand?post=86707"},{"taxonomy":"woo-feed-brand","embeddable":true,"href":"https:\/\/watchdeluxe.it\/de\/wp-json\/wp\/v2\/woo-feed-brand?post=86707"}],"curies":[{"name":"wp","href":"https:\/\/api.w.org\/{rel}","templated":true}]}}