{"id":86623,"date":"2024-02-19T17:31:04","date_gmt":"2024-02-19T16:31:04","guid":{"rendered":"https:\/\/watchdeluxe.it\/prodotto\/longines-equestrian-ref-l61414776\/"},"modified":"2026-04-01T09:57:57","modified_gmt":"2026-04-01T07:57:57","slug":"longines-equestrian-ref-l61414776","status":"publish","type":"product","link":"https:\/\/watchdeluxe.it\/de\/prodotto\/longines-equestrian-ref-l61414776\/","title":{"rendered":"Longines Equestrian Ref. L61414776"},"content":{"rendered":"<p><strong>Longines Equestrian Ref. L61414776<\/strong><\/p>\n<table class=\"data-table\" data-mce-fragment=\"1\">\n<tbody data-mce-fragment=\"1\">\n<tr class=\"odd\" data-mce-fragment=\"1\">\n<td class=\"spec-name\" data-mce-fragment=\"1\">Marke<\/td>\n<td class=\"spec-value\" data-mce-fragment=\"1\">Longines<\/td>\n<\/tr>\n<tr class=\"even\" data-mce-fragment=\"1\">\n<td class=\"spec-name\" data-mce-fragment=\"1\">Kollektion<\/td>\n<td class=\"spec-value\" data-mce-fragment=\"1\">EQUESTRIAN<\/td>\n<\/tr>\n<tr class=\"odd\" data-mce-fragment=\"1\">\n<td class=\"spec-name\" data-mce-fragment=\"1\">Komplikation<\/td>\n<td class=\"spec-value\" data-mce-fragment=\"1\">NUR ZEIT<\/td>\n<\/tr>\n<tr class=\"even\" data-mce-fragment=\"1\">\n<td class=\"spec-name\" data-mce-fragment=\"1\">Uhrwerk<\/td>\n<td class=\"spec-value\" data-mce-fragment=\"1\">QUARTZ<\/td>\n<\/tr>\n<tr class=\"odd\" data-mce-fragment=\"1\">\n<td class=\"spec-name\" data-mce-fragment=\"1\">Gestalten Sie<\/td>\n<td class=\"spec-value\" data-mce-fragment=\"1\">SHAPE<\/td>\n<\/tr>\n<tr class=\"even\" data-mce-fragment=\"1\">\n<td class=\"spec-name\" data-mce-fragment=\"1\">Gr\u00f6\u00dfe<\/td>\n<td class=\"spec-value\" data-mce-fragment=\"1\">22 x 32 MM<\/td>\n<\/tr>\n<tr class=\"odd\" data-mce-fragment=\"1\">\n<td class=\"spec-name\" data-mce-fragment=\"1\">Material<\/td>\n<td class=\"spec-value\" data-mce-fragment=\"1\">Stahl<\/td>\n<\/tr>\n<tr class=\"even\" data-mce-fragment=\"1\">\n<td class=\"spec-name\" data-mce-fragment=\"1\">Zifferblatt<\/td>\n<td class=\"spec-value\" data-mce-fragment=\"1\">SILBER DIAMANTEN<\/td>\n<\/tr>\n<tr class=\"odd\" data-mce-fragment=\"1\">\n<td class=\"spec-name\" data-mce-fragment=\"1\">Armb\u00e4nder<\/td>\n<td class=\"spec-value\" data-mce-fragment=\"1\">STAHL<\/td>\n<\/tr>\n<tr class=\"even\" data-mce-fragment=\"1\">\n<td class=\"spec-name\" data-mce-fragment=\"1\">Wasserdichtigkeit<\/td>\n<td class=\"spec-value\" data-mce-fragment=\"1\">30 M<\/td>\n<\/tr>\n<\/tbody>\n<\/table>\n<p>&nbsp;<\/p>\n","protected":false},"excerpt":{"rendered":"<p>Longines Equestrian Ref. L61414776 Marke Longines Kollektion EQUESTRIAN Komplikation NUR ZEIT Uhrwerk QUARTZ Gestalten Sie SHAPE Gr\u00f6\u00dfe 22 x 32 MM Material Stahl Zifferblatt SILBER DIAMANTEN Armb\u00e4nder STAHL Wasserdichtigkeit 30 M &nbsp;<\/p>\n","protected":false},"featured_media":86619,"template":"","meta":{"_crdt_document":"","advanced_seo_description":"","jetpack_seo_html_title":"","jetpack_seo_noindex":false},"product_brand":[],"product_cat":[2192],"product_tag":[2194,2975,2848],"berocket_brand":[],"woo-feed-brand":[],"class_list":{"0":"post-86623","1":"product","2":"type-product","3":"status-publish","4":"has-post-thumbnail","6":"product_cat-longines-de","7":"product_tag-reitsport","8":"product_tag-hydroconquest-de","9":"product_tag-quarz","11":"first","12":"instock","13":"sale","14":"taxable","15":"shipping-taxable","16":"purchasable","17":"product-type-simple"},"bundled_by":[],"bundle_stock_status":"instock","bundle_stock_quantity":1,"bundle_virtual":false,"bundle_layout":"","bundle_add_to_cart_form_location":"","bundle_editable_in_cart":false,"bundle_sold_individually_context":"","bundle_item_grouping":"","bundle_min_size":"","bundle_max_size":"","bundle_price":[],"bundled_items":[],"bundle_sell_ids":[],"group_of_quantity":0,"min_quantity":0,"max_quantity":"","exclude_order_quantity_value_rules":"no","exclude_category_quantity_rules":"no","combine_variations":"no","jetpack_sharing_enabled":true,"jetpack_likes_enabled":true,"_links":{"self":[{"href":"https:\/\/watchdeluxe.it\/de\/wp-json\/wp\/v2\/product\/86623","targetHints":{"allow":["GET"]}}],"collection":[{"href":"https:\/\/watchdeluxe.it\/de\/wp-json\/wp\/v2\/product"}],"about":[{"href":"https:\/\/watchdeluxe.it\/de\/wp-json\/wp\/v2\/types\/product"}],"wp:featuredmedia":[{"embeddable":true,"href":"https:\/\/watchdeluxe.it\/de\/wp-json\/wp\/v2\/media\/86619"}],"wp:attachment":[{"href":"https:\/\/watchdeluxe.it\/de\/wp-json\/wp\/v2\/media?parent=86623"}],"wp:term":[{"taxonomy":"product_brand","embeddable":true,"href":"https:\/\/watchdeluxe.it\/de\/wp-json\/wp\/v2\/product_brand?post=86623"},{"taxonomy":"product_cat","embeddable":true,"href":"https:\/\/watchdeluxe.it\/de\/wp-json\/wp\/v2\/product_cat?post=86623"},{"taxonomy":"product_tag","embeddable":true,"href":"https:\/\/watchdeluxe.it\/de\/wp-json\/wp\/v2\/product_tag?post=86623"},{"taxonomy":"berocket_brand","embeddable":true,"href":"https:\/\/watchdeluxe.it\/de\/wp-json\/wp\/v2\/berocket_brand?post=86623"},{"taxonomy":"woo-feed-brand","embeddable":true,"href":"https:\/\/watchdeluxe.it\/de\/wp-json\/wp\/v2\/woo-feed-brand?post=86623"}],"curies":[{"name":"wp","href":"https:\/\/api.w.org\/{rel}","templated":true}]}}