{"id":86441,"date":"2023-11-03T16:58:11","date_gmt":"2023-11-03T15:58:11","guid":{"rendered":"https:\/\/watchdeluxe.it\/prodotto\/brieftasche-12-faecher-meisterstueck-selection-soft-ref-131254\/"},"modified":"2023-11-03T16:58:11","modified_gmt":"2023-11-03T15:58:11","slug":"portemonnaie-12-facher-meisterstuck-auswahl-weich-ref-131254","status":"publish","type":"product","link":"https:\/\/watchdeluxe.it\/de\/prodotto\/portemonnaie-12-facher-meisterstuck-auswahl-weich-ref-131254\/","title":{"rendered":"Brieftasche 12 F\u00e4cher Meisterst\u00fcck Selection Soft ref. 131254"},"content":{"rendered":"<h3 class=\"h1\">Geldb\u00f6rse 12 F\u00e4cher mit durchgehendem Rei\u00dfverschluss Meisterst\u00fcck Selection Soft<\/h3>\n<p>Das Meisterst\u00fcck Selection Soft Portemonnaie kombiniert Designelemente mit einer Reihe von funktionalen Details und ist ein vielseitiger Verb\u00fcndeter f\u00fcr Tag und Abend. Die rechteckige Silhouette mit essentiellen Linien ist aus weichem Leder gefertigt und verleiht einen Hauch von Raffinesse. \u00d6ffnet man den Rei\u00dfverschluss des Hauptfachs, entdeckt man drei Banknotenf\u00e4cher, ein M\u00fcnzfach mit Rei\u00dfverschluss und drei F\u00e4cher f\u00fcr kleine Gegenst\u00e4nde. Der Innenraum bietet au\u00dferdem Platz f\u00fcr bis zu 12 Kreditkarten.<\/p>\n<p><span class=\"name\">Abmessungen<\/span> <span class=\"value\">20 mm<br \/>\n85 mm<br \/>\n175 mm<\/span><span class=\"name\">Farbe<\/span> <span class=\"value\">Ottanio<\/span><\/p>\n","protected":false},"excerpt":{"rendered":"<p>Geldb\u00f6rse 12 F\u00e4cher mit durchgehendem Rei\u00dfverschluss Meisterst\u00fcck Selection Soft Das Meisterst\u00fcck Selection Soft Portemonnaie kombiniert Designelemente mit einer Reihe von funktionalen Details und ist ein vielseitiger Verb\u00fcndeter f\u00fcr Tag und Abend. Die rechteckige Silhouette mit essentiellen Linien ist aus weichem Leder gefertigt und verleiht einen Hauch von Raffinesse. \u00d6ffnet man den Rei\u00dfverschluss des Hauptfachs, entdeckt [&hellip;]<\/p>\n","protected":false},"featured_media":86433,"template":"","meta":{"_crdt_document":"","advanced_seo_description":"","jetpack_seo_html_title":"","jetpack_seo_noindex":false},"product_brand":[1907],"product_cat":[2250],"product_tag":[2346],"berocket_brand":[],"woo-feed-brand":[],"class_list":{"0":"post-86441","1":"product","2":"type-product","3":"status-publish","4":"has-post-thumbnail","6":"product_brand-montblanc","7":"product_cat-montblanc-de","8":"product_tag-brieftasche","10":"first","11":"instock","12":"sale","13":"taxable","14":"shipping-taxable","15":"purchasable","16":"product-type-simple"},"bundled_by":[],"bundle_stock_status":"instock","bundle_stock_quantity":1,"bundle_virtual":false,"bundle_layout":"","bundle_add_to_cart_form_location":"","bundle_editable_in_cart":false,"bundle_sold_individually_context":"","bundle_item_grouping":"","bundle_min_size":"","bundle_max_size":"","bundle_price":[],"bundled_items":[],"bundle_sell_ids":[],"group_of_quantity":0,"min_quantity":0,"max_quantity":"","exclude_order_quantity_value_rules":"no","exclude_category_quantity_rules":"no","combine_variations":"no","jetpack_sharing_enabled":true,"jetpack_likes_enabled":true,"_links":{"self":[{"href":"https:\/\/watchdeluxe.it\/de\/wp-json\/wp\/v2\/product\/86441","targetHints":{"allow":["GET"]}}],"collection":[{"href":"https:\/\/watchdeluxe.it\/de\/wp-json\/wp\/v2\/product"}],"about":[{"href":"https:\/\/watchdeluxe.it\/de\/wp-json\/wp\/v2\/types\/product"}],"wp:featuredmedia":[{"embeddable":true,"href":"https:\/\/watchdeluxe.it\/de\/wp-json\/wp\/v2\/media\/86433"}],"wp:attachment":[{"href":"https:\/\/watchdeluxe.it\/de\/wp-json\/wp\/v2\/media?parent=86441"}],"wp:term":[{"taxonomy":"product_brand","embeddable":true,"href":"https:\/\/watchdeluxe.it\/de\/wp-json\/wp\/v2\/product_brand?post=86441"},{"taxonomy":"product_cat","embeddable":true,"href":"https:\/\/watchdeluxe.it\/de\/wp-json\/wp\/v2\/product_cat?post=86441"},{"taxonomy":"product_tag","embeddable":true,"href":"https:\/\/watchdeluxe.it\/de\/wp-json\/wp\/v2\/product_tag?post=86441"},{"taxonomy":"berocket_brand","embeddable":true,"href":"https:\/\/watchdeluxe.it\/de\/wp-json\/wp\/v2\/berocket_brand?post=86441"},{"taxonomy":"woo-feed-brand","embeddable":true,"href":"https:\/\/watchdeluxe.it\/de\/wp-json\/wp\/v2\/woo-feed-brand?post=86441"}],"curies":[{"name":"wp","href":"https:\/\/api.w.org\/{rel}","templated":true}]}}