{"id":85198,"date":"2023-10-18T18:25:12","date_gmt":"2023-10-18T16:25:12","guid":{"rendered":"https:\/\/watchdeluxe.it\/prodotto\/rado-true-square-automatik-skeleton-ref-r27125152\/"},"modified":"2023-10-18T18:25:12","modified_gmt":"2023-10-18T16:25:12","slug":"rado-true-quadrat-automatisches-skelett-ref-r27125152","status":"publish","type":"product","link":"https:\/\/watchdeluxe.it\/de\/prodotto\/rado-true-quadrat-automatisches-skelett-ref-r27125152\/","title":{"rendered":"Rado True Square Automatik Skeleton ref. R27125152"},"content":{"rendered":"<p>Rado True Square Automatik Skeleton ref. R27125152<\/p>\n<div id=\"tab-label-additional\" class=\"data item title active\" tabindex=\"0\" role=\"tab\" data-role=\"collapsible\" data-collapsible=\"true\" aria-controls=\"additional\" aria-selected=\"false\" aria-expanded=\"true\"><a id=\"tab-label-additional-title\" class=\"data switch\" tabindex=\"-1\" href=\"https:\/\/www.rado.com\/it_it\/true-square-automatic-skeleton-r27125152.html#additional\" data-toggle=\"trigger\"> Eigenschaften <\/a><\/div>\n<div id=\"additional\" class=\"data item content\" role=\"tabpanel\" aria-labelledby=\"tab-label-additional\" data-role=\"content\" aria-hidden=\"false\">\n<div id=\"attributes-wrapper\" class=\"additional-attributes-wrapper table-wrapper\">\n<div data-role=\"collapsible\">\n<h2>Allgemein<\/h2>\n<\/div>\n<div data-role=\"content\">\n<ul>\n<li><strong>Gravur m\u00f6glich:<\/strong> Nein<\/li>\n<li><strong>Produktname:<\/strong> True Square Automatic Skeleton<\/li>\n<li><strong>SKU:<\/strong> R27125152<\/li>\n<li><strong>Geschlecht:<\/strong> Unisex<\/li>\n<\/ul>\n<\/div>\n<div data-role=\"collapsible\">\n<h2>Bewegung<\/h2>\n<\/div>\n<div data-role=\"content\">\n<ul>\n<li><strong>Uhrwerktyp:<\/strong> Automatik<\/li>\n<li><strong>Gangreserve des Uhrwerks:<\/strong> 80 Stunden<\/li>\n<li><strong>Referenz des Uhrwerks:<\/strong> 03.808.031<\/li>\n<\/ul>\n<\/div>\n<div data-role=\"collapsible\">\n<h2>Fall<\/h2>\n<\/div>\n<div data-role=\"content\">\n<ul>\n<li><strong>Geh\u00e4usematerialien:<\/strong> Hightech-Plasmakeramik, Titan<\/li>\n<li><strong>Dicke des Geh\u00e4uses:<\/strong> 9,7 mm<\/li>\n<li><strong>Wasserdichtes Geh\u00e4use:<\/strong> 5 bar (50 m)<\/li>\n<li><strong>Geh\u00e4usefarbe:<\/strong> dunkel<\/li>\n<li><strong>Geh\u00e4usegr\u00f6\u00dfe:<\/strong> 38,0 mm<\/li>\n<li><strong>Glas:<\/strong> Saphirglas mit beidseitiger Antireflexbeschichtung<\/li>\n<\/ul>\n<\/div>\n<div data-role=\"collapsible\">\n<h2>W\u00e4hlen Sie<\/h2>\n<\/div>\n<div data-role=\"content\">\n<ul>\n<li><strong>Farbe des Zifferblatts:<\/strong> Schwarz<\/li>\n<li><strong>Skelett\/Zifferblatt mit offenem Herzen:<\/strong> Ja<\/li>\n<li><strong>Das Zifferblatt hat das Datum:<\/strong> Nein<\/li>\n<li><strong>Das Zifferblatt ist mit Edelsteinen besetzt:<\/strong> Nein<\/li>\n<li><strong>Perlmutt:<\/strong> Nein<\/li>\n<\/ul>\n<\/div>\n<div data-role=\"collapsible\">\n<h2>Riemen<\/h2>\n<\/div>\n<div data-role=\"content\">\n<ul>\n<li><strong>Materialien des Armbands:<\/strong> Hightech-Plasmakeramik<\/li>\n<\/ul>\n<\/div>\n<\/div>\n<\/div>\n","protected":false},"excerpt":{"rendered":"<p>Rado True Square Automatik Skeleton ref. R27125152 Eigenschaften Allgemein Gravur m\u00f6glich: Nein Produktname: True Square Automatic Skeleton SKU: R27125152 Geschlecht: Unisex Bewegung Uhrwerktyp: Automatik Gangreserve des Uhrwerks: 80 Stunden Referenz des Uhrwerks: 03.808.031 Fall Geh\u00e4usematerialien: Hightech-Plasmakeramik, Titan Dicke des Geh\u00e4uses: 9,7 mm Wasserdichtes Geh\u00e4use: 5 bar (50 m) Geh\u00e4usefarbe: dunkel Geh\u00e4usegr\u00f6\u00dfe: 38,0 mm Glas: Saphirglas [&hellip;]<\/p>\n","protected":false},"featured_media":85194,"template":"","meta":{"_crdt_document":"","advanced_seo_description":"","jetpack_seo_html_title":"","jetpack_seo_noindex":false},"product_brand":[2157],"product_cat":[2405],"product_tag":[2523],"berocket_brand":[],"woo-feed-brand":[],"class_list":{"0":"post-85198","1":"product","2":"type-product","3":"status-publish","4":"has-post-thumbnail","6":"product_brand-rado","7":"product_cat-rado-de","8":"product_tag-wahr","10":"first","11":"instock","12":"sale","13":"taxable","14":"shipping-taxable","15":"purchasable","16":"product-type-simple"},"bundled_by":[],"bundle_stock_status":"instock","bundle_stock_quantity":1,"bundle_virtual":false,"bundle_layout":"","bundle_add_to_cart_form_location":"","bundle_editable_in_cart":false,"bundle_sold_individually_context":"","bundle_item_grouping":"","bundle_min_size":"","bundle_max_size":"","bundle_price":[],"bundled_items":[],"bundle_sell_ids":[],"group_of_quantity":0,"min_quantity":0,"max_quantity":"","exclude_order_quantity_value_rules":"no","exclude_category_quantity_rules":"no","combine_variations":"no","jetpack_sharing_enabled":true,"jetpack_likes_enabled":true,"_links":{"self":[{"href":"https:\/\/watchdeluxe.it\/de\/wp-json\/wp\/v2\/product\/85198","targetHints":{"allow":["GET"]}}],"collection":[{"href":"https:\/\/watchdeluxe.it\/de\/wp-json\/wp\/v2\/product"}],"about":[{"href":"https:\/\/watchdeluxe.it\/de\/wp-json\/wp\/v2\/types\/product"}],"wp:featuredmedia":[{"embeddable":true,"href":"https:\/\/watchdeluxe.it\/de\/wp-json\/wp\/v2\/media\/85194"}],"wp:attachment":[{"href":"https:\/\/watchdeluxe.it\/de\/wp-json\/wp\/v2\/media?parent=85198"}],"wp:term":[{"taxonomy":"product_brand","embeddable":true,"href":"https:\/\/watchdeluxe.it\/de\/wp-json\/wp\/v2\/product_brand?post=85198"},{"taxonomy":"product_cat","embeddable":true,"href":"https:\/\/watchdeluxe.it\/de\/wp-json\/wp\/v2\/product_cat?post=85198"},{"taxonomy":"product_tag","embeddable":true,"href":"https:\/\/watchdeluxe.it\/de\/wp-json\/wp\/v2\/product_tag?post=85198"},{"taxonomy":"berocket_brand","embeddable":true,"href":"https:\/\/watchdeluxe.it\/de\/wp-json\/wp\/v2\/berocket_brand?post=85198"},{"taxonomy":"woo-feed-brand","embeddable":true,"href":"https:\/\/watchdeluxe.it\/de\/wp-json\/wp\/v2\/woo-feed-brand?post=85198"}],"curies":[{"name":"wp","href":"https:\/\/api.w.org\/{rel}","templated":true}]}}