{"id":85048,"date":"2023-03-17T12:02:38","date_gmt":"2023-03-17T11:02:38","guid":{"rendered":"https:\/\/watchdeluxe.it\/prodotto\/hamilton-jazzmaster-automatikuhr-mit-offenem-herzen-h32565555\/"},"modified":"2023-03-17T12:02:38","modified_gmt":"2023-03-17T11:02:38","slug":"hamilton-uhr-jazzmaster-automatik-offenes-herz-h32565555","status":"publish","type":"product","link":"https:\/\/watchdeluxe.it\/de\/prodotto\/hamilton-uhr-jazzmaster-automatik-offenes-herz-h32565555\/","title":{"rendered":"Hamilton Jazzmaster Automatikuhr mit offenem Herzen &#8211; H32565555"},"content":{"rendered":"<div>\n<p>Herrenarmbanduhr Marke: Hamilton Modell: H32565555 Form: Rund Glasart: Saphir Schlie\u00dfe: Dornschlie\u00dfe Geh\u00e4usematerial: Edelstahl Geh\u00e4usedurchmesser: 40mm Geh\u00e4usedicke: 11mm Armbandmaterial: Lederband L\u00e4nge: Standard Armbandbreite: 20mm Armbandfarbe: Braun Zifferblattfarbe: Silber L\u00fcnettenmaterial: Edelstahl L\u00fcnettenfunktion: Station\u00e4res Uhrwerk: Automatik Wasserdichte Tiefe: 50 Meter Original Hamilton Box 2 Jahre Garantie<\/p>\n<\/div>\n<ul>\n<li>Herrenuhr.<\/li>\n<li>Analog.<\/li>\n<li>Leder.<\/li>\n<li>Schweizer Automatikuhr.<\/li>\n<li>Mit sichtbarem Mechanismus.<\/li>\n<\/ul>\n","protected":false},"excerpt":{"rendered":"<p>Herrenarmbanduhr Marke: Hamilton Modell: H32565555 Form: Rund Glasart: Saphir Schlie\u00dfe: Dornschlie\u00dfe Geh\u00e4usematerial: Edelstahl Geh\u00e4usedurchmesser: 40mm Geh\u00e4usedicke: 11mm Armbandmaterial: Lederband L\u00e4nge: Standard Armbandbreite: 20mm Armbandfarbe: Braun Zifferblattfarbe: Silber L\u00fcnettenmaterial: Edelstahl L\u00fcnettenfunktion: Station\u00e4res Uhrwerk: Automatik Wasserdichte Tiefe: 50 Meter Original Hamilton Box 2 Jahre Garantie Herrenuhr. Analog. Leder. Schweizer Automatikuhr. Mit sichtbarem Mechanismus.<\/p>\n","protected":false},"featured_media":85045,"template":"","meta":{"_crdt_document":"","advanced_seo_description":"","jetpack_seo_html_title":"","jetpack_seo_noindex":false},"product_brand":[],"product_cat":[2303],"product_tag":[2598],"berocket_brand":[],"woo-feed-brand":[],"class_list":{"0":"post-85048","1":"product","2":"type-product","3":"status-publish","4":"has-post-thumbnail","6":"product_cat-hamilton-de","7":"product_tag-jazzmaster-de","9":"first","10":"instock","11":"sale","12":"taxable","13":"shipping-taxable","14":"purchasable","15":"product-type-simple"},"bundled_by":[],"bundle_stock_status":"instock","bundle_stock_quantity":1,"bundle_virtual":false,"bundle_layout":"","bundle_add_to_cart_form_location":"","bundle_editable_in_cart":false,"bundle_sold_individually_context":"","bundle_item_grouping":"","bundle_min_size":"","bundle_max_size":"","bundle_price":[],"bundled_items":[],"bundle_sell_ids":[],"group_of_quantity":0,"min_quantity":0,"max_quantity":"","exclude_order_quantity_value_rules":"no","exclude_category_quantity_rules":"no","combine_variations":"no","jetpack_sharing_enabled":true,"jetpack_likes_enabled":true,"_links":{"self":[{"href":"https:\/\/watchdeluxe.it\/de\/wp-json\/wp\/v2\/product\/85048","targetHints":{"allow":["GET"]}}],"collection":[{"href":"https:\/\/watchdeluxe.it\/de\/wp-json\/wp\/v2\/product"}],"about":[{"href":"https:\/\/watchdeluxe.it\/de\/wp-json\/wp\/v2\/types\/product"}],"wp:featuredmedia":[{"embeddable":true,"href":"https:\/\/watchdeluxe.it\/de\/wp-json\/wp\/v2\/media\/85045"}],"wp:attachment":[{"href":"https:\/\/watchdeluxe.it\/de\/wp-json\/wp\/v2\/media?parent=85048"}],"wp:term":[{"taxonomy":"product_brand","embeddable":true,"href":"https:\/\/watchdeluxe.it\/de\/wp-json\/wp\/v2\/product_brand?post=85048"},{"taxonomy":"product_cat","embeddable":true,"href":"https:\/\/watchdeluxe.it\/de\/wp-json\/wp\/v2\/product_cat?post=85048"},{"taxonomy":"product_tag","embeddable":true,"href":"https:\/\/watchdeluxe.it\/de\/wp-json\/wp\/v2\/product_tag?post=85048"},{"taxonomy":"berocket_brand","embeddable":true,"href":"https:\/\/watchdeluxe.it\/de\/wp-json\/wp\/v2\/berocket_brand?post=85048"},{"taxonomy":"woo-feed-brand","embeddable":true,"href":"https:\/\/watchdeluxe.it\/de\/wp-json\/wp\/v2\/woo-feed-brand?post=85048"}],"curies":[{"name":"wp","href":"https:\/\/api.w.org\/{rel}","templated":true}]}}