{"id":84983,"date":"2023-03-17T19:08:19","date_gmt":"2023-03-17T18:08:19","guid":{"rendered":"https:\/\/watchdeluxe.it\/prodotto\/tag-heuer-uhr-monaco-kaliber-11-automatisch-blau-zifferblatt-39mm-caw211p-fc6356\/"},"modified":"2026-04-10T17:04:51","modified_gmt":"2026-04-10T15:04:51","slug":"tag-heuer-orologio-monaco-calibre-11-automatic-blue-dial-39mm-caw211p-fc6356","status":"publish","type":"product","link":"https:\/\/watchdeluxe.it\/de\/prodotto\/tag-heuer-orologio-monaco-calibre-11-automatic-blue-dial-39mm-caw211p-fc6356\/","title":{"rendered":"Tag Heuer Monaco Kaliber 11 BLU ref. CAW211P.FC6356"},"content":{"rendered":"<div>\n<p>Tag Heuer Monaco Kaliber 11 BLU ref. CAW211P.FC6356<\/p>\n<\/div>\n<p><strong>W\u00e4hlen Sie<\/strong><\/p>\n<p>Mattblaues Zifferblatt<br \/>\n2 versilberte Z\u00e4hler: Chronographen-Minutenz\u00e4hler bei 9 Uhr Kontinuierlicher Sekundenz\u00e4hler bei 3 Uhr<br \/>\nHorizontale facettierte polierte Stundenmarkierungen und Leuchtpunkte<br \/>\nStunden- und Minutenzeiger mit roter Linie und Leuchtmarkierungen<br \/>\nZeiger schwarze Z\u00e4hlerzeiger<br \/>\nRoter zentraler Chronographen-Sekundenzeiger<br \/>\nGepr\u00e4gtes Vintage Heuer-Logo<br \/>\nAufschrift &#8220;MONACO&#8221; und &#8220;AUTOMATIC CHRONOGRAPH CALIBRE 11&#8221; auf dem Zifferblatt<br \/>\nGedruckte Minuten<br \/>\nAbgeschr\u00e4gtes Datumsfenster bei 6 Uhr<\/p>\n<p><strong>Fall<\/strong><\/p>\n<p>Abmessungen des Geh\u00e4uses: 39 mm x 39 mm<br \/>\nGeh\u00e4use aus poliertem und satiniertem Stahl<br \/>\nL\u00fcnette aus satiniertem Stahl<br \/>\nSaphirglas<br \/>\nPolierte Stahlkrone bei 9 Uhr mit gepr\u00e4gtem poliertem Heuer-Logo<br \/>\nPolierte Stahlkn\u00f6pfe<br \/>\nGeh\u00e4useboden aus Saphirglas<br \/>\nWasserdichtigkeit: 100 Meter<\/p>\n<p><strong>Bewegung<\/strong><\/p>\n<p>TAG Heuer Kaliber 11, Made in Switzerland<br \/>\nAutomatikkaliber, schnelle Datumskorrektur<br \/>\nDurchmesser: 30 mm &#8211; 59 Lagersteine<br \/>\nSchwingungsfrequenz der Unruh: 28.800 Halbschwingungen pro Stunde (4 Hz)<br \/>\nGangreserve: ca. 40 Stunden<\/p>\n<p>Riemen<\/p>\n<p>Blaues Alligatorband<\/p>\n","protected":false},"excerpt":{"rendered":"<p>Tag Heuer Monaco Kaliber 11 BLU ref. CAW211P.FC6356 W\u00e4hlen Sie Mattblaues Zifferblatt 2 versilberte Z\u00e4hler: Chronographen-Minutenz\u00e4hler bei 9 Uhr Kontinuierlicher Sekundenz\u00e4hler bei 3 Uhr Horizontale facettierte polierte Stundenmarkierungen und Leuchtpunkte Stunden- und Minutenzeiger mit roter Linie und Leuchtmarkierungen Zeiger schwarze Z\u00e4hlerzeiger Roter zentraler Chronographen-Sekundenzeiger Gepr\u00e4gtes Vintage Heuer-Logo Aufschrift &#8220;MONACO&#8221; und &#8220;AUTOMATIC CHRONOGRAPH CALIBRE 11&#8221; auf [&hellip;]<\/p>\n","protected":false},"featured_media":170138,"template":"","meta":{"_crdt_document":"","advanced_seo_description":"","jetpack_seo_html_title":"","jetpack_seo_noindex":false},"product_brand":[],"product_cat":[1920],"product_tag":[1660],"berocket_brand":[],"woo-feed-brand":[],"class_list":{"0":"post-84983","1":"product","2":"type-product","3":"status-publish","4":"has-post-thumbnail","6":"product_cat-tag-heuer","7":"product_tag-monaco","9":"first","10":"instock","11":"sale","12":"taxable","13":"shipping-taxable","14":"purchasable","15":"product-type-simple"},"bundled_by":[],"bundle_stock_status":"instock","bundle_stock_quantity":1,"bundle_virtual":false,"bundle_layout":"","bundle_add_to_cart_form_location":"","bundle_editable_in_cart":false,"bundle_sold_individually_context":"","bundle_item_grouping":"","bundle_min_size":"","bundle_max_size":"","bundle_price":[],"bundled_items":[],"bundle_sell_ids":[],"group_of_quantity":0,"min_quantity":0,"max_quantity":"","exclude_order_quantity_value_rules":"no","exclude_category_quantity_rules":"no","combine_variations":"no","jetpack_sharing_enabled":true,"jetpack_likes_enabled":true,"_links":{"self":[{"href":"https:\/\/watchdeluxe.it\/de\/wp-json\/wp\/v2\/product\/84983","targetHints":{"allow":["GET"]}}],"collection":[{"href":"https:\/\/watchdeluxe.it\/de\/wp-json\/wp\/v2\/product"}],"about":[{"href":"https:\/\/watchdeluxe.it\/de\/wp-json\/wp\/v2\/types\/product"}],"wp:featuredmedia":[{"embeddable":true,"href":"https:\/\/watchdeluxe.it\/de\/wp-json\/wp\/v2\/media\/170138"}],"wp:attachment":[{"href":"https:\/\/watchdeluxe.it\/de\/wp-json\/wp\/v2\/media?parent=84983"}],"wp:term":[{"taxonomy":"product_brand","embeddable":true,"href":"https:\/\/watchdeluxe.it\/de\/wp-json\/wp\/v2\/product_brand?post=84983"},{"taxonomy":"product_cat","embeddable":true,"href":"https:\/\/watchdeluxe.it\/de\/wp-json\/wp\/v2\/product_cat?post=84983"},{"taxonomy":"product_tag","embeddable":true,"href":"https:\/\/watchdeluxe.it\/de\/wp-json\/wp\/v2\/product_tag?post=84983"},{"taxonomy":"berocket_brand","embeddable":true,"href":"https:\/\/watchdeluxe.it\/de\/wp-json\/wp\/v2\/berocket_brand?post=84983"},{"taxonomy":"woo-feed-brand","embeddable":true,"href":"https:\/\/watchdeluxe.it\/de\/wp-json\/wp\/v2\/woo-feed-brand?post=84983"}],"curies":[{"name":"wp","href":"https:\/\/api.w.org\/{rel}","templated":true}]}}