{"id":84879,"date":"2023-10-17T15:39:21","date_gmt":"2023-10-17T13:39:21","guid":{"rendered":"https:\/\/watchdeluxe.it\/prodotto\/hamilton-khaki-field-expedition-41-mm-ref-h70315830\/"},"modified":"2026-04-01T10:30:14","modified_gmt":"2026-04-01T08:30:14","slug":"hamilton-khaki-field-expedition-41-mm-ref-h70315830","status":"publish","type":"product","link":"https:\/\/watchdeluxe.it\/de\/prodotto\/hamilton-khaki-field-expedition-41-mm-ref-h70315830\/","title":{"rendered":"Hamilton Khaki Field Expedition 41 mm Ref. H70315830"},"content":{"rendered":"<p>Hamilton Khaki Field Expedition 41 mm Ref. H70315830<\/p>\n<ul>\n<li class=\"col col-1-2-m watch\">Referenz: H70315830<br \/>\nKaliber: H-10<br \/>\nKollektion: Khaki Field<br \/>\nUhrwerk: Automatikaufzug<br \/>\nGeh\u00e4usegr\u00f6\u00dfe: 41 mm<br \/>\nDicke (mm): 11,5<br \/>\nZifferblattfarbe: Schwarz<br \/>\nGeh\u00e4usematerial: Edelstahl<br \/>\nGlas: Saphir<br \/>\nAnsto\u00dfbreite: 20 mm<br \/>\nGangreserve: 80 Stunden<br \/>\nWasserdichtigkeit: 10 bar (100 m)<br \/>\nEntspiegelung: Ja<br \/>\nSichtboden: Ja<br \/>\nVerschraubte Krone: Ja<br \/>\nNivachron: Ja<\/li>\n<li class=\"col col-1-2-m strap\">\n<h4 aria-level=\"2\">Armband\/Riemen<\/h4>\n<p>Zubeh\u00f6r REF : H60001571<br \/>\nBandtyp : Kalbsleder<br \/>\nArt der Schnalle : Dornschlie\u00dfe<br \/>\nSchnalle Breite : 18mm<\/li>\n<\/ul>\n","protected":false},"excerpt":{"rendered":"<p>Hamilton Khaki Field Expedition 41 mm Ref. H70315830 Referenz: H70315830 Kaliber: H-10 Kollektion: Khaki Field Uhrwerk: Automatikaufzug Geh\u00e4usegr\u00f6\u00dfe: 41 mm Dicke (mm): 11,5 Zifferblattfarbe: Schwarz Geh\u00e4usematerial: Edelstahl Glas: Saphir Ansto\u00dfbreite: 20 mm Gangreserve: 80 Stunden Wasserdichtigkeit: 10 bar (100 m) Entspiegelung: Ja Sichtboden: Ja Verschraubte Krone: Ja Nivachron: Ja Armband\/Riemen Zubeh\u00f6r REF : H60001571 Bandtyp [&hellip;]<\/p>\n","protected":false},"featured_media":84874,"template":"","meta":{"_crdt_document":"","advanced_seo_description":"","jetpack_seo_html_title":"","jetpack_seo_noindex":false},"product_brand":[],"product_cat":[2303],"product_tag":[3905],"berocket_brand":[],"woo-feed-brand":[],"class_list":{"0":"post-84879","1":"product","2":"type-product","3":"status-publish","4":"has-post-thumbnail","6":"product_cat-hamilton-de","7":"product_tag-khaki-field-en-2","9":"first","10":"instock","11":"sale","12":"taxable","13":"shipping-taxable","14":"purchasable","15":"product-type-simple"},"bundled_by":[],"bundle_stock_status":"instock","bundle_stock_quantity":1,"bundle_virtual":false,"bundle_layout":"","bundle_add_to_cart_form_location":"","bundle_editable_in_cart":false,"bundle_sold_individually_context":"","bundle_item_grouping":"","bundle_min_size":"","bundle_max_size":"","bundle_price":[],"bundled_items":[],"bundle_sell_ids":[],"group_of_quantity":0,"min_quantity":0,"max_quantity":"","exclude_order_quantity_value_rules":"no","exclude_category_quantity_rules":"no","combine_variations":"no","jetpack_sharing_enabled":true,"jetpack_likes_enabled":true,"_links":{"self":[{"href":"https:\/\/watchdeluxe.it\/de\/wp-json\/wp\/v2\/product\/84879","targetHints":{"allow":["GET"]}}],"collection":[{"href":"https:\/\/watchdeluxe.it\/de\/wp-json\/wp\/v2\/product"}],"about":[{"href":"https:\/\/watchdeluxe.it\/de\/wp-json\/wp\/v2\/types\/product"}],"wp:featuredmedia":[{"embeddable":true,"href":"https:\/\/watchdeluxe.it\/de\/wp-json\/wp\/v2\/media\/84874"}],"wp:attachment":[{"href":"https:\/\/watchdeluxe.it\/de\/wp-json\/wp\/v2\/media?parent=84879"}],"wp:term":[{"taxonomy":"product_brand","embeddable":true,"href":"https:\/\/watchdeluxe.it\/de\/wp-json\/wp\/v2\/product_brand?post=84879"},{"taxonomy":"product_cat","embeddable":true,"href":"https:\/\/watchdeluxe.it\/de\/wp-json\/wp\/v2\/product_cat?post=84879"},{"taxonomy":"product_tag","embeddable":true,"href":"https:\/\/watchdeluxe.it\/de\/wp-json\/wp\/v2\/product_tag?post=84879"},{"taxonomy":"berocket_brand","embeddable":true,"href":"https:\/\/watchdeluxe.it\/de\/wp-json\/wp\/v2\/berocket_brand?post=84879"},{"taxonomy":"woo-feed-brand","embeddable":true,"href":"https:\/\/watchdeluxe.it\/de\/wp-json\/wp\/v2\/woo-feed-brand?post=84879"}],"curies":[{"name":"wp","href":"https:\/\/api.w.org\/{rel}","templated":true}]}}