{"id":84294,"date":"2023-09-30T11:55:48","date_gmt":"2023-09-30T09:55:48","guid":{"rendered":"https:\/\/watchdeluxe.it\/prodotto\/montblanc-slim-dokumententasche-meisterstueck-4810-ref-130912\/"},"modified":"2026-01-22T10:13:30","modified_gmt":"2026-01-22T09:13:30","slug":"montblanc-slim-briefcase-meisterstuck-4810-ref-130912","status":"publish","type":"product","link":"https:\/\/watchdeluxe.it\/de\/prodotto\/montblanc-slim-briefcase-meisterstuck-4810-ref-130912\/","title":{"rendered":"Montblanc Slim Dokumententasche Meisterst\u00fcck 4810 Ref. 130912"},"content":{"rendered":"<p>Montblanc Slim Dokumententasche Meisterst\u00fcck 4810 Ref. 130912<\/p>\n<p>\u00d6ffnet man das Hauptfach, bemerkt man zwei offene Taschen und zwei Taschen f\u00fcr Schreibger\u00e4te. Die Griffe der Tasche sind aus feinem Glattleder gefertigt und weisen Details auf, die von traditionellen Tintenf\u00e4ssern inspiriert sind.  <b><br \/>\nAbmessungen: 400 x 50 x H 290 mm.  <\/b><\/p>\n","protected":false},"excerpt":{"rendered":"<p>Montblanc Slim Dokumententasche Meisterst\u00fcck 4810 Ref. 130912 \u00d6ffnet man das Hauptfach, bemerkt man zwei offene Taschen und zwei Taschen f\u00fcr Schreibger\u00e4te. Die Griffe der Tasche sind aus feinem Glattleder gefertigt und weisen Details auf, die von traditionellen Tintenf\u00e4ssern inspiriert sind. Abmessungen: 400 x 50 x H 290 mm.<\/p>\n","protected":false},"featured_media":84290,"template":"","meta":{"_crdt_document":"","advanced_seo_description":"","jetpack_seo_html_title":"","jetpack_seo_noindex":false,"jetpack_post_was_ever_published":false},"product_brand":[],"product_cat":[2250],"product_tag":[2396],"berocket_brand":[],"woo-feed-brand":[],"class_list":{"0":"post-84294","1":"product","2":"type-product","3":"status-publish","4":"has-post-thumbnail","6":"product_cat-montblanc-de","7":"product_tag-taschen","9":"first","10":"instock","11":"sale","12":"taxable","13":"shipping-taxable","14":"purchasable","15":"product-type-simple"},"bundled_by":[],"bundle_stock_status":"instock","bundle_stock_quantity":1,"bundle_virtual":false,"bundle_layout":"","bundle_add_to_cart_form_location":"","bundle_editable_in_cart":false,"bundle_sold_individually_context":"","bundle_item_grouping":"","bundle_min_size":"","bundle_max_size":"","bundle_price":[],"bundled_items":[],"bundle_sell_ids":[],"group_of_quantity":0,"min_quantity":0,"max_quantity":"","exclude_order_quantity_value_rules":"no","exclude_category_quantity_rules":"no","combine_variations":"no","exclude_global_add_ons":[],"addons":[],"jetpack_sharing_enabled":true,"jetpack_likes_enabled":true,"_links":{"self":[{"href":"https:\/\/watchdeluxe.it\/de\/wp-json\/wp\/v2\/product\/84294","targetHints":{"allow":["GET"]}}],"collection":[{"href":"https:\/\/watchdeluxe.it\/de\/wp-json\/wp\/v2\/product"}],"about":[{"href":"https:\/\/watchdeluxe.it\/de\/wp-json\/wp\/v2\/types\/product"}],"wp:featuredmedia":[{"embeddable":true,"href":"https:\/\/watchdeluxe.it\/de\/wp-json\/wp\/v2\/media\/84290"}],"wp:attachment":[{"href":"https:\/\/watchdeluxe.it\/de\/wp-json\/wp\/v2\/media?parent=84294"}],"wp:term":[{"taxonomy":"product_brand","embeddable":true,"href":"https:\/\/watchdeluxe.it\/de\/wp-json\/wp\/v2\/product_brand?post=84294"},{"taxonomy":"product_cat","embeddable":true,"href":"https:\/\/watchdeluxe.it\/de\/wp-json\/wp\/v2\/product_cat?post=84294"},{"taxonomy":"product_tag","embeddable":true,"href":"https:\/\/watchdeluxe.it\/de\/wp-json\/wp\/v2\/product_tag?post=84294"},{"taxonomy":"berocket_brand","embeddable":true,"href":"https:\/\/watchdeluxe.it\/de\/wp-json\/wp\/v2\/berocket_brand?post=84294"},{"taxonomy":"woo-feed-brand","embeddable":true,"href":"https:\/\/watchdeluxe.it\/de\/wp-json\/wp\/v2\/woo-feed-brand?post=84294"}],"curies":[{"name":"wp","href":"https:\/\/api.w.org\/{rel}","templated":true}]}}