{"id":84190,"date":"2023-09-30T11:37:43","date_gmt":"2023-09-30T09:37:43","guid":{"rendered":"https:\/\/watchdeluxe.it\/prodotto\/montblanc-roller-masters-of-art-hommage-an-vincent-van-gogh-limited-edition-ref-129156\/"},"modified":"2026-01-21T18:21:07","modified_gmt":"2026-01-21T17:21:07","slug":"montblanc-roller-meister-der-kunst-heimat-vincent-van-gogh-limitierte-edition-ref-129156","status":"publish","type":"product","link":"https:\/\/watchdeluxe.it\/de\/prodotto\/montblanc-roller-meister-der-kunst-heimat-vincent-van-gogh-limitierte-edition-ref-129156\/","title":{"rendered":"Montblanc Roller Masters of Art Hommage an Vincent Van Gogh Limited Edition Ref. 129156"},"content":{"rendered":"<p>Montblanc Roller Masters of Art Hommage an Vincent Van Gogh Limited Edition Ref. 129156<\/p>\n<div class=\"overview\">\n<div class=\"short-description\">Diese Ausgabe erinnert an die Zeit, die der K\u00fcnstler in Arles verbrachte, mit dekorativen Details, die an die Weizenfelder der Provence erinnern, sowie an eines seiner ber\u00fchmtesten Gem\u00e4lde: &#8220;Sonnenblumen&#8221;. Die auf dem Korpusring eingravierte Zahl 1888 &#8211; neben Vincents Unterschrift in leuchtendem Orange &#8211; erinnert an das Jahr, in dem er nach Arles zog. Der Korpus ist in Gelb- und Oranget\u00f6nen gehalten, die an die sonnigen Landschaften S\u00fcdfrankreichs erinnern, die in Van Goghs Werken verewigt wurden. Van Gogh entwickelte einen freieren und flexibleren Stil und wurde sowohl im Umgang mit dem Pinsel als auch mit dem Spachtel ge\u00fcbt, mit dem er dickere und ungest\u00fcme Farbstriche auftrug und Werke mit &#8220;Impasto&#8221;-Malerei schuf. Der Spatel inspirierte den platinfarbenen Clip, w\u00e4hrend der gelbe Lack auf der Oberseite der Kappe an die breiten Striche erinnert. Seine Leidenschaft f\u00fcr die Pfeife, die sich in vielen seiner Selbstportr\u00e4ts widerspiegelt, ist in einem feinen Detail des Clips festgehalten: Der obere Teil ist wie ein Pfeifenkopf geformt und mit feinem gelben Harz gef\u00fcllt. Als Hommage an Vincents Vorliebe f\u00fcr traditionelle japanische Holzschnitte ist die Gesamtform von einem japanischen Schnitzmesser inspiriert, w\u00e4hrend die Kappe aus Holz gefertigt ist. 4810 St\u00fcck.<\/div>\n<\/div>\n","protected":false},"excerpt":{"rendered":"<p>Montblanc Roller Masters of Art Hommage an Vincent Van Gogh Limited Edition Ref. 129156 Diese Ausgabe erinnert an die Zeit, die der K\u00fcnstler in Arles verbrachte, mit dekorativen Details, die an die Weizenfelder der Provence erinnern, sowie an eines seiner ber\u00fchmtesten Gem\u00e4lde: &#8220;Sonnenblumen&#8221;. Die auf dem Korpusring eingravierte Zahl 1888 &#8211; neben Vincents Unterschrift in [&hellip;]<\/p>\n","protected":false},"featured_media":84184,"template":"","meta":{"_crdt_document":"","advanced_seo_description":"","jetpack_seo_html_title":"","jetpack_seo_noindex":false,"jetpack_post_was_ever_published":false},"product_brand":[],"product_cat":[2250],"product_tag":[4004],"berocket_brand":[],"woo-feed-brand":[],"class_list":{"0":"post-84190","1":"product","2":"type-product","3":"status-publish","4":"has-post-thumbnail","6":"product_cat-montblanc-de","7":"product_tag-penne-de","9":"first","10":"instock","11":"sale","12":"taxable","13":"shipping-taxable","14":"purchasable","15":"product-type-simple"},"bundled_by":[],"bundle_stock_status":"instock","bundle_stock_quantity":1,"bundle_virtual":false,"bundle_layout":"","bundle_add_to_cart_form_location":"","bundle_editable_in_cart":false,"bundle_sold_individually_context":"","bundle_item_grouping":"","bundle_min_size":"","bundle_max_size":"","bundle_price":[],"bundled_items":[],"bundle_sell_ids":[],"group_of_quantity":0,"min_quantity":0,"max_quantity":"","exclude_order_quantity_value_rules":"no","exclude_category_quantity_rules":"no","combine_variations":"no","exclude_global_add_ons":[],"addons":[],"jetpack_sharing_enabled":true,"jetpack_likes_enabled":true,"_links":{"self":[{"href":"https:\/\/watchdeluxe.it\/de\/wp-json\/wp\/v2\/product\/84190","targetHints":{"allow":["GET"]}}],"collection":[{"href":"https:\/\/watchdeluxe.it\/de\/wp-json\/wp\/v2\/product"}],"about":[{"href":"https:\/\/watchdeluxe.it\/de\/wp-json\/wp\/v2\/types\/product"}],"wp:featuredmedia":[{"embeddable":true,"href":"https:\/\/watchdeluxe.it\/de\/wp-json\/wp\/v2\/media\/84184"}],"wp:attachment":[{"href":"https:\/\/watchdeluxe.it\/de\/wp-json\/wp\/v2\/media?parent=84190"}],"wp:term":[{"taxonomy":"product_brand","embeddable":true,"href":"https:\/\/watchdeluxe.it\/de\/wp-json\/wp\/v2\/product_brand?post=84190"},{"taxonomy":"product_cat","embeddable":true,"href":"https:\/\/watchdeluxe.it\/de\/wp-json\/wp\/v2\/product_cat?post=84190"},{"taxonomy":"product_tag","embeddable":true,"href":"https:\/\/watchdeluxe.it\/de\/wp-json\/wp\/v2\/product_tag?post=84190"},{"taxonomy":"berocket_brand","embeddable":true,"href":"https:\/\/watchdeluxe.it\/de\/wp-json\/wp\/v2\/berocket_brand?post=84190"},{"taxonomy":"woo-feed-brand","embeddable":true,"href":"https:\/\/watchdeluxe.it\/de\/wp-json\/wp\/v2\/woo-feed-brand?post=84190"}],"curies":[{"name":"wp","href":"https:\/\/api.w.org\/{rel}","templated":true}]}}